{"id":28511,"date":"2023-04-28T17:49:14","date_gmt":"2023-04-28T17:49:14","guid":{"rendered":"https:\/\/vv-dev.webdev.is\/uncategorized\/product\/ellen-thettilisti-pts-ar-br-210-med-gummi-100102221\/"},"modified":"2025-01-30T17:38:33","modified_gmt":"2025-01-30T17:38:33","slug":"ellen-thettilisti-pts-ar-br-210-med-gummi-100102221","status":"publish","type":"product","link":"https:\/\/vv.webdev.is\/en\/lykillausnir\/hurdabunadur-lykillausnir\/thettlistar\/product\/ellen-thettilisti-pts-ar-br-210-med-gummi-100102221\/","title":{"rendered":"ELLEN \u00de\u00e9ttilisti PTS AR BR 210 me\u00f0 g\u00famm\u00ed 100102221"},"content":{"rendered":"","protected":false},"excerpt":{"rendered":"","protected":false},"featured_media":28509,"comment_status":"closed","ping_status":"closed","template":"","meta":[],"product_brand":[],"product_cat":[517,597,677],"product_tag":[],"class_list":{"0":"post-28511","1":"product","2":"type-product","3":"status-publish","4":"has-post-thumbnail","6":"product_cat-lykillausnir","7":"product_cat-hurdabunadur-lykillausnir","8":"product_cat-thettlistar","10":"first","11":"instock","12":"taxable","13":"shipping-taxable","14":"purchasable","15":"product-type-simple"},"_links":{"self":[{"href":"https:\/\/vv.webdev.is\/en\/wp-json\/wp\/v2\/product\/28511","targetHints":{"allow":["GET"]}}],"collection":[{"href":"https:\/\/vv.webdev.is\/en\/wp-json\/wp\/v2\/product"}],"about":[{"href":"https:\/\/vv.webdev.is\/en\/wp-json\/wp\/v2\/types\/product"}],"replies":[{"embeddable":true,"href":"https:\/\/vv.webdev.is\/en\/wp-json\/wp\/v2\/comments?post=28511"}],"wp:featuredmedia":[{"embeddable":true,"href":"https:\/\/vv.webdev.is\/en\/wp-json\/wp\/v2\/media\/28509"}],"wp:attachment":[{"href":"https:\/\/vv.webdev.is\/en\/wp-json\/wp\/v2\/media?parent=28511"}],"wp:term":[{"taxonomy":"product_brand","embeddable":true,"href":"https:\/\/vv.webdev.is\/en\/wp-json\/wp\/v2\/product_brand?post=28511"},{"taxonomy":"product_cat","embeddable":true,"href":"https:\/\/vv.webdev.is\/en\/wp-json\/wp\/v2\/product_cat?post=28511"},{"taxonomy":"product_tag","embeddable":true,"href":"https:\/\/vv.webdev.is\/en\/wp-json\/wp\/v2\/product_tag?post=28511"}],"curies":[{"name":"wp","href":"https:\/\/api.w.org\/{rel}","templated":true}]}}