{"id":28771,"date":"2023-04-28T17:49:59","date_gmt":"2023-04-28T17:49:59","guid":{"rendered":"https:\/\/vv-dev.webdev.is\/uncategorized\/product\/assa-abloy-nemef-lashus-din-prof-pz-35-24-ni-h-v-en179-9673-07-35-dr-4-splittadur-hunapinni\/"},"modified":"2025-01-30T17:40:22","modified_gmt":"2025-01-30T17:40:22","slug":"assa-abloy-nemef-lashus-din-prof-pz-35-24-ni-h-v-en179-9673-07-35-dr-4-splittadur-hunapinni","status":"publish","type":"product","link":"https:\/\/vv.webdev.is\/en\/lykillausnir\/hurdabunadur-lykillausnir\/lashus-og-sluttjarn-hurdabunadur-lykillausnir\/product\/assa-abloy-nemef-lashus-din-prof-pz-35-24-ni-h-v-en179-9673-07-35-dr-4-splittadur-hunapinni\/","title":{"rendered":"ASSA ABLOY (Nemef) L\u00e1sh\u00fas DIN Pr\u00f3f PZ 35 24 NI H\/V EN179 9673\/07-35 DR.4 splitta\u00f0ur h\u00fanapinni"},"content":{"rendered":"","protected":false},"excerpt":{"rendered":"","protected":false},"featured_media":28770,"comment_status":"closed","ping_status":"closed","template":"","meta":[],"product_brand":[],"product_cat":[517,597,671],"product_tag":[],"class_list":{"0":"post-28771","1":"product","2":"type-product","3":"status-publish","4":"has-post-thumbnail","6":"product_cat-lykillausnir","7":"product_cat-hurdabunadur-lykillausnir","8":"product_cat-lashus-og-sluttjarn-hurdabunadur-lykillausnir","10":"first","11":"instock","12":"taxable","13":"shipping-taxable","14":"purchasable","15":"product-type-simple"},"_links":{"self":[{"href":"https:\/\/vv.webdev.is\/en\/wp-json\/wp\/v2\/product\/28771","targetHints":{"allow":["GET"]}}],"collection":[{"href":"https:\/\/vv.webdev.is\/en\/wp-json\/wp\/v2\/product"}],"about":[{"href":"https:\/\/vv.webdev.is\/en\/wp-json\/wp\/v2\/types\/product"}],"replies":[{"embeddable":true,"href":"https:\/\/vv.webdev.is\/en\/wp-json\/wp\/v2\/comments?post=28771"}],"wp:featuredmedia":[{"embeddable":true,"href":"https:\/\/vv.webdev.is\/en\/wp-json\/wp\/v2\/media\/28770"}],"wp:attachment":[{"href":"https:\/\/vv.webdev.is\/en\/wp-json\/wp\/v2\/media?parent=28771"}],"wp:term":[{"taxonomy":"product_brand","embeddable":true,"href":"https:\/\/vv.webdev.is\/en\/wp-json\/wp\/v2\/product_brand?post=28771"},{"taxonomy":"product_cat","embeddable":true,"href":"https:\/\/vv.webdev.is\/en\/wp-json\/wp\/v2\/product_cat?post=28771"},{"taxonomy":"product_tag","embeddable":true,"href":"https:\/\/vv.webdev.is\/en\/wp-json\/wp\/v2\/product_tag?post=28771"}],"curies":[{"name":"wp","href":"https:\/\/api.w.org\/{rel}","templated":true}]}}