{"id":29075,"date":"2023-04-28T17:50:55","date_gmt":"2023-04-28T17:50:55","guid":{"rendered":"https:\/\/vv-dev.webdev.is\/uncategorized\/product\/jnf-butler-rydfritt-stal-in44190-golfstandur-med-wc-rullu-haldara-og-wc-bursta-haldara\/"},"modified":"2025-02-24T12:31:29","modified_gmt":"2025-02-24T12:31:29","slug":"jnf-butler-rydfritt-stal-in44190-golfstandur-med-wc-rullu-haldara-og-wc-bursta-haldara","status":"publish","type":"product","link":"https:\/\/vv.webdev.is\/en\/lykillausnir\/badherbergi-lykillausnir\/salernisburstar-badherbergi-lykillausnir\/product\/jnf-butler-rydfritt-stal-in44190-golfstandur-med-wc-rullu-haldara-og-wc-bursta-haldara\/","title":{"rendered":"JNF Kl\u00f3settr\u00falluhaldari &#038; kl\u00f3settbursti"},"content":{"rendered":"<p>H\u00e6\u00f0: 615 mm<\/p>\n<p>Efni: Ry\u00f0fr\u00edtt st\u00e1l<\/p>","protected":false},"excerpt":{"rendered":"<p>Tegund:&nbsp;IN44190&nbsp;<\/p>","protected":false},"featured_media":29073,"comment_status":"closed","ping_status":"closed","template":"","meta":[],"product_brand":[],"product_cat":[517,580,619],"product_tag":[],"class_list":{"0":"post-29075","1":"product","2":"type-product","3":"status-publish","4":"has-post-thumbnail","6":"product_cat-lykillausnir","7":"product_cat-badherbergi-lykillausnir","8":"product_cat-salernisburstar-badherbergi-lykillausnir","10":"first","11":"instock","12":"taxable","13":"shipping-taxable","14":"purchasable","15":"product-type-simple"},"_links":{"self":[{"href":"https:\/\/vv.webdev.is\/en\/wp-json\/wp\/v2\/product\/29075","targetHints":{"allow":["GET"]}}],"collection":[{"href":"https:\/\/vv.webdev.is\/en\/wp-json\/wp\/v2\/product"}],"about":[{"href":"https:\/\/vv.webdev.is\/en\/wp-json\/wp\/v2\/types\/product"}],"replies":[{"embeddable":true,"href":"https:\/\/vv.webdev.is\/en\/wp-json\/wp\/v2\/comments?post=29075"}],"wp:featuredmedia":[{"embeddable":true,"href":"https:\/\/vv.webdev.is\/en\/wp-json\/wp\/v2\/media\/29073"}],"wp:attachment":[{"href":"https:\/\/vv.webdev.is\/en\/wp-json\/wp\/v2\/media?parent=29075"}],"wp:term":[{"taxonomy":"product_brand","embeddable":true,"href":"https:\/\/vv.webdev.is\/en\/wp-json\/wp\/v2\/product_brand?post=29075"},{"taxonomy":"product_cat","embeddable":true,"href":"https:\/\/vv.webdev.is\/en\/wp-json\/wp\/v2\/product_cat?post=29075"},{"taxonomy":"product_tag","embeddable":true,"href":"https:\/\/vv.webdev.is\/en\/wp-json\/wp\/v2\/product_tag?post=29075"}],"curies":[{"name":"wp","href":"https:\/\/api.w.org\/{rel}","templated":true}]}}