{"id":29320,"date":"2023-04-28T17:51:42","date_gmt":"2023-04-28T17:51:42","guid":{"rendered":"https:\/\/vv-dev.webdev.is\/uncategorized\/product\/olivari-hurdarhandfang-planet-q-med-sylindersk-mattkr-fyrir-thyskar-laesingar-honnun-luca-casini-2006\/"},"modified":"2025-01-30T17:44:21","modified_gmt":"2025-01-30T17:44:21","slug":"olivari-hurdarhandfang-planet-q-med-sylindersk-mattkr-fyrir-thyskar-laesingar-honnun-luca-casini-2006","status":"publish","type":"product","link":"https:\/\/vv.webdev.is\/en\/lykillausnir\/hurdabunadur-lykillausnir\/hurdarhunar-hurdabunadur-lykillausnir\/product\/olivari-hurdarhandfang-planet-q-med-sylindersk-mattkr-fyrir-thyskar-laesingar-honnun-luca-casini-2006\/","title":{"rendered":"OLIVARI Hur\u00f0arhandfang PLANET Q me\u00f0 sylindersk Mattkr Fyrir \u00de\u00fdskar l\u00e6singar H\u00f6nnun: Luca Casini 2006"},"content":{"rendered":"","protected":false},"excerpt":{"rendered":"","protected":false},"featured_media":29319,"comment_status":"closed","ping_status":"closed","template":"","meta":[],"product_brand":[],"product_cat":[518,545,571,517,597,667],"product_tag":[],"class_list":{"0":"post-29320","1":"product","2":"type-product","3":"status-publish","4":"has-post-thumbnail","6":"product_cat-honnunarlausnir","7":"product_cat-hurdabunadur","8":"product_cat-hurdarhunar","9":"product_cat-lykillausnir","10":"product_cat-hurdabunadur-lykillausnir","11":"product_cat-hurdarhunar-hurdabunadur-lykillausnir","13":"first","14":"instock","15":"taxable","16":"shipping-taxable","17":"purchasable","18":"product-type-simple"},"_links":{"self":[{"href":"https:\/\/vv.webdev.is\/en\/wp-json\/wp\/v2\/product\/29320","targetHints":{"allow":["GET"]}}],"collection":[{"href":"https:\/\/vv.webdev.is\/en\/wp-json\/wp\/v2\/product"}],"about":[{"href":"https:\/\/vv.webdev.is\/en\/wp-json\/wp\/v2\/types\/product"}],"replies":[{"embeddable":true,"href":"https:\/\/vv.webdev.is\/en\/wp-json\/wp\/v2\/comments?post=29320"}],"wp:featuredmedia":[{"embeddable":true,"href":"https:\/\/vv.webdev.is\/en\/wp-json\/wp\/v2\/media\/29319"}],"wp:attachment":[{"href":"https:\/\/vv.webdev.is\/en\/wp-json\/wp\/v2\/media?parent=29320"}],"wp:term":[{"taxonomy":"product_brand","embeddable":true,"href":"https:\/\/vv.webdev.is\/en\/wp-json\/wp\/v2\/product_brand?post=29320"},{"taxonomy":"product_cat","embeddable":true,"href":"https:\/\/vv.webdev.is\/en\/wp-json\/wp\/v2\/product_cat?post=29320"},{"taxonomy":"product_tag","embeddable":true,"href":"https:\/\/vv.webdev.is\/en\/wp-json\/wp\/v2\/product_tag?post=29320"}],"curies":[{"name":"wp","href":"https:\/\/api.w.org\/{rel}","templated":true}]}}