{"id":29656,"date":"2023-04-28T17:52:44","date_gmt":"2023-04-28T17:52:44","guid":{"rendered":"https:\/\/vv-dev.webdev.is\/uncategorized\/product\/ces-lashus-din-wc-55-20-vinstri-svart-din-vinstri-fyrir-yfirfelldar-hurdir-fyrir-wc-sneril\/"},"modified":"2025-01-30T17:46:52","modified_gmt":"2025-01-30T17:46:52","slug":"ces-lashus-din-wc-55-20-vinstri-svart-din-vinstri-fyrir-yfirfelldar-hurdir-fyrir-wc-sneril","status":"publish","type":"product","link":"https:\/\/vv.webdev.is\/en\/lykillausnir\/hurdabunadur-lykillausnir\/lashus-og-sluttjarn-hurdabunadur-lykillausnir\/product\/ces-lashus-din-wc-55-20-vinstri-svart-din-vinstri-fyrir-yfirfelldar-hurdir-fyrir-wc-sneril\/","title":{"rendered":"CES L\u00e1sh\u00fas DIN WC 55 20 Vinstri Svart DIN Vinstri Fyrir yfirfelldar hur\u00f0ir Fyrir WC sneril"},"content":{"rendered":"","protected":false},"excerpt":{"rendered":"","protected":false},"featured_media":29655,"comment_status":"closed","ping_status":"closed","template":"","meta":[],"product_brand":[],"product_cat":[517,597,671],"product_tag":[],"class_list":{"0":"post-29656","1":"product","2":"type-product","3":"status-publish","4":"has-post-thumbnail","6":"product_cat-lykillausnir","7":"product_cat-hurdabunadur-lykillausnir","8":"product_cat-lashus-og-sluttjarn-hurdabunadur-lykillausnir","10":"first","11":"instock","12":"taxable","13":"shipping-taxable","14":"purchasable","15":"product-type-simple"},"_links":{"self":[{"href":"https:\/\/vv.webdev.is\/en\/wp-json\/wp\/v2\/product\/29656","targetHints":{"allow":["GET"]}}],"collection":[{"href":"https:\/\/vv.webdev.is\/en\/wp-json\/wp\/v2\/product"}],"about":[{"href":"https:\/\/vv.webdev.is\/en\/wp-json\/wp\/v2\/types\/product"}],"replies":[{"embeddable":true,"href":"https:\/\/vv.webdev.is\/en\/wp-json\/wp\/v2\/comments?post=29656"}],"wp:featuredmedia":[{"embeddable":true,"href":"https:\/\/vv.webdev.is\/en\/wp-json\/wp\/v2\/media\/29655"}],"wp:attachment":[{"href":"https:\/\/vv.webdev.is\/en\/wp-json\/wp\/v2\/media?parent=29656"}],"wp:term":[{"taxonomy":"product_brand","embeddable":true,"href":"https:\/\/vv.webdev.is\/en\/wp-json\/wp\/v2\/product_brand?post=29656"},{"taxonomy":"product_cat","embeddable":true,"href":"https:\/\/vv.webdev.is\/en\/wp-json\/wp\/v2\/product_cat?post=29656"},{"taxonomy":"product_tag","embeddable":true,"href":"https:\/\/vv.webdev.is\/en\/wp-json\/wp\/v2\/product_tag?post=29656"}],"curies":[{"name":"wp","href":"https:\/\/api.w.org\/{rel}","templated":true}]}}