{"id":29795,"date":"2023-04-28T17:53:07","date_gmt":"2023-04-28T17:53:07","guid":{"rendered":"https:\/\/vv-dev.webdev.is\/uncategorized\/product\/olivari-hurdarhandfang-lotus-q-med-lykillaufum-svart-fyrir-thyskar-laesingar-honnun-javier-lopez-2014\/"},"modified":"2025-01-30T17:47:50","modified_gmt":"2025-01-30T17:47:50","slug":"olivari-hurdarhandfang-lotus-q-med-lykillaufum-svart-fyrir-thyskar-laesingar-honnun-javier-lopez-2014","status":"publish","type":"product","link":"https:\/\/vv.webdev.is\/en\/lykillausnir\/hurdabunadur-lykillausnir\/hurdahandfong-m-lykillaufum\/product\/olivari-hurdarhandfang-lotus-q-med-lykillaufum-svart-fyrir-thyskar-laesingar-honnun-javier-lopez-2014\/","title":{"rendered":"OLIVARI Hur\u00f0arhandfang LOTUS Q me\u00f0 lykillaufum Svart Fyrir \u00de\u00fdskar l\u00e6singar H\u00f6nnun: Javier Lopez 2014"},"content":{"rendered":"","protected":false},"excerpt":{"rendered":"<p>Svart hur\u00f0arhandfang fr\u00e1 Olivari<\/p>","protected":false},"featured_media":29794,"comment_status":"closed","ping_status":"closed","template":"","meta":[],"product_brand":[],"product_cat":[517,597,918],"product_tag":[],"class_list":{"0":"post-29795","1":"product","2":"type-product","3":"status-publish","4":"has-post-thumbnail","6":"product_cat-lykillausnir","7":"product_cat-hurdabunadur-lykillausnir","8":"product_cat-hurdahandfong-m-lykillaufum","10":"first","11":"instock","12":"taxable","13":"shipping-taxable","14":"purchasable","15":"product-type-simple"},"_links":{"self":[{"href":"https:\/\/vv.webdev.is\/en\/wp-json\/wp\/v2\/product\/29795","targetHints":{"allow":["GET"]}}],"collection":[{"href":"https:\/\/vv.webdev.is\/en\/wp-json\/wp\/v2\/product"}],"about":[{"href":"https:\/\/vv.webdev.is\/en\/wp-json\/wp\/v2\/types\/product"}],"replies":[{"embeddable":true,"href":"https:\/\/vv.webdev.is\/en\/wp-json\/wp\/v2\/comments?post=29795"}],"wp:featuredmedia":[{"embeddable":true,"href":"https:\/\/vv.webdev.is\/en\/wp-json\/wp\/v2\/media\/29794"}],"wp:attachment":[{"href":"https:\/\/vv.webdev.is\/en\/wp-json\/wp\/v2\/media?parent=29795"}],"wp:term":[{"taxonomy":"product_brand","embeddable":true,"href":"https:\/\/vv.webdev.is\/en\/wp-json\/wp\/v2\/product_brand?post=29795"},{"taxonomy":"product_cat","embeddable":true,"href":"https:\/\/vv.webdev.is\/en\/wp-json\/wp\/v2\/product_cat?post=29795"},{"taxonomy":"product_tag","embeddable":true,"href":"https:\/\/vv.webdev.is\/en\/wp-json\/wp\/v2\/product_tag?post=29795"}],"curies":[{"name":"wp","href":"https:\/\/api.w.org\/{rel}","templated":true}]}}