{"id":30242,"date":"2023-04-28T17:54:23","date_gmt":"2023-04-28T17:54:23","guid":{"rendered":"https:\/\/vv-dev.webdev.is\/uncategorized\/product\/line-18-hurdarhandfang-coupe-18mm-svart-an-rosettu-7062-20-line-18-fra-randi\/"},"modified":"2025-01-30T17:51:01","modified_gmt":"2025-01-30T17:51:01","slug":"line-18-hurdarhandfang-coupe-18mm-svart-an-rosettu-7062-20-line-18-fra-randi","status":"publish","type":"product","link":"https:\/\/vv.webdev.is\/en\/lykillausnir\/hurdabunadur-lykillausnir\/hurdarhunar-hurdabunadur-lykillausnir\/product\/line-18-hurdarhandfang-coupe-18mm-svart-an-rosettu-7062-20-line-18-fra-randi\/","title":{"rendered":"Line 18 Hur\u00f0arhandfang COUPE 18mm Svart \u00e1n r\u00f3settu 7062.20 Line 18 fr\u00e1 Randi"},"content":{"rendered":"","protected":false},"excerpt":{"rendered":"","protected":false},"featured_media":30240,"comment_status":"closed","ping_status":"closed","template":"","meta":[],"product_brand":[],"product_cat":[517,597,667],"product_tag":[991],"class_list":{"0":"post-30242","1":"product","2":"type-product","3":"status-publish","4":"has-post-thumbnail","6":"product_cat-lykillausnir","7":"product_cat-hurdabunadur-lykillausnir","8":"product_cat-hurdarhunar-hurdabunadur-lykillausnir","9":"product_tag-randi","11":"first","12":"instock","13":"taxable","14":"shipping-taxable","15":"purchasable","16":"product-type-simple"},"_links":{"self":[{"href":"https:\/\/vv.webdev.is\/en\/wp-json\/wp\/v2\/product\/30242","targetHints":{"allow":["GET"]}}],"collection":[{"href":"https:\/\/vv.webdev.is\/en\/wp-json\/wp\/v2\/product"}],"about":[{"href":"https:\/\/vv.webdev.is\/en\/wp-json\/wp\/v2\/types\/product"}],"replies":[{"embeddable":true,"href":"https:\/\/vv.webdev.is\/en\/wp-json\/wp\/v2\/comments?post=30242"}],"wp:featuredmedia":[{"embeddable":true,"href":"https:\/\/vv.webdev.is\/en\/wp-json\/wp\/v2\/media\/30240"}],"wp:attachment":[{"href":"https:\/\/vv.webdev.is\/en\/wp-json\/wp\/v2\/media?parent=30242"}],"wp:term":[{"taxonomy":"product_brand","embeddable":true,"href":"https:\/\/vv.webdev.is\/en\/wp-json\/wp\/v2\/product_brand?post=30242"},{"taxonomy":"product_cat","embeddable":true,"href":"https:\/\/vv.webdev.is\/en\/wp-json\/wp\/v2\/product_cat?post=30242"},{"taxonomy":"product_tag","embeddable":true,"href":"https:\/\/vv.webdev.is\/en\/wp-json\/wp\/v2\/product_tag?post=30242"}],"curies":[{"name":"wp","href":"https:\/\/api.w.org\/{rel}","templated":true}]}}