{"id":30267,"date":"2023-04-28T17:54:29","date_gmt":"2023-04-28T17:54:29","guid":{"rendered":"https:\/\/vv-dev.webdev.is\/uncategorized\/product\/ellen-thettilisti-alhlida-the-best-6-metra-svartur-2-7mm-gap-m-limi\/"},"modified":"2025-02-18T10:45:55","modified_gmt":"2025-02-18T10:45:55","slug":"ellen-thettilisti-alhlida-the-best-6-metra-svartur-2-7mm-gap-m-limi","status":"publish","type":"product","link":"https:\/\/vv.webdev.is\/en\/lykillausnir\/hurdabunadur-lykillausnir\/thettlistar\/product\/ellen-thettilisti-alhlida-the-best-6-metra-svartur-2-7mm-gap-m-limi\/","title":{"rendered":"ELLEN \u00de\u00e9ttilisti Alhli\u00f0a &#8222;the best&#8220; 6 metra Svartur 2-7mm gap, M l\u00edmi"},"content":{"rendered":"","protected":false},"excerpt":{"rendered":"","protected":false},"featured_media":30264,"comment_status":"closed","ping_status":"closed","template":"","meta":[],"product_brand":[],"product_cat":[517,597,677],"product_tag":[],"class_list":{"0":"post-30267","1":"product","2":"type-product","3":"status-publish","4":"has-post-thumbnail","6":"product_cat-lykillausnir","7":"product_cat-hurdabunadur-lykillausnir","8":"product_cat-thettlistar","10":"first","11":"instock","12":"taxable","13":"shipping-taxable","14":"purchasable","15":"product-type-simple"},"_links":{"self":[{"href":"https:\/\/vv.webdev.is\/en\/wp-json\/wp\/v2\/product\/30267","targetHints":{"allow":["GET"]}}],"collection":[{"href":"https:\/\/vv.webdev.is\/en\/wp-json\/wp\/v2\/product"}],"about":[{"href":"https:\/\/vv.webdev.is\/en\/wp-json\/wp\/v2\/types\/product"}],"replies":[{"embeddable":true,"href":"https:\/\/vv.webdev.is\/en\/wp-json\/wp\/v2\/comments?post=30267"}],"wp:featuredmedia":[{"embeddable":true,"href":"https:\/\/vv.webdev.is\/en\/wp-json\/wp\/v2\/media\/30264"}],"wp:attachment":[{"href":"https:\/\/vv.webdev.is\/en\/wp-json\/wp\/v2\/media?parent=30267"}],"wp:term":[{"taxonomy":"product_brand","embeddable":true,"href":"https:\/\/vv.webdev.is\/en\/wp-json\/wp\/v2\/product_brand?post=30267"},{"taxonomy":"product_cat","embeddable":true,"href":"https:\/\/vv.webdev.is\/en\/wp-json\/wp\/v2\/product_cat?post=30267"},{"taxonomy":"product_tag","embeddable":true,"href":"https:\/\/vv.webdev.is\/en\/wp-json\/wp\/v2\/product_tag?post=30267"}],"curies":[{"name":"wp","href":"https:\/\/api.w.org\/{rel}","templated":true}]}}