{"id":30448,"date":"2023-04-28T17:54:58","date_gmt":"2023-04-28T17:54:58","guid":{"rendered":"https:\/\/vv-dev.webdev.is\/uncategorized\/product\/stayer-demantsskifa-ceramica-125mm-222mm-ath-ekki-rett-staerd-a-mynd\/"},"modified":"2025-01-30T17:52:32","modified_gmt":"2025-01-30T17:52:32","slug":"stayer-demantsskifa-ceramica-125mm-222mm-ath-ekki-rett-staerd-a-mynd","status":"publish","type":"product","link":"https:\/\/vv.webdev.is\/en\/verkfaeralausnir\/slipi-og-skurdarvorur\/skurdarskifur\/product\/stayer-demantsskifa-ceramica-125mm-222mm-ath-ekki-rett-staerd-a-mynd\/","title":{"rendered":"STAYER Demantssk\u00edfa Ceramica 125mm 22,2mm (Ath ekki r\u00e9tt st\u00e6r\u00f0 \u00e1 mynd)"},"content":{"rendered":"","protected":false},"excerpt":{"rendered":"","protected":false},"featured_media":30447,"comment_status":"closed","ping_status":"closed","template":"","meta":[],"product_brand":[],"product_cat":[515,593,725],"product_tag":[],"class_list":{"0":"post-30448","1":"product","2":"type-product","3":"status-publish","4":"has-post-thumbnail","6":"product_cat-verkfaeralausnir","7":"product_cat-slipi-og-skurdarvorur","8":"product_cat-skurdarskifur","10":"first","11":"instock","12":"taxable","13":"shipping-taxable","14":"purchasable","15":"product-type-simple"},"_links":{"self":[{"href":"https:\/\/vv.webdev.is\/en\/wp-json\/wp\/v2\/product\/30448","targetHints":{"allow":["GET"]}}],"collection":[{"href":"https:\/\/vv.webdev.is\/en\/wp-json\/wp\/v2\/product"}],"about":[{"href":"https:\/\/vv.webdev.is\/en\/wp-json\/wp\/v2\/types\/product"}],"replies":[{"embeddable":true,"href":"https:\/\/vv.webdev.is\/en\/wp-json\/wp\/v2\/comments?post=30448"}],"wp:featuredmedia":[{"embeddable":true,"href":"https:\/\/vv.webdev.is\/en\/wp-json\/wp\/v2\/media\/30447"}],"wp:attachment":[{"href":"https:\/\/vv.webdev.is\/en\/wp-json\/wp\/v2\/media?parent=30448"}],"wp:term":[{"taxonomy":"product_brand","embeddable":true,"href":"https:\/\/vv.webdev.is\/en\/wp-json\/wp\/v2\/product_brand?post=30448"},{"taxonomy":"product_cat","embeddable":true,"href":"https:\/\/vv.webdev.is\/en\/wp-json\/wp\/v2\/product_cat?post=30448"},{"taxonomy":"product_tag","embeddable":true,"href":"https:\/\/vv.webdev.is\/en\/wp-json\/wp\/v2\/product_tag?post=30448"}],"curies":[{"name":"wp","href":"https:\/\/api.w.org\/{rel}","templated":true}]}}