{"id":30481,"date":"2023-04-28T17:55:12","date_gmt":"2023-04-28T17:55:12","guid":{"rendered":"https:\/\/vv-dev.webdev.is\/uncategorized\/product\/fuhr-lashus-fjolpunkta-855gl-din-pz-55-20-2170mm-cc92mm-thyskur-stadall\/"},"modified":"2025-01-30T17:52:48","modified_gmt":"2025-01-30T17:52:48","slug":"fuhr-lashus-fjolpunkta-855gl-din-pz-55-20-2170mm-cc92mm-thyskur-stadall","status":"publish","type":"product","link":"https:\/\/vv.webdev.is\/en\/lykillausnir\/hurdabunadur-lykillausnir\/lashus-og-sluttjarn-hurdabunadur-lykillausnir\/product\/fuhr-lashus-fjolpunkta-855gl-din-pz-55-20-2170mm-cc92mm-thyskur-stadall\/","title":{"rendered":"FUHR L\u00e1sh\u00fas Fj\u00f6lpunkta 855GL DIN PZ 55 20 2170mm cc92mm \u00de\u00fdskur sta\u00f0all"},"content":{"rendered":"","protected":false},"excerpt":{"rendered":"","protected":false},"featured_media":30480,"comment_status":"closed","ping_status":"closed","template":"","meta":[],"product_brand":[],"product_cat":[517,597,671],"product_tag":[],"class_list":{"0":"post-30481","1":"product","2":"type-product","3":"status-publish","4":"has-post-thumbnail","6":"product_cat-lykillausnir","7":"product_cat-hurdabunadur-lykillausnir","8":"product_cat-lashus-og-sluttjarn-hurdabunadur-lykillausnir","10":"first","11":"instock","12":"taxable","13":"shipping-taxable","14":"purchasable","15":"product-type-simple"},"_links":{"self":[{"href":"https:\/\/vv.webdev.is\/en\/wp-json\/wp\/v2\/product\/30481","targetHints":{"allow":["GET"]}}],"collection":[{"href":"https:\/\/vv.webdev.is\/en\/wp-json\/wp\/v2\/product"}],"about":[{"href":"https:\/\/vv.webdev.is\/en\/wp-json\/wp\/v2\/types\/product"}],"replies":[{"embeddable":true,"href":"https:\/\/vv.webdev.is\/en\/wp-json\/wp\/v2\/comments?post=30481"}],"wp:featuredmedia":[{"embeddable":true,"href":"https:\/\/vv.webdev.is\/en\/wp-json\/wp\/v2\/media\/30480"}],"wp:attachment":[{"href":"https:\/\/vv.webdev.is\/en\/wp-json\/wp\/v2\/media?parent=30481"}],"wp:term":[{"taxonomy":"product_brand","embeddable":true,"href":"https:\/\/vv.webdev.is\/en\/wp-json\/wp\/v2\/product_brand?post=30481"},{"taxonomy":"product_cat","embeddable":true,"href":"https:\/\/vv.webdev.is\/en\/wp-json\/wp\/v2\/product_cat?post=30481"},{"taxonomy":"product_tag","embeddable":true,"href":"https:\/\/vv.webdev.is\/en\/wp-json\/wp\/v2\/product_tag?post=30481"}],"curies":[{"name":"wp","href":"https:\/\/api.w.org\/{rel}","templated":true}]}}