{"id":30656,"date":"2023-04-28T17:55:40","date_gmt":"2023-04-28T17:55:40","guid":{"rendered":"https:\/\/vv-dev.webdev.is\/uncategorized\/product\/sti-thjofavorn-fyrir-slokkvitaeki-theft-stopper\/"},"modified":"2025-01-30T17:54:48","modified_gmt":"2025-01-30T17:54:48","slug":"sti-thjofavorn-fyrir-slokkvitaeki-theft-stopper","status":"publish","type":"product","link":"https:\/\/vv.webdev.is\/en\/lykillausnir\/oryggisvorur\/eldvarnir-og-slokkvutaeki\/product\/sti-thjofavorn-fyrir-slokkvitaeki-theft-stopper\/","title":{"rendered":"STI \u00dej\u00f3fav\u00f6rn fyrir sl\u00f6kkvit\u00e6ki Theft Stopper"},"content":{"rendered":"","protected":false},"excerpt":{"rendered":"","protected":false},"featured_media":30655,"comment_status":"closed","ping_status":"closed","template":"","meta":[],"product_brand":[],"product_cat":[517,602,699],"product_tag":[],"class_list":{"0":"post-30656","1":"product","2":"type-product","3":"status-publish","4":"has-post-thumbnail","6":"product_cat-lykillausnir","7":"product_cat-oryggisvorur","8":"product_cat-eldvarnir-og-slokkvutaeki","10":"first","11":"instock","12":"taxable","13":"shipping-taxable","14":"purchasable","15":"product-type-simple"},"_links":{"self":[{"href":"https:\/\/vv.webdev.is\/en\/wp-json\/wp\/v2\/product\/30656","targetHints":{"allow":["GET"]}}],"collection":[{"href":"https:\/\/vv.webdev.is\/en\/wp-json\/wp\/v2\/product"}],"about":[{"href":"https:\/\/vv.webdev.is\/en\/wp-json\/wp\/v2\/types\/product"}],"replies":[{"embeddable":true,"href":"https:\/\/vv.webdev.is\/en\/wp-json\/wp\/v2\/comments?post=30656"}],"wp:featuredmedia":[{"embeddable":true,"href":"https:\/\/vv.webdev.is\/en\/wp-json\/wp\/v2\/media\/30655"}],"wp:attachment":[{"href":"https:\/\/vv.webdev.is\/en\/wp-json\/wp\/v2\/media?parent=30656"}],"wp:term":[{"taxonomy":"product_brand","embeddable":true,"href":"https:\/\/vv.webdev.is\/en\/wp-json\/wp\/v2\/product_brand?post=30656"},{"taxonomy":"product_cat","embeddable":true,"href":"https:\/\/vv.webdev.is\/en\/wp-json\/wp\/v2\/product_cat?post=30656"},{"taxonomy":"product_tag","embeddable":true,"href":"https:\/\/vv.webdev.is\/en\/wp-json\/wp\/v2\/product_tag?post=30656"}],"curies":[{"name":"wp","href":"https:\/\/api.w.org\/{rel}","templated":true}]}}