{"id":30779,"date":"2023-04-28T17:56:06","date_gmt":"2023-04-28T17:56:06","guid":{"rendered":"https:\/\/vv-dev.webdev.is\/uncategorized\/product\/rennsteig-rortong-s-2-srs-framleidd-i-thyskalandi-rennsteig-er-hluti-af-knipex-group\/"},"modified":"2025-01-30T17:56:24","modified_gmt":"2025-01-30T17:56:24","slug":"rennsteig-rortong-s-2-srs-framleidd-i-thyskalandi-rennsteig-er-hluti-af-knipex-group","status":"publish","type":"product","link":"https:\/\/vv.webdev.is\/en\/verkfaeralausnir\/handverkfaeri\/pipulagningarverkfaeri\/product\/rennsteig-rortong-s-2-srs-framleidd-i-thyskalandi-rennsteig-er-hluti-af-knipex-group\/","title":{"rendered":"RENNSTEIG R\u00f6rt\u00f6ng S 2&#8243; SRS Framleidd \u00ed \u00de\u00fdskalandi -Rennsteig er hluti af Knipex Group"},"content":{"rendered":"","protected":false},"excerpt":{"rendered":"<p>Tveggja handfanga t\u00f6ngS-Kjaftur45\u00b0<\/p>","protected":false},"featured_media":30778,"comment_status":"closed","ping_status":"closed","template":"","meta":[],"product_brand":[],"product_cat":[515,588,774],"product_tag":[],"class_list":{"0":"post-30779","1":"product","2":"type-product","3":"status-publish","4":"has-post-thumbnail","6":"product_cat-verkfaeralausnir","7":"product_cat-handverkfaeri","8":"product_cat-pipulagningarverkfaeri","10":"first","11":"instock","12":"taxable","13":"shipping-taxable","14":"purchasable","15":"product-type-simple"},"_links":{"self":[{"href":"https:\/\/vv.webdev.is\/en\/wp-json\/wp\/v2\/product\/30779","targetHints":{"allow":["GET"]}}],"collection":[{"href":"https:\/\/vv.webdev.is\/en\/wp-json\/wp\/v2\/product"}],"about":[{"href":"https:\/\/vv.webdev.is\/en\/wp-json\/wp\/v2\/types\/product"}],"replies":[{"embeddable":true,"href":"https:\/\/vv.webdev.is\/en\/wp-json\/wp\/v2\/comments?post=30779"}],"wp:featuredmedia":[{"embeddable":true,"href":"https:\/\/vv.webdev.is\/en\/wp-json\/wp\/v2\/media\/30778"}],"wp:attachment":[{"href":"https:\/\/vv.webdev.is\/en\/wp-json\/wp\/v2\/media?parent=30779"}],"wp:term":[{"taxonomy":"product_brand","embeddable":true,"href":"https:\/\/vv.webdev.is\/en\/wp-json\/wp\/v2\/product_brand?post=30779"},{"taxonomy":"product_cat","embeddable":true,"href":"https:\/\/vv.webdev.is\/en\/wp-json\/wp\/v2\/product_cat?post=30779"},{"taxonomy":"product_tag","embeddable":true,"href":"https:\/\/vv.webdev.is\/en\/wp-json\/wp\/v2\/product_tag?post=30779"}],"curies":[{"name":"wp","href":"https:\/\/api.w.org\/{rel}","templated":true}]}}