{"id":31237,"date":"2023-04-28T17:57:17","date_gmt":"2023-04-28T17:57:17","guid":{"rendered":"https:\/\/vv-dev.webdev.is\/uncategorized\/product\/frost-sylinderskilti-pz-din-kube-3001-rydfr-glans-f-thyskar-og-boda-laesingar\/"},"modified":"2025-02-24T15:16:59","modified_gmt":"2025-02-24T15:16:59","slug":"frost-sylinderskilti-pz-din-kube-3001-rydfr-glans-f-thyskar-og-boda-laesingar","status":"publish","type":"product","link":"https:\/\/vv.webdev.is\/en\/lykillausnir\/hurdabunadur-lykillausnir\/lykillauf-hurdabunadur-lykillausnir\/product\/frost-sylinderskilti-pz-din-kube-3001-rydfr-glans-f-thyskar-og-boda-laesingar\/","title":{"rendered":"FROST Sylinderskilti PZ DIN Kube 3001 Ry\u00f0fr Glans f.\u00de\u00fdskar og Boda l\u00e6singar"},"content":{"rendered":"","protected":false},"excerpt":{"rendered":"","protected":false},"featured_media":31236,"comment_status":"closed","ping_status":"closed","template":"","meta":[],"product_brand":[],"product_cat":[517,597,904],"product_tag":[1012],"class_list":{"0":"post-31237","1":"product","2":"type-product","3":"status-publish","4":"has-post-thumbnail","6":"product_cat-lykillausnir","7":"product_cat-hurdabunadur-lykillausnir","8":"product_cat-lykillauf-hurdabunadur-lykillausnir","9":"product_tag-frost","11":"first","12":"instock","13":"taxable","14":"shipping-taxable","15":"purchasable","16":"product-type-simple"},"_links":{"self":[{"href":"https:\/\/vv.webdev.is\/en\/wp-json\/wp\/v2\/product\/31237","targetHints":{"allow":["GET"]}}],"collection":[{"href":"https:\/\/vv.webdev.is\/en\/wp-json\/wp\/v2\/product"}],"about":[{"href":"https:\/\/vv.webdev.is\/en\/wp-json\/wp\/v2\/types\/product"}],"replies":[{"embeddable":true,"href":"https:\/\/vv.webdev.is\/en\/wp-json\/wp\/v2\/comments?post=31237"}],"wp:featuredmedia":[{"embeddable":true,"href":"https:\/\/vv.webdev.is\/en\/wp-json\/wp\/v2\/media\/31236"}],"wp:attachment":[{"href":"https:\/\/vv.webdev.is\/en\/wp-json\/wp\/v2\/media?parent=31237"}],"wp:term":[{"taxonomy":"product_brand","embeddable":true,"href":"https:\/\/vv.webdev.is\/en\/wp-json\/wp\/v2\/product_brand?post=31237"},{"taxonomy":"product_cat","embeddable":true,"href":"https:\/\/vv.webdev.is\/en\/wp-json\/wp\/v2\/product_cat?post=31237"},{"taxonomy":"product_tag","embeddable":true,"href":"https:\/\/vv.webdev.is\/en\/wp-json\/wp\/v2\/product_tag?post=31237"}],"curies":[{"name":"wp","href":"https:\/\/api.w.org\/{rel}","templated":true}]}}