{"id":31249,"date":"2023-04-28T17:57:18","date_gmt":"2023-04-28T17:57:18","guid":{"rendered":"https:\/\/vv-dev.webdev.is\/uncategorized\/product\/ssf-lashus-din-thyskur-stadall-f-profil-fyrir-euro-profile-sylinder-pz-zink-haegri-og-vinstri-30-24-92\/"},"modified":"2025-02-28T09:31:26","modified_gmt":"2025-02-28T09:31:26","slug":"ssf-lashus-din-thyskur-stadall-f-profil-fyrir-euro-profile-sylinder-pz-zink-haegri-og-vinstri-30-24-92","status":"publish","type":"product","link":"https:\/\/vv.webdev.is\/en\/lykillausnir\/hurdabunadur-lykillausnir\/lashus-og-sluttjarn-hurdabunadur-lykillausnir\/product\/ssf-lashus-din-thyskur-stadall-f-profil-fyrir-euro-profile-sylinder-pz-zink-haegri-og-vinstri-30-24-92\/","title":{"rendered":"SSF L\u00e1sh\u00fas DIN \u00de\u00fdskur sta\u00f0all f.pr\u00f3f\u00edl fyrir Euro profile sylinder PZ Zink H\u00e6gri og Vinstri 30\/24\/92"},"content":{"rendered":"","protected":false},"excerpt":{"rendered":"","protected":false},"featured_media":31248,"comment_status":"closed","ping_status":"closed","template":"","meta":[],"product_brand":[],"product_cat":[517,597,671],"product_tag":[],"class_list":{"0":"post-31249","1":"product","2":"type-product","3":"status-publish","4":"has-post-thumbnail","6":"product_cat-lykillausnir","7":"product_cat-hurdabunadur-lykillausnir","8":"product_cat-lashus-og-sluttjarn-hurdabunadur-lykillausnir","10":"first","11":"instock","12":"taxable","13":"shipping-taxable","14":"purchasable","15":"product-type-simple"},"_links":{"self":[{"href":"https:\/\/vv.webdev.is\/en\/wp-json\/wp\/v2\/product\/31249","targetHints":{"allow":["GET"]}}],"collection":[{"href":"https:\/\/vv.webdev.is\/en\/wp-json\/wp\/v2\/product"}],"about":[{"href":"https:\/\/vv.webdev.is\/en\/wp-json\/wp\/v2\/types\/product"}],"replies":[{"embeddable":true,"href":"https:\/\/vv.webdev.is\/en\/wp-json\/wp\/v2\/comments?post=31249"}],"wp:featuredmedia":[{"embeddable":true,"href":"https:\/\/vv.webdev.is\/en\/wp-json\/wp\/v2\/media\/31248"}],"wp:attachment":[{"href":"https:\/\/vv.webdev.is\/en\/wp-json\/wp\/v2\/media?parent=31249"}],"wp:term":[{"taxonomy":"product_brand","embeddable":true,"href":"https:\/\/vv.webdev.is\/en\/wp-json\/wp\/v2\/product_brand?post=31249"},{"taxonomy":"product_cat","embeddable":true,"href":"https:\/\/vv.webdev.is\/en\/wp-json\/wp\/v2\/product_cat?post=31249"},{"taxonomy":"product_tag","embeddable":true,"href":"https:\/\/vv.webdev.is\/en\/wp-json\/wp\/v2\/product_tag?post=31249"}],"curies":[{"name":"wp","href":"https:\/\/api.w.org\/{rel}","templated":true}]}}