{"id":31364,"date":"2023-04-28T17:57:37","date_gmt":"2023-04-28T17:57:37","guid":{"rendered":"https:\/\/vv-dev.webdev.is\/uncategorized\/product\/assa-abloy-hurdarhandfang-1930-epok-nikkel-hvitt\/"},"modified":"2025-01-30T18:03:12","modified_gmt":"2025-01-30T18:03:12","slug":"assa-abloy-hurdarhandfang-1930-epok-nikkel-hvitt","status":"publish","type":"product","link":"https:\/\/vv.webdev.is\/en\/lykillausnir\/hurdabunadur-lykillausnir\/hurdarhunar-hurdabunadur-lykillausnir\/product\/assa-abloy-hurdarhandfang-1930-epok-nikkel-hvitt\/","title":{"rendered":"ASSA ABLOY Hur\u00f0arhandfang 1930 Epok Nikkel\/Hv\u00edtt"},"content":{"rendered":"<p>Fyrir hur&#240;ar&#254;ykkt: 40-75mm<\/p>","protected":false},"excerpt":{"rendered":"<p>Klass\u00edskt hur\u00f0arhandfang fr\u00e1 ASSA ABLOY.<\/p>","protected":false},"featured_media":31363,"comment_status":"closed","ping_status":"closed","template":"","meta":[],"product_brand":[],"product_cat":[517,597,667],"product_tag":[],"class_list":{"0":"post-31364","1":"product","2":"type-product","3":"status-publish","4":"has-post-thumbnail","6":"product_cat-lykillausnir","7":"product_cat-hurdabunadur-lykillausnir","8":"product_cat-hurdarhunar-hurdabunadur-lykillausnir","10":"first","11":"instock","12":"taxable","13":"shipping-taxable","14":"purchasable","15":"product-type-simple"},"_links":{"self":[{"href":"https:\/\/vv.webdev.is\/en\/wp-json\/wp\/v2\/product\/31364","targetHints":{"allow":["GET"]}}],"collection":[{"href":"https:\/\/vv.webdev.is\/en\/wp-json\/wp\/v2\/product"}],"about":[{"href":"https:\/\/vv.webdev.is\/en\/wp-json\/wp\/v2\/types\/product"}],"replies":[{"embeddable":true,"href":"https:\/\/vv.webdev.is\/en\/wp-json\/wp\/v2\/comments?post=31364"}],"wp:featuredmedia":[{"embeddable":true,"href":"https:\/\/vv.webdev.is\/en\/wp-json\/wp\/v2\/media\/31363"}],"wp:attachment":[{"href":"https:\/\/vv.webdev.is\/en\/wp-json\/wp\/v2\/media?parent=31364"}],"wp:term":[{"taxonomy":"product_brand","embeddable":true,"href":"https:\/\/vv.webdev.is\/en\/wp-json\/wp\/v2\/product_brand?post=31364"},{"taxonomy":"product_cat","embeddable":true,"href":"https:\/\/vv.webdev.is\/en\/wp-json\/wp\/v2\/product_cat?post=31364"},{"taxonomy":"product_tag","embeddable":true,"href":"https:\/\/vv.webdev.is\/en\/wp-json\/wp\/v2\/product_tag?post=31364"}],"curies":[{"name":"wp","href":"https:\/\/api.w.org\/{rel}","templated":true}]}}