{"id":31439,"date":"2023-04-28T17:57:51","date_gmt":"2023-04-28T17:57:51","guid":{"rendered":"https:\/\/vv-dev.webdev.is\/uncategorized\/product\/proox-sapuskammtari-sf-140-de-fyrir-sotthreinsandi-gel-og-sapu-1-4-litra\/"},"modified":"2025-01-30T18:04:26","modified_gmt":"2025-01-30T18:04:26","slug":"proox-sapuskammtari-sf-140-de-fyrir-sotthreinsandi-gel-og-sapu-1-4-litra","status":"publish","type":"product","link":"https:\/\/vv.webdev.is\/en\/lykillausnir\/badherbergi-lykillausnir\/sapuskammtarar-badherbergi-lykillausnir\/product\/proox-sapuskammtari-sf-140-de-fyrir-sotthreinsandi-gel-og-sapu-1-4-litra\/","title":{"rendered":"PROOX S\u00e1puskammtari  1,4 L"},"content":{"rendered":"<p>Skammtari fyrir s\u00f3tthreinsiefni me\u00f0 veggfestingu. <\/p>\n<p>Ry\u00f0fr\u00edtt st\u00e1l. <\/p>\n<p>Yfirbor\u00f0 me\u00f0 f\u00ednbursta\u00f0ri uppbyggingu. <\/p>\n<p>Hl\u00edf 1,5mm \u00feykkt. <\/p>\n<p>Gata\u00f0 h\u00f6nnunarsv\u00e6\u00f0i me\u00f0 4mm borum. <\/p>\n<p>L\u00e6sing ekki s\u00fdnileg. <\/p>\n<p>Skammtast\u00f6ng \u00far ry\u00f0fr\u00edu st\u00e1li. <\/p>\n<p>H\u00e1g\u00e6\u00f0a d\u00e6la me\u00f0 afturk\u00f6llunara\u00f0ger\u00f0. <\/p>\n<p>\u00c1fyllingartunna me\u00f0 loki. <\/p>\n<p>1,4 l\u00edtra r\u00famtak.&nbsp;<\/p>","protected":false},"excerpt":{"rendered":"<p>Tegund:&nbsp;SF-140-DE<\/p>","protected":false},"featured_media":31437,"comment_status":"closed","ping_status":"closed","template":"","meta":[],"product_brand":[],"product_cat":[517,580,621],"product_tag":[],"class_list":{"0":"post-31439","1":"product","2":"type-product","3":"status-publish","4":"has-post-thumbnail","6":"product_cat-lykillausnir","7":"product_cat-badherbergi-lykillausnir","8":"product_cat-sapuskammtarar-badherbergi-lykillausnir","10":"first","11":"instock","12":"taxable","13":"shipping-taxable","14":"purchasable","15":"product-type-simple"},"_links":{"self":[{"href":"https:\/\/vv.webdev.is\/en\/wp-json\/wp\/v2\/product\/31439","targetHints":{"allow":["GET"]}}],"collection":[{"href":"https:\/\/vv.webdev.is\/en\/wp-json\/wp\/v2\/product"}],"about":[{"href":"https:\/\/vv.webdev.is\/en\/wp-json\/wp\/v2\/types\/product"}],"replies":[{"embeddable":true,"href":"https:\/\/vv.webdev.is\/en\/wp-json\/wp\/v2\/comments?post=31439"}],"wp:featuredmedia":[{"embeddable":true,"href":"https:\/\/vv.webdev.is\/en\/wp-json\/wp\/v2\/media\/31437"}],"wp:attachment":[{"href":"https:\/\/vv.webdev.is\/en\/wp-json\/wp\/v2\/media?parent=31439"}],"wp:term":[{"taxonomy":"product_brand","embeddable":true,"href":"https:\/\/vv.webdev.is\/en\/wp-json\/wp\/v2\/product_brand?post=31439"},{"taxonomy":"product_cat","embeddable":true,"href":"https:\/\/vv.webdev.is\/en\/wp-json\/wp\/v2\/product_cat?post=31439"},{"taxonomy":"product_tag","embeddable":true,"href":"https:\/\/vv.webdev.is\/en\/wp-json\/wp\/v2\/product_tag?post=31439"}],"curies":[{"name":"wp","href":"https:\/\/api.w.org\/{rel}","templated":true}]}}