{"id":32009,"date":"2023-04-28T17:59:43","date_gmt":"2023-04-28T17:59:43","guid":{"rendered":"https:\/\/vv-dev.webdev.is\/uncategorized\/product\/eka-hnifur-swede-8-orange-appelsinugult-skaft-framleiddur-i-svithjod\/"},"modified":"2025-01-30T18:12:07","modified_gmt":"2025-01-30T18:12:07","slug":"eka-hnifur-swede-8-orange-appelsinugult-skaft-framleiddur-i-svithjod","status":"publish","type":"product","link":"https:\/\/vv.webdev.is\/en\/lykillausnir\/hnifar-lykillausnir\/veidihnifar\/product\/eka-hnifur-swede-8-orange-appelsinugult-skaft-framleiddur-i-svithjod\/","title":{"rendered":"EKA Hn\u00edfur SWEDE 8 ORANGE Appels\u00ednugult skaft Framleiddur \u00ed Sv\u00ed\u00fej\u00f3\u00f0"},"content":{"rendered":"","protected":false},"excerpt":{"rendered":"","protected":false},"featured_media":32007,"comment_status":"closed","ping_status":"closed","template":"","meta":[],"product_brand":[],"product_cat":[517,833,840,601,694],"product_tag":[],"class_list":{"0":"post-32009","1":"product","2":"type-product","3":"status-publish","4":"has-post-thumbnail","6":"product_cat-lykillausnir","7":"product_cat-hnifar-lykillausnir","8":"product_cat-veidihnifar","9":"product_cat-utivistarvorur","10":"product_cat-hnifar-utivistarvorur","12":"first","13":"instock","14":"taxable","15":"shipping-taxable","16":"purchasable","17":"product-type-simple"},"_links":{"self":[{"href":"https:\/\/vv.webdev.is\/en\/wp-json\/wp\/v2\/product\/32009","targetHints":{"allow":["GET"]}}],"collection":[{"href":"https:\/\/vv.webdev.is\/en\/wp-json\/wp\/v2\/product"}],"about":[{"href":"https:\/\/vv.webdev.is\/en\/wp-json\/wp\/v2\/types\/product"}],"replies":[{"embeddable":true,"href":"https:\/\/vv.webdev.is\/en\/wp-json\/wp\/v2\/comments?post=32009"}],"wp:featuredmedia":[{"embeddable":true,"href":"https:\/\/vv.webdev.is\/en\/wp-json\/wp\/v2\/media\/32007"}],"wp:attachment":[{"href":"https:\/\/vv.webdev.is\/en\/wp-json\/wp\/v2\/media?parent=32009"}],"wp:term":[{"taxonomy":"product_brand","embeddable":true,"href":"https:\/\/vv.webdev.is\/en\/wp-json\/wp\/v2\/product_brand?post=32009"},{"taxonomy":"product_cat","embeddable":true,"href":"https:\/\/vv.webdev.is\/en\/wp-json\/wp\/v2\/product_cat?post=32009"},{"taxonomy":"product_tag","embeddable":true,"href":"https:\/\/vv.webdev.is\/en\/wp-json\/wp\/v2\/product_tag?post=32009"}],"curies":[{"name":"wp","href":"https:\/\/api.w.org\/{rel}","templated":true}]}}