{"id":32232,"date":"2023-04-28T18:00:33","date_gmt":"2023-04-28T18:00:33","guid":{"rendered":"https:\/\/vv-dev.webdev.is\/uncategorized\/product\/fsb-hurdarhandfang-1076-svart-med-lykillaufum-fyrir-boda-laesingu\/"},"modified":"2025-01-30T18:15:16","modified_gmt":"2025-01-30T18:15:16","slug":"fsb-hurdarhandfang-1076-svart-med-lykillaufum-fyrir-boda-laesingu","status":"publish","type":"product","link":"https:\/\/vv.webdev.is\/en\/lykillausnir\/hurdabunadur-lykillausnir\/hurdahandfong-m-lykillaufum\/product\/fsb-hurdarhandfang-1076-svart-med-lykillaufum-fyrir-boda-laesingu\/","title":{"rendered":"FSB Hur\u00f0arhandfang 1076 Svart me\u00f0 lykillaufum Fyrir Boda l\u00e6singu"},"content":{"rendered":"","protected":false},"excerpt":{"rendered":"<p>Svart hur\u00f0arhandfang fr\u00e1 FSB<\/p>","protected":false},"featured_media":32231,"comment_status":"closed","ping_status":"closed","template":"","meta":[],"product_brand":[],"product_cat":[517,597,918],"product_tag":[],"class_list":{"0":"post-32232","1":"product","2":"type-product","3":"status-publish","4":"has-post-thumbnail","6":"product_cat-lykillausnir","7":"product_cat-hurdabunadur-lykillausnir","8":"product_cat-hurdahandfong-m-lykillaufum","10":"first","11":"instock","12":"taxable","13":"shipping-taxable","14":"purchasable","15":"product-type-simple"},"_links":{"self":[{"href":"https:\/\/vv.webdev.is\/en\/wp-json\/wp\/v2\/product\/32232","targetHints":{"allow":["GET"]}}],"collection":[{"href":"https:\/\/vv.webdev.is\/en\/wp-json\/wp\/v2\/product"}],"about":[{"href":"https:\/\/vv.webdev.is\/en\/wp-json\/wp\/v2\/types\/product"}],"replies":[{"embeddable":true,"href":"https:\/\/vv.webdev.is\/en\/wp-json\/wp\/v2\/comments?post=32232"}],"wp:featuredmedia":[{"embeddable":true,"href":"https:\/\/vv.webdev.is\/en\/wp-json\/wp\/v2\/media\/32231"}],"wp:attachment":[{"href":"https:\/\/vv.webdev.is\/en\/wp-json\/wp\/v2\/media?parent=32232"}],"wp:term":[{"taxonomy":"product_brand","embeddable":true,"href":"https:\/\/vv.webdev.is\/en\/wp-json\/wp\/v2\/product_brand?post=32232"},{"taxonomy":"product_cat","embeddable":true,"href":"https:\/\/vv.webdev.is\/en\/wp-json\/wp\/v2\/product_cat?post=32232"},{"taxonomy":"product_tag","embeddable":true,"href":"https:\/\/vv.webdev.is\/en\/wp-json\/wp\/v2\/product_tag?post=32232"}],"curies":[{"name":"wp","href":"https:\/\/api.w.org\/{rel}","templated":true}]}}