{"id":32420,"date":"2023-04-28T18:01:17","date_gmt":"2023-04-28T18:01:17","guid":{"rendered":"https:\/\/vv-dev.webdev.is\/uncategorized\/product\/world-dryer-handthurrkublasari-a-sjalfvirkur-snertifrir-hvitur-30-sek-2100w-hljodlatur-mjog-sterkur\/"},"modified":"2025-01-30T18:17:56","modified_gmt":"2025-01-30T18:17:56","slug":"world-dryer-handthurrkublasari-a-sjalfvirkur-snertifrir-hvitur-30-sek-2100w-hljodlatur-mjog-sterkur","status":"publish","type":"product","link":"https:\/\/vv.webdev.is\/en\/lykillausnir\/badherbergi-lykillausnir\/handthurrkublasarar\/product\/world-dryer-handthurrkublasari-a-sjalfvirkur-snertifrir-hvitur-30-sek-2100w-hljodlatur-mjog-sterkur\/","title":{"rendered":"World Dryer Model A Hand\u00feurrkubl\u00e1sari"},"content":{"rendered":"<p>30 sek\u00fandna \u00feurrkt\u00edmi.<\/p>\n<p>Lengsti endingart\u00edmi allra hand\u00feurrkara.<\/p>\n<p>L\u00e6gsta hlj\u00f3\u00f0stig.<\/p>\n<p>Varanlegur og skemmdarvarinn.<\/p>\n<p>Litur: Hv\u00edtur<\/p>\n<p>H\u00f6nnun \u00ed klass\u00edskum st\u00edl.<\/p>\n<p>Virkja\u00f0ur me\u00f0 raf-v\u00e9lr\u00e6num t\u00edmam\u00e6li me\u00f0 25 Amp rofa.<\/p>\n<p>Hl\u00edf\u00f0arefni: Steypuj\u00e1rn me\u00f0 postul\u00ednsglerung.&nbsp;<\/p>\n<p>Veggfesti botninn er sm\u00ed\u00f0a\u00f0ur \u00far steyptu \u00e1li <\/p>\n<p>St\u00faturinn er sm\u00ed\u00f0a\u00f0ur \u00far steyptu sink \u00e1lfelgur me\u00f0 bj\u00f6rtu kr\u00f3mi<\/p>","protected":false},"excerpt":{"rendered":"<p>Tegund:&nbsp;GW01 20 03 00<\/p>","protected":false},"featured_media":32419,"comment_status":"closed","ping_status":"closed","template":"","meta":[],"product_brand":[],"product_cat":[517,580,613],"product_tag":[],"class_list":{"0":"post-32420","1":"product","2":"type-product","3":"status-publish","4":"has-post-thumbnail","6":"product_cat-lykillausnir","7":"product_cat-badherbergi-lykillausnir","8":"product_cat-handthurrkublasarar","10":"first","11":"instock","12":"taxable","13":"shipping-taxable","14":"purchasable","15":"product-type-simple"},"_links":{"self":[{"href":"https:\/\/vv.webdev.is\/en\/wp-json\/wp\/v2\/product\/32420","targetHints":{"allow":["GET"]}}],"collection":[{"href":"https:\/\/vv.webdev.is\/en\/wp-json\/wp\/v2\/product"}],"about":[{"href":"https:\/\/vv.webdev.is\/en\/wp-json\/wp\/v2\/types\/product"}],"replies":[{"embeddable":true,"href":"https:\/\/vv.webdev.is\/en\/wp-json\/wp\/v2\/comments?post=32420"}],"wp:featuredmedia":[{"embeddable":true,"href":"https:\/\/vv.webdev.is\/en\/wp-json\/wp\/v2\/media\/32419"}],"wp:attachment":[{"href":"https:\/\/vv.webdev.is\/en\/wp-json\/wp\/v2\/media?parent=32420"}],"wp:term":[{"taxonomy":"product_brand","embeddable":true,"href":"https:\/\/vv.webdev.is\/en\/wp-json\/wp\/v2\/product_brand?post=32420"},{"taxonomy":"product_cat","embeddable":true,"href":"https:\/\/vv.webdev.is\/en\/wp-json\/wp\/v2\/product_cat?post=32420"},{"taxonomy":"product_tag","embeddable":true,"href":"https:\/\/vv.webdev.is\/en\/wp-json\/wp\/v2\/product_tag?post=32420"}],"curies":[{"name":"wp","href":"https:\/\/api.w.org\/{rel}","templated":true}]}}