{"id":32460,"date":"2023-04-28T18:01:24","date_gmt":"2023-04-28T18:01:24","guid":{"rendered":"https:\/\/vv-dev.webdev.is\/uncategorized\/product\/fina-hurdarhandfang-l-rydfr-m-wc-setti-fyrir-thyskar-laesingar-ath-mynd-med-lykillaufum\/"},"modified":"2025-01-30T18:18:29","modified_gmt":"2025-01-30T18:18:29","slug":"fina-hurdarhandfang-l-rydfr-m-wc-setti-fyrir-thyskar-laesingar-ath-mynd-med-lykillaufum","status":"publish","type":"product","link":"https:\/\/vv.webdev.is\/en\/lykillausnir\/hurdabunadur-lykillausnir\/wc-sett-hurdabunadur-lykillausnir\/product\/fina-hurdarhandfang-l-rydfr-m-wc-setti-fyrir-thyskar-laesingar-ath-mynd-med-lykillaufum\/","title":{"rendered":"FINA Hur\u00f0arhandfang L m. Kl\u00f3settsnerilsetti f. \u00de\u00fdskar l\u00e6singar (ath mynd me\u00f0 lykillaufum)"},"content":{"rendered":"","protected":false},"excerpt":{"rendered":"","protected":false},"featured_media":32459,"comment_status":"closed","ping_status":"closed","template":"","meta":[],"product_brand":[],"product_cat":[517,597,918,903],"product_tag":[],"class_list":{"0":"post-32460","1":"product","2":"type-product","3":"status-publish","4":"has-post-thumbnail","6":"product_cat-lykillausnir","7":"product_cat-hurdabunadur-lykillausnir","8":"product_cat-hurdahandfong-m-lykillaufum","9":"product_cat-wc-sett-hurdabunadur-lykillausnir","11":"first","12":"instock","13":"taxable","14":"shipping-taxable","15":"purchasable","16":"product-type-simple"},"_links":{"self":[{"href":"https:\/\/vv.webdev.is\/en\/wp-json\/wp\/v2\/product\/32460","targetHints":{"allow":["GET"]}}],"collection":[{"href":"https:\/\/vv.webdev.is\/en\/wp-json\/wp\/v2\/product"}],"about":[{"href":"https:\/\/vv.webdev.is\/en\/wp-json\/wp\/v2\/types\/product"}],"replies":[{"embeddable":true,"href":"https:\/\/vv.webdev.is\/en\/wp-json\/wp\/v2\/comments?post=32460"}],"wp:featuredmedia":[{"embeddable":true,"href":"https:\/\/vv.webdev.is\/en\/wp-json\/wp\/v2\/media\/32459"}],"wp:attachment":[{"href":"https:\/\/vv.webdev.is\/en\/wp-json\/wp\/v2\/media?parent=32460"}],"wp:term":[{"taxonomy":"product_brand","embeddable":true,"href":"https:\/\/vv.webdev.is\/en\/wp-json\/wp\/v2\/product_brand?post=32460"},{"taxonomy":"product_cat","embeddable":true,"href":"https:\/\/vv.webdev.is\/en\/wp-json\/wp\/v2\/product_cat?post=32460"},{"taxonomy":"product_tag","embeddable":true,"href":"https:\/\/vv.webdev.is\/en\/wp-json\/wp\/v2\/product_tag?post=32460"}],"curies":[{"name":"wp","href":"https:\/\/api.w.org\/{rel}","templated":true}]}}