{"id":32603,"date":"2023-04-28T18:01:48","date_gmt":"2023-04-28T18:01:48","guid":{"rendered":"https:\/\/vv-dev.webdev.is\/uncategorized\/product\/habo-hurdarhandfang-130-2991-p-nikkel-svart-med-lykillaufum-fyrir-assa-og-boda-laesingar\/"},"modified":"2025-02-21T15:31:02","modified_gmt":"2025-02-21T15:31:02","slug":"habo-hurdarhandfang-130-2991-p-nikkel-svart-med-lykillaufum-fyrir-assa-og-boda-laesingar","status":"publish","type":"product","link":"https:\/\/vv.webdev.is\/en\/lykillausnir\/hurdabunadur-lykillausnir\/hurdahandfong-m-lykillaufum\/product\/habo-hurdarhandfang-130-2991-p-nikkel-svart-med-lykillaufum-fyrir-assa-og-boda-laesingar\/","title":{"rendered":"HABO Miami Hur\u00f0arhandfang Svart UTANDYRA Fyrir ASSA &#8211;"},"content":{"rendered":"<p>Fullkomi\u00f0 hur\u00f0arhandfang \u00far \u00e1li fyrir \u00fatihur\u00f0ir.<\/p>\n<p>Fullkomi\u00f0 fyrir sk\u00fara, sumarh\u00fas, b\u00edlsk\u00fara o.fl. <\/p>\n<p>Hentar fyrir hur\u00f0ar\u00feykkt 30-80 mm<\/p>","protected":false},"excerpt":{"rendered":"<p>Tegund:&nbsp;19834<\/p>","protected":false},"featured_media":70535,"comment_status":"closed","ping_status":"closed","template":"","meta":[],"product_brand":[],"product_cat":[517,597,918],"product_tag":[],"class_list":{"0":"post-32603","1":"product","2":"type-product","3":"status-publish","4":"has-post-thumbnail","6":"product_cat-lykillausnir","7":"product_cat-hurdabunadur-lykillausnir","8":"product_cat-hurdahandfong-m-lykillaufum","10":"first","11":"instock","12":"taxable","13":"shipping-taxable","14":"purchasable","15":"product-type-simple"},"_links":{"self":[{"href":"https:\/\/vv.webdev.is\/en\/wp-json\/wp\/v2\/product\/32603","targetHints":{"allow":["GET"]}}],"collection":[{"href":"https:\/\/vv.webdev.is\/en\/wp-json\/wp\/v2\/product"}],"about":[{"href":"https:\/\/vv.webdev.is\/en\/wp-json\/wp\/v2\/types\/product"}],"replies":[{"embeddable":true,"href":"https:\/\/vv.webdev.is\/en\/wp-json\/wp\/v2\/comments?post=32603"}],"wp:featuredmedia":[{"embeddable":true,"href":"https:\/\/vv.webdev.is\/en\/wp-json\/wp\/v2\/media\/70535"}],"wp:attachment":[{"href":"https:\/\/vv.webdev.is\/en\/wp-json\/wp\/v2\/media?parent=32603"}],"wp:term":[{"taxonomy":"product_brand","embeddable":true,"href":"https:\/\/vv.webdev.is\/en\/wp-json\/wp\/v2\/product_brand?post=32603"},{"taxonomy":"product_cat","embeddable":true,"href":"https:\/\/vv.webdev.is\/en\/wp-json\/wp\/v2\/product_cat?post=32603"},{"taxonomy":"product_tag","embeddable":true,"href":"https:\/\/vv.webdev.is\/en\/wp-json\/wp\/v2\/product_tag?post=32603"}],"curies":[{"name":"wp","href":"https:\/\/api.w.org\/{rel}","templated":true}]}}