{"id":32786,"date":"2023-04-28T18:02:30","date_gmt":"2023-04-28T18:02:30","guid":{"rendered":"https:\/\/vv-dev.webdev.is\/uncategorized\/product\/randi-hurdarhandfang-kome-rydfritt-stal-fyrir-assa-boda-laesingar\/"},"modified":"2025-01-30T18:22:42","modified_gmt":"2025-01-30T18:22:42","slug":"randi-hurdarhandfang-kome-rydfritt-stal-fyrir-assa-boda-laesingar","status":"publish","type":"product","link":"https:\/\/vv.webdev.is\/en\/lykillausnir\/hurdabunadur-lykillausnir\/hurdarhunar-hurdabunadur-lykillausnir\/product\/randi-hurdarhandfang-kome-rydfritt-stal-fyrir-assa-boda-laesingar\/","title":{"rendered":"RANDI Hur\u00f0arhandfang Kom\u00e9 Ry\u00f0fr\u00edtt st\u00e1l fyrir ASSA\/Boda l\u00e6singar"},"content":{"rendered":"<p>V&#246;rul&#237;na: Randi-Line Design<\/p>\n<p>H&#246;nnun: C.F. M&#246;ller.<\/p>\n<p>&#193;fer&#240;: Ry&#240;fr&#237;tt st&#225;l<\/p>\n<p>Hur&#240;ar&#254;ykkt:&#160;34-58mm, f&#225;anlegt fyrir allt a&#240; 82mm<\/p>\n<p>Lengd milli festingargata r&#243;settu: 30mm<\/p>\n<p>R&#243;settur fylgja me&#240; handfanginu.<\/p>\n<p>&#160;<\/p>\n<p><strong>N&#225;nar:<\/strong><\/p>\n<p>Kom&#233; er hanna&#240; af arkitektastofunni C.F. M&#246;ller Architects.<br \/> Handfanginu er &#230;tla&#240; a&#240; vera st&#237;lhreint, fallegt og me&#240; fram&#250;rskarandi virkni og notagildi.<\/p>","protected":false},"excerpt":{"rendered":"<p>Fallegt hur\u00f0arhandfang fr\u00e1 Randi-Line Design, hanna\u00f0 af C.F. M\u00f6ller.<\/p>","protected":false},"featured_media":32785,"comment_status":"closed","ping_status":"closed","template":"","meta":[],"product_brand":[],"product_cat":[518,545,571,517,597,667],"product_tag":[991],"class_list":{"0":"post-32786","1":"product","2":"type-product","3":"status-publish","4":"has-post-thumbnail","6":"product_cat-honnunarlausnir","7":"product_cat-hurdabunadur","8":"product_cat-hurdarhunar","9":"product_cat-lykillausnir","10":"product_cat-hurdabunadur-lykillausnir","11":"product_cat-hurdarhunar-hurdabunadur-lykillausnir","12":"product_tag-randi","14":"first","15":"instock","16":"taxable","17":"shipping-taxable","18":"purchasable","19":"product-type-simple"},"_links":{"self":[{"href":"https:\/\/vv.webdev.is\/en\/wp-json\/wp\/v2\/product\/32786","targetHints":{"allow":["GET"]}}],"collection":[{"href":"https:\/\/vv.webdev.is\/en\/wp-json\/wp\/v2\/product"}],"about":[{"href":"https:\/\/vv.webdev.is\/en\/wp-json\/wp\/v2\/types\/product"}],"replies":[{"embeddable":true,"href":"https:\/\/vv.webdev.is\/en\/wp-json\/wp\/v2\/comments?post=32786"}],"wp:featuredmedia":[{"embeddable":true,"href":"https:\/\/vv.webdev.is\/en\/wp-json\/wp\/v2\/media\/32785"}],"wp:attachment":[{"href":"https:\/\/vv.webdev.is\/en\/wp-json\/wp\/v2\/media?parent=32786"}],"wp:term":[{"taxonomy":"product_brand","embeddable":true,"href":"https:\/\/vv.webdev.is\/en\/wp-json\/wp\/v2\/product_brand?post=32786"},{"taxonomy":"product_cat","embeddable":true,"href":"https:\/\/vv.webdev.is\/en\/wp-json\/wp\/v2\/product_cat?post=32786"},{"taxonomy":"product_tag","embeddable":true,"href":"https:\/\/vv.webdev.is\/en\/wp-json\/wp\/v2\/product_tag?post=32786"}],"curies":[{"name":"wp","href":"https:\/\/api.w.org\/{rel}","templated":true}]}}