{"id":32829,"date":"2023-04-28T18:02:39","date_gmt":"2023-04-28T18:02:39","guid":{"rendered":"https:\/\/vv-dev.webdev.is\/uncategorized\/product\/tecnoline-hurdarhandfang-gropus-krom-svart-hald-m-kantadri-ros-fyrir-thyskar-laesingar-rong-mynd\/"},"modified":"2025-01-30T18:23:16","modified_gmt":"2025-01-30T18:23:16","slug":"tecnoline-hurdarhandfang-gropus-krom-svart-hald-m-kantadri-ros-fyrir-thyskar-laesingar-rong-mynd","status":"publish","type":"product","link":"https:\/\/vv.webdev.is\/en\/lykillausnir\/hurdabunadur-lykillausnir\/hurdarhunar-hurdabunadur-lykillausnir\/product\/tecnoline-hurdarhandfang-gropus-krom-svart-hald-m-kantadri-ros-fyrir-thyskar-laesingar-rong-mynd\/","title":{"rendered":"TECNOLINE Hur\u00f0arhandfang Gropus Kr\u00f3m\/Svart hald m.kanta\u00f0ri r\u00f3s Fyrir \u00de\u00fdskar l\u00e6singar (r\u00f6ng mynd)"},"content":{"rendered":"","protected":false},"excerpt":{"rendered":"","protected":false},"featured_media":32827,"comment_status":"closed","ping_status":"closed","template":"","meta":[],"product_brand":[],"product_cat":[518,545,571,517,597,667],"product_tag":[],"class_list":{"0":"post-32829","1":"product","2":"type-product","3":"status-publish","4":"has-post-thumbnail","6":"product_cat-honnunarlausnir","7":"product_cat-hurdabunadur","8":"product_cat-hurdarhunar","9":"product_cat-lykillausnir","10":"product_cat-hurdabunadur-lykillausnir","11":"product_cat-hurdarhunar-hurdabunadur-lykillausnir","13":"first","14":"instock","15":"taxable","16":"shipping-taxable","17":"purchasable","18":"product-type-simple"},"_links":{"self":[{"href":"https:\/\/vv.webdev.is\/en\/wp-json\/wp\/v2\/product\/32829","targetHints":{"allow":["GET"]}}],"collection":[{"href":"https:\/\/vv.webdev.is\/en\/wp-json\/wp\/v2\/product"}],"about":[{"href":"https:\/\/vv.webdev.is\/en\/wp-json\/wp\/v2\/types\/product"}],"replies":[{"embeddable":true,"href":"https:\/\/vv.webdev.is\/en\/wp-json\/wp\/v2\/comments?post=32829"}],"wp:featuredmedia":[{"embeddable":true,"href":"https:\/\/vv.webdev.is\/en\/wp-json\/wp\/v2\/media\/32827"}],"wp:attachment":[{"href":"https:\/\/vv.webdev.is\/en\/wp-json\/wp\/v2\/media?parent=32829"}],"wp:term":[{"taxonomy":"product_brand","embeddable":true,"href":"https:\/\/vv.webdev.is\/en\/wp-json\/wp\/v2\/product_brand?post=32829"},{"taxonomy":"product_cat","embeddable":true,"href":"https:\/\/vv.webdev.is\/en\/wp-json\/wp\/v2\/product_cat?post=32829"},{"taxonomy":"product_tag","embeddable":true,"href":"https:\/\/vv.webdev.is\/en\/wp-json\/wp\/v2\/product_tag?post=32829"}],"curies":[{"name":"wp","href":"https:\/\/api.w.org\/{rel}","templated":true}]}}