{"id":33078,"date":"2023-04-28T18:03:24","date_gmt":"2023-04-28T18:03:24","guid":{"rendered":"https:\/\/vv-dev.webdev.is\/uncategorized\/product\/ces-syl-sn-ep-40x40mm-ct-svartur-lokadur-profill-med-snerli-fyrir-aldrada-fatlada-ekki-rett-mynd\/"},"modified":"2025-02-21T08:30:28","modified_gmt":"2025-02-21T08:30:28","slug":"ces-syl-sn-ep-40x40mm-ct-svartur-lokadur-profill-med-snerli-fyrir-aldrada-fatlada-ekki-rett-mynd","status":"publish","type":"product","link":"https:\/\/vv.webdev.is\/en\/lykillausnir\/hurdabunadur-lykillausnir\/sylinder\/product\/ces-syl-sn-ep-40x40mm-ct-svartur-lokadur-profill-med-snerli-fyrir-aldrada-fatlada-ekki-rett-mynd\/","title":{"rendered":"CES Syl\/Sn EP 40x40mm CT Svartur Loka\u00f0ur pr\u00f3f\u00edll Me\u00f0 snerli fyrir aldra\u00f0a\/fatla\u00f0a (ekki r\u00e9tt mynd)"},"content":{"rendered":"","protected":false},"excerpt":{"rendered":"","protected":false},"featured_media":33076,"comment_status":"closed","ping_status":"closed","template":"","meta":[],"product_brand":[],"product_cat":[517,597,676],"product_tag":[],"class_list":{"0":"post-33078","1":"product","2":"type-product","3":"status-publish","4":"has-post-thumbnail","6":"product_cat-lykillausnir","7":"product_cat-hurdabunadur-lykillausnir","8":"product_cat-sylinder","10":"first","11":"instock","12":"taxable","13":"shipping-taxable","14":"purchasable","15":"product-type-simple"},"_links":{"self":[{"href":"https:\/\/vv.webdev.is\/en\/wp-json\/wp\/v2\/product\/33078","targetHints":{"allow":["GET"]}}],"collection":[{"href":"https:\/\/vv.webdev.is\/en\/wp-json\/wp\/v2\/product"}],"about":[{"href":"https:\/\/vv.webdev.is\/en\/wp-json\/wp\/v2\/types\/product"}],"replies":[{"embeddable":true,"href":"https:\/\/vv.webdev.is\/en\/wp-json\/wp\/v2\/comments?post=33078"}],"wp:featuredmedia":[{"embeddable":true,"href":"https:\/\/vv.webdev.is\/en\/wp-json\/wp\/v2\/media\/33076"}],"wp:attachment":[{"href":"https:\/\/vv.webdev.is\/en\/wp-json\/wp\/v2\/media?parent=33078"}],"wp:term":[{"taxonomy":"product_brand","embeddable":true,"href":"https:\/\/vv.webdev.is\/en\/wp-json\/wp\/v2\/product_brand?post=33078"},{"taxonomy":"product_cat","embeddable":true,"href":"https:\/\/vv.webdev.is\/en\/wp-json\/wp\/v2\/product_cat?post=33078"},{"taxonomy":"product_tag","embeddable":true,"href":"https:\/\/vv.webdev.is\/en\/wp-json\/wp\/v2\/product_tag?post=33078"}],"curies":[{"name":"wp","href":"https:\/\/api.w.org\/{rel}","templated":true}]}}