{"id":33218,"date":"2023-04-28T18:03:47","date_gmt":"2023-04-28T18:03:47","guid":{"rendered":"https:\/\/vv-dev.webdev.is\/uncategorized\/product\/proox-ruslafata-31-litra-rydfr-pu-200-breidd-300mm-haed-520mm-dypt-200mm-pu-200\/"},"modified":"2025-01-30T18:28:06","modified_gmt":"2025-01-30T18:28:06","slug":"proox-ruslafata-31-litra-rydfr-pu-200-breidd-300mm-haed-520mm-dypt-200mm-pu-200","status":"publish","type":"product","link":"https:\/\/vv.webdev.is\/en\/lykillausnir\/heimilid-lykillausnir\/ruslafotur-heimilid-lykillausnir\/product\/proox-ruslafata-31-litra-rydfr-pu-200-breidd-300mm-haed-520mm-dypt-200mm-pu-200\/","title":{"rendered":"PROOX Ruslafata 31 L"},"content":{"rendered":"<p>Sorp\u00edl\u00e1t fyrir veggfestingu. <\/p>\n<p>Ry\u00f0fr\u00edtt st\u00e1l. <\/p>\n<p>Yfirbor\u00f0 me\u00f0 f\u00ednbursta\u00f0ri uppbyggingu. <\/p>\n<p>Hl\u00edf 1,5mm \u00feykkt. <\/p>\n<p>Gata\u00f0 h\u00f6nnunarsv\u00e6\u00f0i me\u00f0 4mm borum. <\/p>\n<p>Innbygg\u00f0ur pokahaldari. <\/p>\n<p>31 l\u00edtra r\u00famtak. <\/p>\n<p>\u00dear me\u00f0 tali\u00f0 ry\u00f0fr\u00edu st\u00e1li skr\u00fafur og innstungur. <\/p>\n<p>Breidd: 300 mm <\/p>\n<p>H\u00e6\u00f0: 520 mm <\/p>\n<p>D\u00fdpt: 200 mm<\/p>","protected":false},"excerpt":{"rendered":"<p>Tegund: PU-200<\/p>","protected":false},"featured_media":33216,"comment_status":"closed","ping_status":"closed","template":"","meta":[],"product_brand":[],"product_cat":[517,895,901],"product_tag":[],"class_list":{"0":"post-33218","1":"product","2":"type-product","3":"status-publish","4":"has-post-thumbnail","6":"product_cat-lykillausnir","7":"product_cat-heimilid-lykillausnir","8":"product_cat-ruslafotur-heimilid-lykillausnir","10":"first","11":"instock","12":"taxable","13":"shipping-taxable","14":"purchasable","15":"product-type-simple"},"_links":{"self":[{"href":"https:\/\/vv.webdev.is\/en\/wp-json\/wp\/v2\/product\/33218","targetHints":{"allow":["GET"]}}],"collection":[{"href":"https:\/\/vv.webdev.is\/en\/wp-json\/wp\/v2\/product"}],"about":[{"href":"https:\/\/vv.webdev.is\/en\/wp-json\/wp\/v2\/types\/product"}],"replies":[{"embeddable":true,"href":"https:\/\/vv.webdev.is\/en\/wp-json\/wp\/v2\/comments?post=33218"}],"wp:featuredmedia":[{"embeddable":true,"href":"https:\/\/vv.webdev.is\/en\/wp-json\/wp\/v2\/media\/33216"}],"wp:attachment":[{"href":"https:\/\/vv.webdev.is\/en\/wp-json\/wp\/v2\/media?parent=33218"}],"wp:term":[{"taxonomy":"product_brand","embeddable":true,"href":"https:\/\/vv.webdev.is\/en\/wp-json\/wp\/v2\/product_brand?post=33218"},{"taxonomy":"product_cat","embeddable":true,"href":"https:\/\/vv.webdev.is\/en\/wp-json\/wp\/v2\/product_cat?post=33218"},{"taxonomy":"product_tag","embeddable":true,"href":"https:\/\/vv.webdev.is\/en\/wp-json\/wp\/v2\/product_tag?post=33218"}],"curies":[{"name":"wp","href":"https:\/\/api.w.org\/{rel}","templated":true}]}}