{"id":33254,"date":"2023-04-28T18:03:54","date_gmt":"2023-04-28T18:03:54","guid":{"rendered":"https:\/\/vv-dev.webdev.is\/uncategorized\/product\/frost-sapuskammtari-quadra-rydfr-vegg-q3045-196-10\/"},"modified":"2025-02-24T15:17:27","modified_gmt":"2025-02-24T15:17:27","slug":"frost-sapuskammtari-quadra-rydfr-vegg-q3045-196-10","status":"publish","type":"product","link":"https:\/\/vv.webdev.is\/en\/lykillausnir\/badherbergi-lykillausnir\/sapuskammtarar-badherbergi-lykillausnir\/product\/frost-sapuskammtari-quadra-rydfr-vegg-q3045-196-10\/","title":{"rendered":"FROST Quadra S\u00e1puskammtari"},"content":{"rendered":"<p>200ml<\/p>\n<p>Veggfestur.<\/p>\n<p>Plast\u00edl\u00e1t.<\/p>\n<p>Fyrir PH hlutlausa hands\u00e1pu.&nbsp;<\/p>\n<p>CC: 110mm<\/p>\n<p>D\u00fdpt: 100 mm<\/p>\n<p>H\u00e6\u00f0: 196 mm<\/p>\n<p>Breidd: 60 mm<\/p>\n<p>\u00deyngd: 1,3 kg.<\/p>\n<p>H\u00f6nnun: B\u00f8nnelycke MDD<\/p>\n<p>Efni: Ry\u00f0fr\u00edtt st\u00e1l<\/p>\n<p>Litur: Matt svartur<\/p>","protected":false},"excerpt":{"rendered":"<p>Tegund: Q3045.196.10<\/p>","protected":false},"featured_media":61203,"comment_status":"closed","ping_status":"closed","template":"","meta":[],"product_brand":[],"product_cat":[517,580,621],"product_tag":[1012],"class_list":{"0":"post-33254","1":"product","2":"type-product","3":"status-publish","4":"has-post-thumbnail","6":"product_cat-lykillausnir","7":"product_cat-badherbergi-lykillausnir","8":"product_cat-sapuskammtarar-badherbergi-lykillausnir","9":"product_tag-frost","11":"first","12":"instock","13":"taxable","14":"shipping-taxable","15":"purchasable","16":"product-type-simple"},"_links":{"self":[{"href":"https:\/\/vv.webdev.is\/en\/wp-json\/wp\/v2\/product\/33254","targetHints":{"allow":["GET"]}}],"collection":[{"href":"https:\/\/vv.webdev.is\/en\/wp-json\/wp\/v2\/product"}],"about":[{"href":"https:\/\/vv.webdev.is\/en\/wp-json\/wp\/v2\/types\/product"}],"replies":[{"embeddable":true,"href":"https:\/\/vv.webdev.is\/en\/wp-json\/wp\/v2\/comments?post=33254"}],"wp:featuredmedia":[{"embeddable":true,"href":"https:\/\/vv.webdev.is\/en\/wp-json\/wp\/v2\/media\/61203"}],"wp:attachment":[{"href":"https:\/\/vv.webdev.is\/en\/wp-json\/wp\/v2\/media?parent=33254"}],"wp:term":[{"taxonomy":"product_brand","embeddable":true,"href":"https:\/\/vv.webdev.is\/en\/wp-json\/wp\/v2\/product_brand?post=33254"},{"taxonomy":"product_cat","embeddable":true,"href":"https:\/\/vv.webdev.is\/en\/wp-json\/wp\/v2\/product_cat?post=33254"},{"taxonomy":"product_tag","embeddable":true,"href":"https:\/\/vv.webdev.is\/en\/wp-json\/wp\/v2\/product_tag?post=33254"}],"curies":[{"name":"wp","href":"https:\/\/api.w.org\/{rel}","templated":true}]}}