{"id":33405,"date":"2023-04-28T18:04:26","date_gmt":"2023-04-28T18:04:26","guid":{"rendered":"https:\/\/vv-dev.webdev.is\/uncategorized\/product\/heibi-metall-husnumer-nr-2-max-xxl-30cm-rydfr\/"},"modified":"2025-01-30T18:30:47","modified_gmt":"2025-01-30T18:30:47","slug":"heibi-metall-husnumer-nr-2-max-xxl-30cm-rydfr","status":"publish","type":"product","link":"https:\/\/vv.webdev.is\/en\/lykillausnir\/hurdabunadur-lykillausnir\/husnumer-hurdabunadur-lykillausnir\/product\/heibi-metall-husnumer-nr-2-max-xxl-30cm-rydfr\/","title":{"rendered":"HEIBI Metall H\u00fasn\u00famer nr 2 MAX XXL 30cm Ry\u00f0fr"},"content":{"rendered":"","protected":false},"excerpt":{"rendered":"","protected":false},"featured_media":33404,"comment_status":"closed","ping_status":"closed","template":"","meta":[],"product_brand":[],"product_cat":[517,597,670],"product_tag":[],"class_list":{"0":"post-33405","1":"product","2":"type-product","3":"status-publish","4":"has-post-thumbnail","6":"product_cat-lykillausnir","7":"product_cat-hurdabunadur-lykillausnir","8":"product_cat-husnumer-hurdabunadur-lykillausnir","10":"first","11":"instock","12":"taxable","13":"shipping-taxable","14":"purchasable","15":"product-type-simple"},"_links":{"self":[{"href":"https:\/\/vv.webdev.is\/en\/wp-json\/wp\/v2\/product\/33405","targetHints":{"allow":["GET"]}}],"collection":[{"href":"https:\/\/vv.webdev.is\/en\/wp-json\/wp\/v2\/product"}],"about":[{"href":"https:\/\/vv.webdev.is\/en\/wp-json\/wp\/v2\/types\/product"}],"replies":[{"embeddable":true,"href":"https:\/\/vv.webdev.is\/en\/wp-json\/wp\/v2\/comments?post=33405"}],"wp:featuredmedia":[{"embeddable":true,"href":"https:\/\/vv.webdev.is\/en\/wp-json\/wp\/v2\/media\/33404"}],"wp:attachment":[{"href":"https:\/\/vv.webdev.is\/en\/wp-json\/wp\/v2\/media?parent=33405"}],"wp:term":[{"taxonomy":"product_brand","embeddable":true,"href":"https:\/\/vv.webdev.is\/en\/wp-json\/wp\/v2\/product_brand?post=33405"},{"taxonomy":"product_cat","embeddable":true,"href":"https:\/\/vv.webdev.is\/en\/wp-json\/wp\/v2\/product_cat?post=33405"},{"taxonomy":"product_tag","embeddable":true,"href":"https:\/\/vv.webdev.is\/en\/wp-json\/wp\/v2\/product_tag?post=33405"}],"curies":[{"name":"wp","href":"https:\/\/api.w.org\/{rel}","templated":true}]}}