{"id":33489,"date":"2023-04-28T18:04:43","date_gmt":"2023-04-28T18:04:43","guid":{"rendered":"https:\/\/vv-dev.webdev.is\/uncategorized\/product\/assa-sylinder-1301n-3-eins\/"},"modified":"2025-03-04T14:46:10","modified_gmt":"2025-03-04T14:46:10","slug":"assa-sylinder-1301n-3-eins","status":"publish","type":"product","link":"https:\/\/vv.webdev.is\/en\/lykillausnir\/hurdabunadur-lykillausnir\/sylinder\/product\/assa-sylinder-1301n-3-eins\/","title":{"rendered":"ASSA ABLOY Sylinder 1301N 3 eins sylindrar me\u00f0 5 lyklum"},"content":{"rendered":"<h2 style=\"margin-block: 0.5rem 1rem; line-height: 1.2;\"><span style=\"font-size: 14px;\">Eiginleikar v\u00f6ru<\/span><br \/><\/h2>\n<p style=\"margin-block: 0px 0.9rem;\">1301 sylinderv\u00f6rul\u00ednan fr\u00e1 Assa Abloy er einkaleyfisvarin h\u00f6nnun. Sylindrarnir eru hanna\u00f0ir fyrir mikla notkun \u00ed heimah\u00fasum og atvinnuh\u00fasn\u00e6\u00f0i og sannarlega h\u00e6gt a\u00f0 m\u00e6la me\u00f0 notkun \u00feeirra \u00ed allar ger\u00f0ir hur\u00f0a.<\/p>\n<p style=\"margin-block: 0px 0.9rem;\">\u00deessi sylinderh\u00f6nnun virkar \u00feannig a\u00f0 s\u00e1 sem er me\u00f0 lykil sem passar sylindri getur l\u00e1ti\u00f0 skera n\u00fdjan lykil sem gengur a\u00f0 sylindrinum.&nbsp;<\/p>\n<p style=\"margin-block: 0px 0.9rem;\">1301 sylinderinn er spor\u00f6skjulaga og \u00e6tla\u00f0ur til a\u00f0 sitja \u00e1 utanver\u00f0ri hur\u00f0 (a\u00f0 innan er oft snerill)<\/p>\n<ul style=\"margin-block: 0px; border: 0px; outline: 0px; vertical-align: baseline; background-image: initial; background-position: initial; background-size: initial; background-repeat: initial; background-attachment: initial; background-origin: initial; background-clip: initial;\">\n<li style=\"margin-block: 0px; border: 0px; outline: 0px; vertical-align: baseline; background-image: initial; background-position: initial; background-size: initial; background-repeat: initial; background-attachment: initial; background-origin: initial; background-clip: initial;\">Uppfyllir kr\u00f6fur samkv\u00e6mt SSF 3522, klass 3\/EN1303 Grade 6<\/li>\n<li style=\"margin-block: 0px; border: 0px; outline: 0px; vertical-align: baseline; background-image: initial; background-position: initial; background-size: initial; background-repeat: initial; background-attachment: initial; background-origin: initial; background-clip: initial;\">Varinn gegn innbrotum.<\/li>\n<li style=\"margin-block: 0px; border: 0px; outline: 0px; vertical-align: baseline; background-image: initial; background-position: initial; background-size: initial; background-repeat: initial; background-attachment: initial; background-origin: initial; background-clip: initial;\">H\u00e6gt a\u00f0 nota me\u00f0 hengil\u00e1sum.<\/li>\n<li style=\"margin-block: 0px; border: 0px; outline: 0px; vertical-align: baseline; background-image: initial; background-position: initial; background-size: initial; background-repeat: initial; background-attachment: initial; background-origin: initial; background-clip: initial;\"><\/li>\n<\/ul>\n<p style=\"margin-block: 0px 0.9rem;\">Litur: Nikkel<\/p>\n<p style=\"margin-block: 0px 0.9rem;\">L\u00e6singarflokkur: 3 (grade 6)<\/p>","protected":false},"excerpt":{"rendered":"<p>3 x eins sylindrar og tilheyrandi lyklar fr\u00e1 ASSA ABLOY.<\/p>","protected":false},"featured_media":33488,"comment_status":"closed","ping_status":"closed","template":"","meta":[],"product_brand":[],"product_cat":[517,597,676],"product_tag":[],"class_list":{"0":"post-33489","1":"product","2":"type-product","3":"status-publish","4":"has-post-thumbnail","6":"product_cat-lykillausnir","7":"product_cat-hurdabunadur-lykillausnir","8":"product_cat-sylinder","10":"first","11":"instock","12":"taxable","13":"shipping-taxable","14":"purchasable","15":"product-type-simple"},"_links":{"self":[{"href":"https:\/\/vv.webdev.is\/en\/wp-json\/wp\/v2\/product\/33489","targetHints":{"allow":["GET"]}}],"collection":[{"href":"https:\/\/vv.webdev.is\/en\/wp-json\/wp\/v2\/product"}],"about":[{"href":"https:\/\/vv.webdev.is\/en\/wp-json\/wp\/v2\/types\/product"}],"replies":[{"embeddable":true,"href":"https:\/\/vv.webdev.is\/en\/wp-json\/wp\/v2\/comments?post=33489"}],"wp:featuredmedia":[{"embeddable":true,"href":"https:\/\/vv.webdev.is\/en\/wp-json\/wp\/v2\/media\/33488"}],"wp:attachment":[{"href":"https:\/\/vv.webdev.is\/en\/wp-json\/wp\/v2\/media?parent=33489"}],"wp:term":[{"taxonomy":"product_brand","embeddable":true,"href":"https:\/\/vv.webdev.is\/en\/wp-json\/wp\/v2\/product_brand?post=33489"},{"taxonomy":"product_cat","embeddable":true,"href":"https:\/\/vv.webdev.is\/en\/wp-json\/wp\/v2\/product_cat?post=33489"},{"taxonomy":"product_tag","embeddable":true,"href":"https:\/\/vv.webdev.is\/en\/wp-json\/wp\/v2\/product_tag?post=33489"}],"curies":[{"name":"wp","href":"https:\/\/api.w.org\/{rel}","templated":true}]}}