{"id":33572,"date":"2023-04-28T18:05:06","date_gmt":"2023-04-28T18:05:06","guid":{"rendered":"https:\/\/vv-dev.webdev.is\/uncategorized\/product\/d-line-lykillauf-snapon-rydfr-snapon-par-f-assa-boda-og-thyskar-laesingar\/"},"modified":"2025-03-05T14:00:32","modified_gmt":"2025-03-05T14:00:32","slug":"d-line-lykillauf-snapon-rydfr-snapon-par-f-assa-boda-og-thyskar-laesingar","status":"publish","type":"product","link":"https:\/\/vv.webdev.is\/en\/lykillausnir\/hurdabunadur-lykillausnir\/lykillauf-hurdabunadur-lykillausnir\/product\/d-line-lykillauf-snapon-rydfr-snapon-par-f-assa-boda-og-thyskar-laesingar\/","title":{"rendered":"d line Lykillauf Snapon Ry\u00f0fr Snapon Par f.ASSA\/Boda og \u00de\u00fdskar l\u00e6singar"},"content":{"rendered":"","protected":false},"excerpt":{"rendered":"","protected":false},"featured_media":33571,"comment_status":"closed","ping_status":"closed","template":"","meta":[],"product_brand":[],"product_cat":[517,597,904],"product_tag":[848],"class_list":{"0":"post-33572","1":"product","2":"type-product","3":"status-publish","4":"has-post-thumbnail","6":"product_cat-lykillausnir","7":"product_cat-hurdabunadur-lykillausnir","8":"product_cat-lykillauf-hurdabunadur-lykillausnir","9":"product_tag-dline","11":"first","12":"instock","13":"taxable","14":"shipping-taxable","15":"purchasable","16":"product-type-simple"},"_links":{"self":[{"href":"https:\/\/vv.webdev.is\/en\/wp-json\/wp\/v2\/product\/33572","targetHints":{"allow":["GET"]}}],"collection":[{"href":"https:\/\/vv.webdev.is\/en\/wp-json\/wp\/v2\/product"}],"about":[{"href":"https:\/\/vv.webdev.is\/en\/wp-json\/wp\/v2\/types\/product"}],"replies":[{"embeddable":true,"href":"https:\/\/vv.webdev.is\/en\/wp-json\/wp\/v2\/comments?post=33572"}],"wp:featuredmedia":[{"embeddable":true,"href":"https:\/\/vv.webdev.is\/en\/wp-json\/wp\/v2\/media\/33571"}],"wp:attachment":[{"href":"https:\/\/vv.webdev.is\/en\/wp-json\/wp\/v2\/media?parent=33572"}],"wp:term":[{"taxonomy":"product_brand","embeddable":true,"href":"https:\/\/vv.webdev.is\/en\/wp-json\/wp\/v2\/product_brand?post=33572"},{"taxonomy":"product_cat","embeddable":true,"href":"https:\/\/vv.webdev.is\/en\/wp-json\/wp\/v2\/product_cat?post=33572"},{"taxonomy":"product_tag","embeddable":true,"href":"https:\/\/vv.webdev.is\/en\/wp-json\/wp\/v2\/product_tag?post=33572"}],"curies":[{"name":"wp","href":"https:\/\/api.w.org\/{rel}","templated":true}]}}