{"id":34228,"date":"2023-06-07T14:16:43","date_gmt":"2023-06-07T14:16:43","guid":{"rendered":"https:\/\/vv-dev.webdev.is\/uncategorized\/product\/dorma-halda-tog-i-cc300x32mm-al-verd-pr-stk-ath-aferd-ekki-rett-a-mynd\/"},"modified":"2025-01-30T18:40:44","modified_gmt":"2025-01-30T18:40:44","slug":"dorma-halda-tog-i-cc300x32mm-al-verd-pr-stk-ath-aferd-ekki-rett-a-mynd","status":"publish","type":"product","link":"https:\/\/vv.webdev.is\/en\/lykillausnir\/hurdabunadur-lykillausnir\/gripholdur-hurdabunadur-lykillausnir\/product\/dorma-halda-tog-i-cc300x32mm-al-verd-pr-stk-ath-aferd-ekki-rett-a-mynd\/","title":{"rendered":"DORMA Halda Tog I- cc300x32mm \u00c1l Ver\u00f0 pr STK (Ath \u00e1fer\u00f0 ekki r\u00e9tt \u00e1 mynd)"},"content":{"rendered":"","protected":false},"excerpt":{"rendered":"","protected":false},"featured_media":34227,"comment_status":"closed","ping_status":"closed","template":"","meta":[],"product_brand":[],"product_cat":[517,597,659],"product_tag":[],"class_list":{"0":"post-34228","1":"product","2":"type-product","3":"status-publish","4":"has-post-thumbnail","6":"product_cat-lykillausnir","7":"product_cat-hurdabunadur-lykillausnir","8":"product_cat-gripholdur-hurdabunadur-lykillausnir","10":"first","11":"instock","12":"taxable","13":"shipping-taxable","14":"purchasable","15":"product-type-simple"},"_links":{"self":[{"href":"https:\/\/vv.webdev.is\/en\/wp-json\/wp\/v2\/product\/34228","targetHints":{"allow":["GET"]}}],"collection":[{"href":"https:\/\/vv.webdev.is\/en\/wp-json\/wp\/v2\/product"}],"about":[{"href":"https:\/\/vv.webdev.is\/en\/wp-json\/wp\/v2\/types\/product"}],"replies":[{"embeddable":true,"href":"https:\/\/vv.webdev.is\/en\/wp-json\/wp\/v2\/comments?post=34228"}],"wp:featuredmedia":[{"embeddable":true,"href":"https:\/\/vv.webdev.is\/en\/wp-json\/wp\/v2\/media\/34227"}],"wp:attachment":[{"href":"https:\/\/vv.webdev.is\/en\/wp-json\/wp\/v2\/media?parent=34228"}],"wp:term":[{"taxonomy":"product_brand","embeddable":true,"href":"https:\/\/vv.webdev.is\/en\/wp-json\/wp\/v2\/product_brand?post=34228"},{"taxonomy":"product_cat","embeddable":true,"href":"https:\/\/vv.webdev.is\/en\/wp-json\/wp\/v2\/product_cat?post=34228"},{"taxonomy":"product_tag","embeddable":true,"href":"https:\/\/vv.webdev.is\/en\/wp-json\/wp\/v2\/product_tag?post=34228"}],"curies":[{"name":"wp","href":"https:\/\/api.w.org\/{rel}","templated":true}]}}