{"id":34804,"date":"2023-06-07T14:18:55","date_gmt":"2023-06-07T14:18:55","guid":{"rendered":"https:\/\/vv-dev.webdev.is\/uncategorized\/product\/frost-nova2-snagi-6-mattur-gull-2-stk\/"},"modified":"2025-02-28T10:34:58","modified_gmt":"2025-02-28T10:34:58","slug":"frost-nova2-snagi-6-mattur-gull-2-stk","status":"publish","type":"product","link":"https:\/\/vv.webdev.is\/en\/lykillausnir\/heimilid-lykillausnir\/snagar-heimilid-lykillausnir\/product\/frost-nova2-snagi-6-mattur-gull-2-stk\/","title":{"rendered":"FROST NOVA2 Snagi 6 &#8211; Mattur gull (2 stk)"},"content":{"rendered":"<p>D&#253;pt: 27mm<br \/> &#222;verm&#225;l: &#216;16\/24mm<br \/> &#222;yngd: 0,2 kg.<br \/> H&#246;nnun: B&#248;nnelycke mdd<br \/> Efni: Ry&#240;fr&#237;tt st&#225;l<br \/> Litur: Mattur gull (messing)<\/p>\n<p>Lei&#240;beiningar um uppsetningu m&#225; finna&#160;<a href=\"https:\/\/www.frost.dk\/productfiles\/N19011N19012_X19011_1.pdf\">h&#233;r<\/a>.<\/p>","protected":false},"excerpt":{"rendered":"<p>St\u00edlhreinir snagar fr\u00e1 FROST \u00far NOVA2 v\u00f6rul\u00ednunni. H\u00e6gt a\u00f0 nota \u00e1 ba\u00f0herbergi, eldh\u00fasi, ganginum o.s.frv. 2stk saman. <br><br \/>\n<br><br \/>\nSnagarnir eru framleiddir \u00ed \u00e1fer\u00f0unum: Ry\u00f0fr\u00edtt st\u00e1l, p\u00f3lera\u00f0 st\u00e1l, kopar, mattkopar, gull (messing), mattgull (mattmessing), hv\u00edtt, svart, mattsvart.<\/p>","protected":false},"featured_media":34803,"comment_status":"closed","ping_status":"closed","template":"","meta":[],"product_brand":[],"product_cat":[518,543,825,517,895,896],"product_tag":[1012,1014],"class_list":{"0":"post-34804","1":"product","2":"type-product","3":"status-publish","4":"has-post-thumbnail","6":"product_cat-honnunarlausnir","7":"product_cat-fataskipulag-honnunarlausnir","8":"product_cat-snagar-fataskipulag-honnunarlausnir","9":"product_cat-lykillausnir","10":"product_cat-heimilid-lykillausnir","11":"product_cat-snagar-heimilid-lykillausnir","12":"product_tag-frost","13":"product_tag-frostsnagar","15":"first","16":"instock","17":"taxable","18":"shipping-taxable","19":"purchasable","20":"product-type-simple"},"_links":{"self":[{"href":"https:\/\/vv.webdev.is\/en\/wp-json\/wp\/v2\/product\/34804","targetHints":{"allow":["GET"]}}],"collection":[{"href":"https:\/\/vv.webdev.is\/en\/wp-json\/wp\/v2\/product"}],"about":[{"href":"https:\/\/vv.webdev.is\/en\/wp-json\/wp\/v2\/types\/product"}],"replies":[{"embeddable":true,"href":"https:\/\/vv.webdev.is\/en\/wp-json\/wp\/v2\/comments?post=34804"}],"wp:featuredmedia":[{"embeddable":true,"href":"https:\/\/vv.webdev.is\/en\/wp-json\/wp\/v2\/media\/34803"}],"wp:attachment":[{"href":"https:\/\/vv.webdev.is\/en\/wp-json\/wp\/v2\/media?parent=34804"}],"wp:term":[{"taxonomy":"product_brand","embeddable":true,"href":"https:\/\/vv.webdev.is\/en\/wp-json\/wp\/v2\/product_brand?post=34804"},{"taxonomy":"product_cat","embeddable":true,"href":"https:\/\/vv.webdev.is\/en\/wp-json\/wp\/v2\/product_cat?post=34804"},{"taxonomy":"product_tag","embeddable":true,"href":"https:\/\/vv.webdev.is\/en\/wp-json\/wp\/v2\/product_tag?post=34804"}],"curies":[{"name":"wp","href":"https:\/\/api.w.org\/{rel}","templated":true}]}}