{"id":34954,"date":"2023-06-07T14:19:24","date_gmt":"2023-06-07T14:19:24","guid":{"rendered":"https:\/\/vv-dev.webdev.is\/uncategorized\/product\/frost-hurdarh-kube-1006-rf-glans-kantadur-f-assa-thyskar-laesingar\/"},"modified":"2025-02-24T15:17:59","modified_gmt":"2025-02-24T15:17:59","slug":"frost-hurdarh-kube-1006-rf-glans-kantadur-f-assa-thyskar-laesingar","status":"publish","type":"product","link":"https:\/\/vv.webdev.is\/en\/lykillausnir\/hurdabunadur-lykillausnir\/hurdarhunar-hurdabunadur-lykillausnir\/product\/frost-hurdarh-kube-1006-rf-glans-kantadur-f-assa-thyskar-laesingar\/","title":{"rendered":"FROST Hur\u00f0arh Kube 1006 Rf Glans KANTA\u00d0UR F.ASSA + \u00de\u00fdskar l\u00e6singar"},"content":{"rendered":"","protected":false},"excerpt":{"rendered":"","protected":false},"featured_media":34953,"comment_status":"closed","ping_status":"closed","template":"","meta":[],"product_brand":[],"product_cat":[517,597,667],"product_tag":[1012],"class_list":{"0":"post-34954","1":"product","2":"type-product","3":"status-publish","4":"has-post-thumbnail","6":"product_cat-lykillausnir","7":"product_cat-hurdabunadur-lykillausnir","8":"product_cat-hurdarhunar-hurdabunadur-lykillausnir","9":"product_tag-frost","11":"first","12":"instock","13":"taxable","14":"shipping-taxable","15":"purchasable","16":"product-type-simple"},"_links":{"self":[{"href":"https:\/\/vv.webdev.is\/en\/wp-json\/wp\/v2\/product\/34954","targetHints":{"allow":["GET"]}}],"collection":[{"href":"https:\/\/vv.webdev.is\/en\/wp-json\/wp\/v2\/product"}],"about":[{"href":"https:\/\/vv.webdev.is\/en\/wp-json\/wp\/v2\/types\/product"}],"replies":[{"embeddable":true,"href":"https:\/\/vv.webdev.is\/en\/wp-json\/wp\/v2\/comments?post=34954"}],"wp:featuredmedia":[{"embeddable":true,"href":"https:\/\/vv.webdev.is\/en\/wp-json\/wp\/v2\/media\/34953"}],"wp:attachment":[{"href":"https:\/\/vv.webdev.is\/en\/wp-json\/wp\/v2\/media?parent=34954"}],"wp:term":[{"taxonomy":"product_brand","embeddable":true,"href":"https:\/\/vv.webdev.is\/en\/wp-json\/wp\/v2\/product_brand?post=34954"},{"taxonomy":"product_cat","embeddable":true,"href":"https:\/\/vv.webdev.is\/en\/wp-json\/wp\/v2\/product_cat?post=34954"},{"taxonomy":"product_tag","embeddable":true,"href":"https:\/\/vv.webdev.is\/en\/wp-json\/wp\/v2\/product_tag?post=34954"}],"curies":[{"name":"wp","href":"https:\/\/api.w.org\/{rel}","templated":true}]}}