{"id":34956,"date":"2023-06-07T14:19:24","date_gmt":"2023-06-07T14:19:24","guid":{"rendered":"https:\/\/vv-dev.webdev.is\/uncategorized\/product\/mauer-takkalas-ellcam-svartur-h-v-fastur-kodi-hjukrunarheimili-ofl\/"},"modified":"2025-01-30T18:44:47","modified_gmt":"2025-01-30T18:44:47","slug":"mauer-takkalas-ellcam-svartur-h-v-fastur-kodi-hjukrunarheimili-ofl","status":"publish","type":"product","link":"https:\/\/vv.webdev.is\/en\/lykillausnir\/heimilid-lykillausnir\/skapalaesingar-heimilid-lykillausnir\/product\/mauer-takkalas-ellcam-svartur-h-v-fastur-kodi-hjukrunarheimili-ofl\/","title":{"rendered":"MAUER Takkal\u00e1s ELLCAM Svartur H\/V Fastur k\u00f3\u00f0i (Hj\u00fakrunarheimili ofl)"},"content":{"rendered":"","protected":false},"excerpt":{"rendered":"","protected":false},"featured_media":34955,"comment_status":"closed","ping_status":"closed","template":"","meta":[],"product_brand":[],"product_cat":[517,895,897],"product_tag":[],"class_list":{"0":"post-34956","1":"product","2":"type-product","3":"status-publish","4":"has-post-thumbnail","6":"product_cat-lykillausnir","7":"product_cat-heimilid-lykillausnir","8":"product_cat-skapalaesingar-heimilid-lykillausnir","10":"first","11":"instock","12":"taxable","13":"shipping-taxable","14":"purchasable","15":"product-type-simple"},"_links":{"self":[{"href":"https:\/\/vv.webdev.is\/en\/wp-json\/wp\/v2\/product\/34956","targetHints":{"allow":["GET"]}}],"collection":[{"href":"https:\/\/vv.webdev.is\/en\/wp-json\/wp\/v2\/product"}],"about":[{"href":"https:\/\/vv.webdev.is\/en\/wp-json\/wp\/v2\/types\/product"}],"replies":[{"embeddable":true,"href":"https:\/\/vv.webdev.is\/en\/wp-json\/wp\/v2\/comments?post=34956"}],"wp:featuredmedia":[{"embeddable":true,"href":"https:\/\/vv.webdev.is\/en\/wp-json\/wp\/v2\/media\/34955"}],"wp:attachment":[{"href":"https:\/\/vv.webdev.is\/en\/wp-json\/wp\/v2\/media?parent=34956"}],"wp:term":[{"taxonomy":"product_brand","embeddable":true,"href":"https:\/\/vv.webdev.is\/en\/wp-json\/wp\/v2\/product_brand?post=34956"},{"taxonomy":"product_cat","embeddable":true,"href":"https:\/\/vv.webdev.is\/en\/wp-json\/wp\/v2\/product_cat?post=34956"},{"taxonomy":"product_tag","embeddable":true,"href":"https:\/\/vv.webdev.is\/en\/wp-json\/wp\/v2\/product_tag?post=34956"}],"curies":[{"name":"wp","href":"https:\/\/api.w.org\/{rel}","templated":true}]}}