{"id":35013,"date":"2023-06-07T14:19:37","date_gmt":"2023-06-07T14:19:37","guid":{"rendered":"https:\/\/vv-dev.webdev.is\/uncategorized\/product\/sibes-hurdarhandfang-341-bellevue-glansmessing-natturulegt-med-lykillaufum-fyrir-assa-og-boda-laesing\/"},"modified":"2025-01-30T18:45:07","modified_gmt":"2025-01-30T18:45:07","slug":"sibes-hurdarhandfang-341-bellevue-glansmessing-natturulegt-med-lykillaufum-fyrir-assa-og-boda-laesing","status":"publish","type":"product","link":"https:\/\/vv.webdev.is\/en\/lykillausnir\/hurdabunadur-lykillausnir\/hurdahandfong-m-lykillaufum\/product\/sibes-hurdarhandfang-341-bellevue-glansmessing-natturulegt-med-lykillaufum-fyrir-assa-og-boda-laesing\/","title":{"rendered":"SIBES Hur\u00f0arhandfang 341 Bellevue Glansmessing N\u00e1tt\u00farulegt me\u00f0 lykillaufum Fyrir ASSA og Boda l\u00e6sing"},"content":{"rendered":"","protected":false},"excerpt":{"rendered":"","protected":false},"featured_media":35012,"comment_status":"closed","ping_status":"closed","template":"","meta":[],"product_brand":[],"product_cat":[517,597,918],"product_tag":[],"class_list":{"0":"post-35013","1":"product","2":"type-product","3":"status-publish","4":"has-post-thumbnail","6":"product_cat-lykillausnir","7":"product_cat-hurdabunadur-lykillausnir","8":"product_cat-hurdahandfong-m-lykillaufum","10":"first","11":"instock","12":"taxable","13":"shipping-taxable","14":"purchasable","15":"product-type-simple"},"_links":{"self":[{"href":"https:\/\/vv.webdev.is\/en\/wp-json\/wp\/v2\/product\/35013","targetHints":{"allow":["GET"]}}],"collection":[{"href":"https:\/\/vv.webdev.is\/en\/wp-json\/wp\/v2\/product"}],"about":[{"href":"https:\/\/vv.webdev.is\/en\/wp-json\/wp\/v2\/types\/product"}],"replies":[{"embeddable":true,"href":"https:\/\/vv.webdev.is\/en\/wp-json\/wp\/v2\/comments?post=35013"}],"wp:featuredmedia":[{"embeddable":true,"href":"https:\/\/vv.webdev.is\/en\/wp-json\/wp\/v2\/media\/35012"}],"wp:attachment":[{"href":"https:\/\/vv.webdev.is\/en\/wp-json\/wp\/v2\/media?parent=35013"}],"wp:term":[{"taxonomy":"product_brand","embeddable":true,"href":"https:\/\/vv.webdev.is\/en\/wp-json\/wp\/v2\/product_brand?post=35013"},{"taxonomy":"product_cat","embeddable":true,"href":"https:\/\/vv.webdev.is\/en\/wp-json\/wp\/v2\/product_cat?post=35013"},{"taxonomy":"product_tag","embeddable":true,"href":"https:\/\/vv.webdev.is\/en\/wp-json\/wp\/v2\/product_tag?post=35013"}],"curies":[{"name":"wp","href":"https:\/\/api.w.org\/{rel}","templated":true}]}}