{"id":35041,"date":"2023-06-07T14:19:41","date_gmt":"2023-06-07T14:19:41","guid":{"rendered":"https:\/\/vv-dev.webdev.is\/uncategorized\/product\/blaupunkt-thjofavarnarkerfi-snjallheimilis-stjornstod-smart-home-hub-q-pro-63-m-skynjararpir-innfrar\/"},"modified":"2025-01-30T18:45:17","modified_gmt":"2025-01-30T18:45:17","slug":"blaupunkt-thjofavarnarkerfi-snjallheimilis-stjornstod-smart-home-hub-q-pro-63-m-skynjararpir-innfrar","status":"publish","type":"product","link":"https:\/\/vv.webdev.is\/en\/lykillausnir\/oryggisvorur\/thjofavarnir\/product\/blaupunkt-thjofavarnarkerfi-snjallheimilis-stjornstod-smart-home-hub-q-pro-63-m-skynjararpir-innfrar\/","title":{"rendered":"BLAUPUNKT \u00dej\u00f3favarnarkerfi\/Snjallheimilis stj\u00f3rnst\u00f6\u00f0 Smart Home Hub Q-Pro 63 m.Skynjarar+PIR innfr\u00e1r"},"content":{"rendered":"","protected":false},"excerpt":{"rendered":"","protected":false},"featured_media":35040,"comment_status":"closed","ping_status":"closed","template":"","meta":[],"product_brand":[],"product_cat":[517,602,706],"product_tag":[],"class_list":{"0":"post-35041","1":"product","2":"type-product","3":"status-publish","4":"has-post-thumbnail","6":"product_cat-lykillausnir","7":"product_cat-oryggisvorur","8":"product_cat-thjofavarnir","10":"first","11":"instock","12":"taxable","13":"shipping-taxable","14":"purchasable","15":"product-type-simple"},"_links":{"self":[{"href":"https:\/\/vv.webdev.is\/en\/wp-json\/wp\/v2\/product\/35041","targetHints":{"allow":["GET"]}}],"collection":[{"href":"https:\/\/vv.webdev.is\/en\/wp-json\/wp\/v2\/product"}],"about":[{"href":"https:\/\/vv.webdev.is\/en\/wp-json\/wp\/v2\/types\/product"}],"replies":[{"embeddable":true,"href":"https:\/\/vv.webdev.is\/en\/wp-json\/wp\/v2\/comments?post=35041"}],"wp:featuredmedia":[{"embeddable":true,"href":"https:\/\/vv.webdev.is\/en\/wp-json\/wp\/v2\/media\/35040"}],"wp:attachment":[{"href":"https:\/\/vv.webdev.is\/en\/wp-json\/wp\/v2\/media?parent=35041"}],"wp:term":[{"taxonomy":"product_brand","embeddable":true,"href":"https:\/\/vv.webdev.is\/en\/wp-json\/wp\/v2\/product_brand?post=35041"},{"taxonomy":"product_cat","embeddable":true,"href":"https:\/\/vv.webdev.is\/en\/wp-json\/wp\/v2\/product_cat?post=35041"},{"taxonomy":"product_tag","embeddable":true,"href":"https:\/\/vv.webdev.is\/en\/wp-json\/wp\/v2\/product_tag?post=35041"}],"curies":[{"name":"wp","href":"https:\/\/api.w.org\/{rel}","templated":true}]}}