{"id":35368,"date":"2023-06-07T14:20:47","date_gmt":"2023-06-07T14:20:47","guid":{"rendered":"https:\/\/vv-dev.webdev.is\/uncategorized\/product\/arne-jacobsen-hurdarhunn-aj-97-59mm-hurdarthykkt-rydfrir-snapon-f-assa-og-thyskar-laesingar\/"},"modified":"2025-01-30T18:47:13","modified_gmt":"2025-01-30T18:47:13","slug":"arne-jacobsen-hurdarhunn-aj-97-59mm-hurdarthykkt-rydfrir-snapon-f-assa-og-thyskar-laesingar","status":"publish","type":"product","link":"https:\/\/vv.webdev.is\/en\/lykillausnir\/hurdabunadur-lykillausnir\/hurdarhunar-hurdabunadur-lykillausnir\/product\/arne-jacobsen-hurdarhunn-aj-97-59mm-hurdarthykkt-rydfrir-snapon-f-assa-og-thyskar-laesingar\/","title":{"rendered":"d line ARNE JACOBSEN Hur\u00f0arhandfang AJ97 &#8211; Ry\u00f0fr\u00edtt bursta\u00f0 st\u00e1l"},"content":{"rendered":"<p>\u00cd meira en h\u00e1lfa 20. \u00f6ldina var arkitektinn og h\u00f6nnu\u00f0urinn Arne Jacobsen (1902-1971) drifkraftur danskrar h\u00f6nnunar og byggingarlistar. \u00cd dag, r\u00famum 45 \u00e1rum eftir dau\u00f0a hans, eru verk hans enn \u00e1litin \u00edmynd danskrar h\u00f6nnunar, b\u00e6\u00f0i innan Danmerkur og af heiminum utan hennar.<\/p>\n<p>Verkin \u00far Arne Jacobsen safninu koma me\u00f0 20 \u00e1ra \u00e1byrg\u00f0 og eru f\u00e1anleg \u00ed miklu \u00farvali af litum og \u00e1fer\u00f0.<\/p>\n<p><\/p>","protected":false},"excerpt":{"rendered":"<p>Ry\u00f0fr\u00edtt hur\u00f0arhandfang \u00ed h\u00e6sta g\u00e6\u00f0aflokki fyrir b\u00e6\u00f0i ASSA og \u00de\u00fdskar l\u00e6singar (hur\u00f0ar\u00feykkt 59mm)<\/p>","protected":false},"featured_media":35367,"comment_status":"closed","ping_status":"closed","template":"","meta":[],"product_brand":[],"product_cat":[518,545,571,517,597,667],"product_tag":[848],"class_list":{"0":"post-35368","1":"product","2":"type-product","3":"status-publish","4":"has-post-thumbnail","6":"product_cat-honnunarlausnir","7":"product_cat-hurdabunadur","8":"product_cat-hurdarhunar","9":"product_cat-lykillausnir","10":"product_cat-hurdabunadur-lykillausnir","11":"product_cat-hurdarhunar-hurdabunadur-lykillausnir","12":"product_tag-dline","14":"first","15":"instock","16":"taxable","17":"shipping-taxable","18":"purchasable","19":"product-type-simple"},"_links":{"self":[{"href":"https:\/\/vv.webdev.is\/en\/wp-json\/wp\/v2\/product\/35368","targetHints":{"allow":["GET"]}}],"collection":[{"href":"https:\/\/vv.webdev.is\/en\/wp-json\/wp\/v2\/product"}],"about":[{"href":"https:\/\/vv.webdev.is\/en\/wp-json\/wp\/v2\/types\/product"}],"replies":[{"embeddable":true,"href":"https:\/\/vv.webdev.is\/en\/wp-json\/wp\/v2\/comments?post=35368"}],"wp:featuredmedia":[{"embeddable":true,"href":"https:\/\/vv.webdev.is\/en\/wp-json\/wp\/v2\/media\/35367"}],"wp:attachment":[{"href":"https:\/\/vv.webdev.is\/en\/wp-json\/wp\/v2\/media?parent=35368"}],"wp:term":[{"taxonomy":"product_brand","embeddable":true,"href":"https:\/\/vv.webdev.is\/en\/wp-json\/wp\/v2\/product_brand?post=35368"},{"taxonomy":"product_cat","embeddable":true,"href":"https:\/\/vv.webdev.is\/en\/wp-json\/wp\/v2\/product_cat?post=35368"},{"taxonomy":"product_tag","embeddable":true,"href":"https:\/\/vv.webdev.is\/en\/wp-json\/wp\/v2\/product_tag?post=35368"}],"curies":[{"name":"wp","href":"https:\/\/api.w.org\/{rel}","templated":true}]}}