{"id":35637,"date":"2023-06-07T14:21:42","date_gmt":"2023-06-07T14:21:42","guid":{"rendered":"https:\/\/vv-dev.webdev.is\/uncategorized\/product\/sibes-husnumer-nr-9-573-antik-sama-aferd-og-a-brefalugu\/"},"modified":"2025-01-30T18:48:47","modified_gmt":"2025-01-30T18:48:47","slug":"sibes-husnumer-nr-9-573-antik-sama-aferd-og-a-brefalugu","status":"publish","type":"product","link":"https:\/\/vv.webdev.is\/en\/lykillausnir\/hurdabunadur-lykillausnir\/husnumer-hurdabunadur-lykillausnir\/product\/sibes-husnumer-nr-9-573-antik-sama-aferd-og-a-brefalugu\/","title":{"rendered":"SIBES H\u00fasn\u00famer nr 9 573 ANTIK (Sama \u00e1fer\u00f0 og \u00e1 br\u00e9fal\u00fagu)"},"content":{"rendered":"","protected":false},"excerpt":{"rendered":"","protected":false},"featured_media":35635,"comment_status":"closed","ping_status":"closed","template":"","meta":[],"product_brand":[],"product_cat":[517,597,670],"product_tag":[],"class_list":{"0":"post-35637","1":"product","2":"type-product","3":"status-publish","4":"has-post-thumbnail","6":"product_cat-lykillausnir","7":"product_cat-hurdabunadur-lykillausnir","8":"product_cat-husnumer-hurdabunadur-lykillausnir","10":"first","11":"instock","12":"taxable","13":"shipping-taxable","14":"purchasable","15":"product-type-simple"},"_links":{"self":[{"href":"https:\/\/vv.webdev.is\/en\/wp-json\/wp\/v2\/product\/35637","targetHints":{"allow":["GET"]}}],"collection":[{"href":"https:\/\/vv.webdev.is\/en\/wp-json\/wp\/v2\/product"}],"about":[{"href":"https:\/\/vv.webdev.is\/en\/wp-json\/wp\/v2\/types\/product"}],"replies":[{"embeddable":true,"href":"https:\/\/vv.webdev.is\/en\/wp-json\/wp\/v2\/comments?post=35637"}],"wp:featuredmedia":[{"embeddable":true,"href":"https:\/\/vv.webdev.is\/en\/wp-json\/wp\/v2\/media\/35635"}],"wp:attachment":[{"href":"https:\/\/vv.webdev.is\/en\/wp-json\/wp\/v2\/media?parent=35637"}],"wp:term":[{"taxonomy":"product_brand","embeddable":true,"href":"https:\/\/vv.webdev.is\/en\/wp-json\/wp\/v2\/product_brand?post=35637"},{"taxonomy":"product_cat","embeddable":true,"href":"https:\/\/vv.webdev.is\/en\/wp-json\/wp\/v2\/product_cat?post=35637"},{"taxonomy":"product_tag","embeddable":true,"href":"https:\/\/vv.webdev.is\/en\/wp-json\/wp\/v2\/product_tag?post=35637"}],"curies":[{"name":"wp","href":"https:\/\/api.w.org\/{rel}","templated":true}]}}