{"id":35840,"date":"2023-06-07T14:22:19","date_gmt":"2023-06-07T14:22:19","guid":{"rendered":"https:\/\/vv-dev.webdev.is\/uncategorized\/product\/edi-hurdarhandfang-m-lykillaufum-5936-svartur-al-f-thyskar-laesingar-ath-ekki-rettur-litur-a-mynd\/"},"modified":"2025-01-30T18:50:01","modified_gmt":"2025-01-30T18:50:01","slug":"edi-hurdarhandfang-m-lykillaufum-5936-svartur-al-f-thyskar-laesingar-ath-ekki-rettur-litur-a-mynd","status":"publish","type":"product","link":"https:\/\/vv.webdev.is\/en\/lykillausnir\/hurdabunadur-lykillausnir\/hurdahandfong-m-lykillaufum\/product\/edi-hurdarhandfang-m-lykillaufum-5936-svartur-al-f-thyskar-laesingar-ath-ekki-rettur-litur-a-mynd\/","title":{"rendered":"EDI Hur\u00f0arhandfang m.lykillaufum 5936 Svartur \u00c1l f.\u00de\u00fdskar l\u00e6singar (ath ekki r\u00e9ttur litur \u00e1 mynd)"},"content":{"rendered":"","protected":false},"excerpt":{"rendered":"","protected":false},"featured_media":35839,"comment_status":"closed","ping_status":"closed","template":"","meta":[],"product_brand":[],"product_cat":[517,597,918],"product_tag":[],"class_list":{"0":"post-35840","1":"product","2":"type-product","3":"status-publish","4":"has-post-thumbnail","6":"product_cat-lykillausnir","7":"product_cat-hurdabunadur-lykillausnir","8":"product_cat-hurdahandfong-m-lykillaufum","10":"first","11":"instock","12":"taxable","13":"shipping-taxable","14":"purchasable","15":"product-type-simple"},"_links":{"self":[{"href":"https:\/\/vv.webdev.is\/en\/wp-json\/wp\/v2\/product\/35840","targetHints":{"allow":["GET"]}}],"collection":[{"href":"https:\/\/vv.webdev.is\/en\/wp-json\/wp\/v2\/product"}],"about":[{"href":"https:\/\/vv.webdev.is\/en\/wp-json\/wp\/v2\/types\/product"}],"replies":[{"embeddable":true,"href":"https:\/\/vv.webdev.is\/en\/wp-json\/wp\/v2\/comments?post=35840"}],"wp:featuredmedia":[{"embeddable":true,"href":"https:\/\/vv.webdev.is\/en\/wp-json\/wp\/v2\/media\/35839"}],"wp:attachment":[{"href":"https:\/\/vv.webdev.is\/en\/wp-json\/wp\/v2\/media?parent=35840"}],"wp:term":[{"taxonomy":"product_brand","embeddable":true,"href":"https:\/\/vv.webdev.is\/en\/wp-json\/wp\/v2\/product_brand?post=35840"},{"taxonomy":"product_cat","embeddable":true,"href":"https:\/\/vv.webdev.is\/en\/wp-json\/wp\/v2\/product_cat?post=35840"},{"taxonomy":"product_tag","embeddable":true,"href":"https:\/\/vv.webdev.is\/en\/wp-json\/wp\/v2\/product_tag?post=35840"}],"curies":[{"name":"wp","href":"https:\/\/api.w.org\/{rel}","templated":true}]}}