{"id":35842,"date":"2023-06-07T14:22:19","date_gmt":"2023-06-07T14:22:19","guid":{"rendered":"https:\/\/vv-dev.webdev.is\/uncategorized\/product\/d-line-hurdarhandfang-j-19mm-59mm-hurdarthykkt-univ-fyrir-assa-og-thyskar-laesingar-rydfr-aisi316l-c\/"},"modified":"2025-02-13T11:45:27","modified_gmt":"2025-02-13T11:45:27","slug":"d-line-hurdarhandfang-j-19mm-59mm-hurdarthykkt-univ-fyrir-assa-og-thyskar-laesingar-rydfr-aisi316l-c","status":"publish","type":"product","link":"https:\/\/vv.webdev.is\/en\/lykillausnir\/hurdabunadur-lykillausnir\/hurdarhunar-hurdabunadur-lykillausnir\/product\/d-line-hurdarhandfang-j-19mm-59mm-hurdarthykkt-univ-fyrir-assa-og-thyskar-laesingar-rydfr-aisi316l-c\/","title":{"rendered":"d line Hur\u00f0arhandfang L Ry\u00f0fr\u00edtt st\u00e1l"},"content":{"rendered":"<p>Hur\u00f0ar\u00feykkt:&nbsp;19-59mm<\/p>\n<p>H\u00f6nnun: Knud Holscher<\/p>","protected":false},"excerpt":{"rendered":"<p>Gl\u00e6silegt hur\u00f0arhandfang \u00ed h\u00e6sta g\u00e6\u00f0aflokki sem h\u00e6gt er a\u00f0 nota b\u00e6\u00f0i fyrir ASSA og \u00de\u00fdskar l\u00e6singar.<\/p>","protected":false},"featured_media":35841,"comment_status":"closed","ping_status":"closed","template":"","meta":[],"product_brand":[],"product_cat":[518,545,571,517,597,667],"product_tag":[848],"class_list":{"0":"post-35842","1":"product","2":"type-product","3":"status-publish","4":"has-post-thumbnail","6":"product_cat-honnunarlausnir","7":"product_cat-hurdabunadur","8":"product_cat-hurdarhunar","9":"product_cat-lykillausnir","10":"product_cat-hurdabunadur-lykillausnir","11":"product_cat-hurdarhunar-hurdabunadur-lykillausnir","12":"product_tag-dline","14":"first","15":"instock","16":"taxable","17":"shipping-taxable","18":"purchasable","19":"product-type-simple"},"_links":{"self":[{"href":"https:\/\/vv.webdev.is\/en\/wp-json\/wp\/v2\/product\/35842","targetHints":{"allow":["GET"]}}],"collection":[{"href":"https:\/\/vv.webdev.is\/en\/wp-json\/wp\/v2\/product"}],"about":[{"href":"https:\/\/vv.webdev.is\/en\/wp-json\/wp\/v2\/types\/product"}],"replies":[{"embeddable":true,"href":"https:\/\/vv.webdev.is\/en\/wp-json\/wp\/v2\/comments?post=35842"}],"wp:featuredmedia":[{"embeddable":true,"href":"https:\/\/vv.webdev.is\/en\/wp-json\/wp\/v2\/media\/35841"}],"wp:attachment":[{"href":"https:\/\/vv.webdev.is\/en\/wp-json\/wp\/v2\/media?parent=35842"}],"wp:term":[{"taxonomy":"product_brand","embeddable":true,"href":"https:\/\/vv.webdev.is\/en\/wp-json\/wp\/v2\/product_brand?post=35842"},{"taxonomy":"product_cat","embeddable":true,"href":"https:\/\/vv.webdev.is\/en\/wp-json\/wp\/v2\/product_cat?post=35842"},{"taxonomy":"product_tag","embeddable":true,"href":"https:\/\/vv.webdev.is\/en\/wp-json\/wp\/v2\/product_tag?post=35842"}],"curies":[{"name":"wp","href":"https:\/\/api.w.org\/{rel}","templated":true}]}}