{"id":36017,"date":"2023-06-07T14:22:53","date_gmt":"2023-06-07T14:22:53","guid":{"rendered":"https:\/\/vv-dev.webdev.is\/uncategorized\/product\/robust-stolpi-v-rydfr-s40-12v-fyrir-assa-560\/"},"modified":"2025-02-25T14:45:36","modified_gmt":"2025-02-25T14:45:36","slug":"robust-stolpi-v-rydfr-s40-12v-fyrir-assa-560","status":"publish","type":"product","link":"https:\/\/vv.webdev.is\/en\/lykillausnir\/adgangskerfi\/raflaesingar-og-fylgihlutir-adgangskerfi\/product\/robust-stolpi-v-rydfr-s40-12v-fyrir-assa-560\/","title":{"rendered":"ROBUST St\u00f3lpi Vinstri S40-12V fyrir ASSA 560"},"content":{"rendered":"<p><span style=\"color: rgb(101, 101, 101);\">Efni: Ry\u00f0fr\u00edtt st\u00e1l<\/span><\/p>","protected":false},"excerpt":{"rendered":"<p>Efni: Ry\u00f0fr\u00edtt st\u00e1l<\/p>","protected":false},"featured_media":36016,"comment_status":"closed","ping_status":"closed","template":"","meta":[],"product_brand":[],"product_cat":[517,579,605],"product_tag":[],"class_list":{"0":"post-36017","1":"product","2":"type-product","3":"status-publish","4":"has-post-thumbnail","6":"product_cat-lykillausnir","7":"product_cat-adgangskerfi","8":"product_cat-raflaesingar-og-fylgihlutir-adgangskerfi","10":"first","11":"instock","12":"taxable","13":"shipping-taxable","14":"purchasable","15":"product-type-simple"},"_links":{"self":[{"href":"https:\/\/vv.webdev.is\/en\/wp-json\/wp\/v2\/product\/36017","targetHints":{"allow":["GET"]}}],"collection":[{"href":"https:\/\/vv.webdev.is\/en\/wp-json\/wp\/v2\/product"}],"about":[{"href":"https:\/\/vv.webdev.is\/en\/wp-json\/wp\/v2\/types\/product"}],"replies":[{"embeddable":true,"href":"https:\/\/vv.webdev.is\/en\/wp-json\/wp\/v2\/comments?post=36017"}],"wp:featuredmedia":[{"embeddable":true,"href":"https:\/\/vv.webdev.is\/en\/wp-json\/wp\/v2\/media\/36016"}],"wp:attachment":[{"href":"https:\/\/vv.webdev.is\/en\/wp-json\/wp\/v2\/media?parent=36017"}],"wp:term":[{"taxonomy":"product_brand","embeddable":true,"href":"https:\/\/vv.webdev.is\/en\/wp-json\/wp\/v2\/product_brand?post=36017"},{"taxonomy":"product_cat","embeddable":true,"href":"https:\/\/vv.webdev.is\/en\/wp-json\/wp\/v2\/product_cat?post=36017"},{"taxonomy":"product_tag","embeddable":true,"href":"https:\/\/vv.webdev.is\/en\/wp-json\/wp\/v2\/product_tag?post=36017"}],"curies":[{"name":"wp","href":"https:\/\/api.w.org\/{rel}","templated":true}]}}