{"id":36094,"date":"2023-06-07T14:23:09","date_gmt":"2023-06-07T14:23:09","guid":{"rendered":"https:\/\/vv-dev.webdev.is\/uncategorized\/product\/fina-hurdarhandfang-l-rydfr-m-sylinderskiltum-fyrir-thyskar-laesingar-ath-syndir-m-lykillaufum\/"},"modified":"2025-01-30T18:51:30","modified_gmt":"2025-01-30T18:51:30","slug":"fina-hurdarhandfang-l-rydfr-m-sylinderskiltum-fyrir-thyskar-laesingar-ath-syndir-m-lykillaufum","status":"publish","type":"product","link":"https:\/\/vv.webdev.is\/en\/lykillausnir\/hurdabunadur-lykillausnir\/hurdahandfong-m-lykillaufum\/product\/fina-hurdarhandfang-l-rydfr-m-sylinderskiltum-fyrir-thyskar-laesingar-ath-syndir-m-lykillaufum\/","title":{"rendered":"FINA Hur\u00f0arhandfang L Ry\u00f0fr m.sylinderskiltum fyrir \u00de\u00fdskar l\u00e6singar (ath s\u00fdndir m.lykillaufum)"},"content":{"rendered":"","protected":false},"excerpt":{"rendered":"","protected":false},"featured_media":36093,"comment_status":"closed","ping_status":"closed","template":"","meta":[],"product_brand":[],"product_cat":[517,597,918],"product_tag":[],"class_list":{"0":"post-36094","1":"product","2":"type-product","3":"status-publish","4":"has-post-thumbnail","6":"product_cat-lykillausnir","7":"product_cat-hurdabunadur-lykillausnir","8":"product_cat-hurdahandfong-m-lykillaufum","10":"first","11":"instock","12":"taxable","13":"shipping-taxable","14":"purchasable","15":"product-type-simple"},"_links":{"self":[{"href":"https:\/\/vv.webdev.is\/en\/wp-json\/wp\/v2\/product\/36094","targetHints":{"allow":["GET"]}}],"collection":[{"href":"https:\/\/vv.webdev.is\/en\/wp-json\/wp\/v2\/product"}],"about":[{"href":"https:\/\/vv.webdev.is\/en\/wp-json\/wp\/v2\/types\/product"}],"replies":[{"embeddable":true,"href":"https:\/\/vv.webdev.is\/en\/wp-json\/wp\/v2\/comments?post=36094"}],"wp:featuredmedia":[{"embeddable":true,"href":"https:\/\/vv.webdev.is\/en\/wp-json\/wp\/v2\/media\/36093"}],"wp:attachment":[{"href":"https:\/\/vv.webdev.is\/en\/wp-json\/wp\/v2\/media?parent=36094"}],"wp:term":[{"taxonomy":"product_brand","embeddable":true,"href":"https:\/\/vv.webdev.is\/en\/wp-json\/wp\/v2\/product_brand?post=36094"},{"taxonomy":"product_cat","embeddable":true,"href":"https:\/\/vv.webdev.is\/en\/wp-json\/wp\/v2\/product_cat?post=36094"},{"taxonomy":"product_tag","embeddable":true,"href":"https:\/\/vv.webdev.is\/en\/wp-json\/wp\/v2\/product_tag?post=36094"}],"curies":[{"name":"wp","href":"https:\/\/api.w.org\/{rel}","templated":true}]}}