{"id":36244,"date":"2023-06-07T14:23:43","date_gmt":"2023-06-07T14:23:43","guid":{"rendered":"https:\/\/vv-dev.webdev.is\/uncategorized\/product\/frost-sylinderskilti-pz-din-kube-3001-kantad-rydfritt-glans-f-thyskar-laesingar\/"},"modified":"2025-02-24T15:18:23","modified_gmt":"2025-02-24T15:18:23","slug":"frost-sylinderskilti-pz-din-kube-3001-kantad-rydfritt-glans-f-thyskar-laesingar","status":"publish","type":"product","link":"https:\/\/vv.webdev.is\/en\/lykillausnir\/hurdabunadur-lykillausnir\/sylinderskiltasett\/product\/frost-sylinderskilti-pz-din-kube-3001-kantad-rydfritt-glans-f-thyskar-laesingar\/","title":{"rendered":"FROST Sylinderskilti PZ DIN Kube 3001 Kanta\u00f0 Ry\u00f0fr\u00edtt Glans f.\u00de\u00fdskar l\u00e6singar"},"content":{"rendered":"","protected":false},"excerpt":{"rendered":"","protected":false},"featured_media":36243,"comment_status":"closed","ping_status":"closed","template":"","meta":[],"product_brand":[],"product_cat":[517,597,910],"product_tag":[1012],"class_list":{"0":"post-36244","1":"product","2":"type-product","3":"status-publish","4":"has-post-thumbnail","6":"product_cat-lykillausnir","7":"product_cat-hurdabunadur-lykillausnir","8":"product_cat-sylinderskiltasett","9":"product_tag-frost","11":"first","12":"instock","13":"taxable","14":"shipping-taxable","15":"purchasable","16":"product-type-simple"},"_links":{"self":[{"href":"https:\/\/vv.webdev.is\/en\/wp-json\/wp\/v2\/product\/36244","targetHints":{"allow":["GET"]}}],"collection":[{"href":"https:\/\/vv.webdev.is\/en\/wp-json\/wp\/v2\/product"}],"about":[{"href":"https:\/\/vv.webdev.is\/en\/wp-json\/wp\/v2\/types\/product"}],"replies":[{"embeddable":true,"href":"https:\/\/vv.webdev.is\/en\/wp-json\/wp\/v2\/comments?post=36244"}],"wp:featuredmedia":[{"embeddable":true,"href":"https:\/\/vv.webdev.is\/en\/wp-json\/wp\/v2\/media\/36243"}],"wp:attachment":[{"href":"https:\/\/vv.webdev.is\/en\/wp-json\/wp\/v2\/media?parent=36244"}],"wp:term":[{"taxonomy":"product_brand","embeddable":true,"href":"https:\/\/vv.webdev.is\/en\/wp-json\/wp\/v2\/product_brand?post=36244"},{"taxonomy":"product_cat","embeddable":true,"href":"https:\/\/vv.webdev.is\/en\/wp-json\/wp\/v2\/product_cat?post=36244"},{"taxonomy":"product_tag","embeddable":true,"href":"https:\/\/vv.webdev.is\/en\/wp-json\/wp\/v2\/product_tag?post=36244"}],"curies":[{"name":"wp","href":"https:\/\/api.w.org\/{rel}","templated":true}]}}