{"id":36259,"date":"2023-06-07T14:23:47","date_gmt":"2023-06-07T14:23:47","guid":{"rendered":"https:\/\/vv-dev.webdev.is\/uncategorized\/product\/line-18-hurdarhandfang-u-laga-18mm-svart-fyrir-assa-laesingar-7020-24-line-18-fra-randi\/"},"modified":"2025-01-30T18:52:39","modified_gmt":"2025-01-30T18:52:39","slug":"line-18-hurdarhandfang-u-laga-18mm-svart-fyrir-assa-laesingar-7020-24-line-18-fra-randi","status":"publish","type":"product","link":"https:\/\/vv.webdev.is\/en\/lykillausnir\/hurdabunadur-lykillausnir\/hurdarhunar-hurdabunadur-lykillausnir\/product\/line-18-hurdarhandfang-u-laga-18mm-svart-fyrir-assa-laesingar-7020-24-line-18-fra-randi\/","title":{"rendered":"Line 18 Hur\u00f0arhandfang U laga 18mm Svart Fyrir ASSA L\u00e6singar 7020.24 Line 18 fr\u00e1 Randi"},"content":{"rendered":"","protected":false},"excerpt":{"rendered":"","protected":false},"featured_media":36257,"comment_status":"closed","ping_status":"closed","template":"","meta":[],"product_brand":[],"product_cat":[517,597,667],"product_tag":[991],"class_list":{"0":"post-36259","1":"product","2":"type-product","3":"status-publish","4":"has-post-thumbnail","6":"product_cat-lykillausnir","7":"product_cat-hurdabunadur-lykillausnir","8":"product_cat-hurdarhunar-hurdabunadur-lykillausnir","9":"product_tag-randi","11":"first","12":"instock","13":"taxable","14":"shipping-taxable","15":"purchasable","16":"product-type-simple"},"_links":{"self":[{"href":"https:\/\/vv.webdev.is\/en\/wp-json\/wp\/v2\/product\/36259","targetHints":{"allow":["GET"]}}],"collection":[{"href":"https:\/\/vv.webdev.is\/en\/wp-json\/wp\/v2\/product"}],"about":[{"href":"https:\/\/vv.webdev.is\/en\/wp-json\/wp\/v2\/types\/product"}],"replies":[{"embeddable":true,"href":"https:\/\/vv.webdev.is\/en\/wp-json\/wp\/v2\/comments?post=36259"}],"wp:featuredmedia":[{"embeddable":true,"href":"https:\/\/vv.webdev.is\/en\/wp-json\/wp\/v2\/media\/36257"}],"wp:attachment":[{"href":"https:\/\/vv.webdev.is\/en\/wp-json\/wp\/v2\/media?parent=36259"}],"wp:term":[{"taxonomy":"product_brand","embeddable":true,"href":"https:\/\/vv.webdev.is\/en\/wp-json\/wp\/v2\/product_brand?post=36259"},{"taxonomy":"product_cat","embeddable":true,"href":"https:\/\/vv.webdev.is\/en\/wp-json\/wp\/v2\/product_cat?post=36259"},{"taxonomy":"product_tag","embeddable":true,"href":"https:\/\/vv.webdev.is\/en\/wp-json\/wp\/v2\/product_tag?post=36259"}],"curies":[{"name":"wp","href":"https:\/\/api.w.org\/{rel}","templated":true}]}}