{"id":36532,"date":"2023-06-07T14:24:35","date_gmt":"2023-06-07T14:24:35","guid":{"rendered":"https:\/\/vv-dev.webdev.is\/uncategorized\/product\/normbau-sapuskammtari-vegg-svartur-7500-cavere-ath-aferd-ekki-rett-a-mynd\/"},"modified":"2025-01-30T18:54:16","modified_gmt":"2025-01-30T18:54:16","slug":"normbau-sapuskammtari-vegg-svartur-7500-cavere-ath-aferd-ekki-rett-a-mynd","status":"publish","type":"product","link":"https:\/\/vv.webdev.is\/en\/lykillausnir\/badherbergi-lykillausnir\/sapuskammtarar-badherbergi-lykillausnir\/product\/normbau-sapuskammtari-vegg-svartur-7500-cavere-ath-aferd-ekki-rett-a-mynd\/","title":{"rendered":"NORMBAU Svartur S\u00e1puskammtari"},"content":{"rendered":"","protected":false},"excerpt":{"rendered":"<p>Tegund:&nbsp;7500 461 091<\/p>\n<p>ATH a\u00f0eins 1 stk til \u00e1 lager<\/p>\n<p>ATH ekki r\u00e9tt \u00e1fer\u00f0 \u00e1 mynd<\/p>","protected":false},"featured_media":36531,"comment_status":"closed","ping_status":"closed","template":"","meta":[],"product_brand":[],"product_cat":[518,542,554,517,580,621],"product_tag":[],"class_list":{"0":"post-36532","1":"product","2":"type-product","3":"status-publish","4":"has-post-thumbnail","6":"product_cat-honnunarlausnir","7":"product_cat-badherbergi","8":"product_cat-sapuskammtarar-badherbergi","9":"product_cat-lykillausnir","10":"product_cat-badherbergi-lykillausnir","11":"product_cat-sapuskammtarar-badherbergi-lykillausnir","13":"first","14":"instock","15":"taxable","16":"shipping-taxable","17":"purchasable","18":"product-type-simple"},"_links":{"self":[{"href":"https:\/\/vv.webdev.is\/en\/wp-json\/wp\/v2\/product\/36532","targetHints":{"allow":["GET"]}}],"collection":[{"href":"https:\/\/vv.webdev.is\/en\/wp-json\/wp\/v2\/product"}],"about":[{"href":"https:\/\/vv.webdev.is\/en\/wp-json\/wp\/v2\/types\/product"}],"replies":[{"embeddable":true,"href":"https:\/\/vv.webdev.is\/en\/wp-json\/wp\/v2\/comments?post=36532"}],"wp:featuredmedia":[{"embeddable":true,"href":"https:\/\/vv.webdev.is\/en\/wp-json\/wp\/v2\/media\/36531"}],"wp:attachment":[{"href":"https:\/\/vv.webdev.is\/en\/wp-json\/wp\/v2\/media?parent=36532"}],"wp:term":[{"taxonomy":"product_brand","embeddable":true,"href":"https:\/\/vv.webdev.is\/en\/wp-json\/wp\/v2\/product_brand?post=36532"},{"taxonomy":"product_cat","embeddable":true,"href":"https:\/\/vv.webdev.is\/en\/wp-json\/wp\/v2\/product_cat?post=36532"},{"taxonomy":"product_tag","embeddable":true,"href":"https:\/\/vv.webdev.is\/en\/wp-json\/wp\/v2\/product_tag?post=36532"}],"curies":[{"name":"wp","href":"https:\/\/api.w.org\/{rel}","templated":true}]}}