{"id":36554,"date":"2023-06-07T14:24:40","date_gmt":"2023-06-07T14:24:40","guid":{"rendered":"https:\/\/vv-dev.webdev.is\/uncategorized\/product\/randi-hurdarstoppari-75mm-q18mm-vegg-rydfritt-stal\/"},"modified":"2025-01-30T18:54:26","modified_gmt":"2025-01-30T18:54:26","slug":"randi-hurdarstoppari-75mm-q18mm-vegg-rydfritt-stal","status":"publish","type":"product","link":"https:\/\/vv.webdev.is\/en\/lykillausnir\/hurdabunadur-lykillausnir\/hurdastopparar-og-hurdahaldarar\/product\/randi-hurdarstoppari-75mm-q18mm-vegg-rydfritt-stal\/","title":{"rendered":"RANDI Hur\u00f0arstoppari 75mm Q18mm Vegg Ry\u00f0fr\u00edtt St\u00e1l"},"content":{"rendered":"<p>Lengd: 75mm<\/p>\n<p>&#222;verm&#225;l stoppara vi&#240; vegg: 28mm<\/p>\n<p>&#222;verm&#225;l stoppara: 18mm<\/p>","protected":false},"excerpt":{"rendered":"<p>Klass\u00edskur hur\u00f0arstoppari sem festur er \u00ed vegg.<\/p>","protected":false},"featured_media":36552,"comment_status":"closed","ping_status":"closed","template":"","meta":[],"product_brand":[],"product_cat":[517,597,666],"product_tag":[991],"class_list":{"0":"post-36554","1":"product","2":"type-product","3":"status-publish","4":"has-post-thumbnail","6":"product_cat-lykillausnir","7":"product_cat-hurdabunadur-lykillausnir","8":"product_cat-hurdastopparar-og-hurdahaldarar","9":"product_tag-randi","11":"first","12":"instock","13":"taxable","14":"shipping-taxable","15":"purchasable","16":"product-type-simple"},"_links":{"self":[{"href":"https:\/\/vv.webdev.is\/en\/wp-json\/wp\/v2\/product\/36554","targetHints":{"allow":["GET"]}}],"collection":[{"href":"https:\/\/vv.webdev.is\/en\/wp-json\/wp\/v2\/product"}],"about":[{"href":"https:\/\/vv.webdev.is\/en\/wp-json\/wp\/v2\/types\/product"}],"replies":[{"embeddable":true,"href":"https:\/\/vv.webdev.is\/en\/wp-json\/wp\/v2\/comments?post=36554"}],"wp:featuredmedia":[{"embeddable":true,"href":"https:\/\/vv.webdev.is\/en\/wp-json\/wp\/v2\/media\/36552"}],"wp:attachment":[{"href":"https:\/\/vv.webdev.is\/en\/wp-json\/wp\/v2\/media?parent=36554"}],"wp:term":[{"taxonomy":"product_brand","embeddable":true,"href":"https:\/\/vv.webdev.is\/en\/wp-json\/wp\/v2\/product_brand?post=36554"},{"taxonomy":"product_cat","embeddable":true,"href":"https:\/\/vv.webdev.is\/en\/wp-json\/wp\/v2\/product_cat?post=36554"},{"taxonomy":"product_tag","embeddable":true,"href":"https:\/\/vv.webdev.is\/en\/wp-json\/wp\/v2\/product_tag?post=36554"}],"curies":[{"name":"wp","href":"https:\/\/api.w.org\/{rel}","templated":true}]}}