{"id":36772,"date":"2023-06-07T14:25:30","date_gmt":"2023-06-07T14:25:30","guid":{"rendered":"https:\/\/vv-dev.webdev.is\/uncategorized\/product\/fsb-hurdarstoppari-vegg-3880-6205-90mm-rydfritt-polerad-krom-aferd-ath-ekki-retur-litur-a-mynd\/"},"modified":"2025-01-30T18:55:31","modified_gmt":"2025-01-30T18:55:31","slug":"fsb-hurdarstoppari-vegg-3880-6205-90mm-rydfritt-polerad-krom-aferd-ath-ekki-retur-litur-a-mynd","status":"publish","type":"product","link":"https:\/\/vv.webdev.is\/en\/lykillausnir\/hurdabunadur-lykillausnir\/hurdastopparar-og-hurdahaldarar\/product\/fsb-hurdarstoppari-vegg-3880-6205-90mm-rydfritt-polerad-krom-aferd-ath-ekki-retur-litur-a-mynd\/","title":{"rendered":"FSB Hur\u00f0arstoppari Vegg 3880 6205 90mm Ry\u00f0fr\u00edtt p\u00f3lera\u00f0 (Kr\u00f3m \u00e1fer\u00f0) Ath ekki r\u00e9tur litur \u00e1 mynd"},"content":{"rendered":"","protected":false},"excerpt":{"rendered":"","protected":false},"featured_media":36770,"comment_status":"closed","ping_status":"closed","template":"","meta":[],"product_brand":[],"product_cat":[517,597,666],"product_tag":[],"class_list":{"0":"post-36772","1":"product","2":"type-product","3":"status-publish","4":"has-post-thumbnail","6":"product_cat-lykillausnir","7":"product_cat-hurdabunadur-lykillausnir","8":"product_cat-hurdastopparar-og-hurdahaldarar","10":"first","11":"instock","12":"taxable","13":"shipping-taxable","14":"purchasable","15":"product-type-simple"},"_links":{"self":[{"href":"https:\/\/vv.webdev.is\/en\/wp-json\/wp\/v2\/product\/36772","targetHints":{"allow":["GET"]}}],"collection":[{"href":"https:\/\/vv.webdev.is\/en\/wp-json\/wp\/v2\/product"}],"about":[{"href":"https:\/\/vv.webdev.is\/en\/wp-json\/wp\/v2\/types\/product"}],"replies":[{"embeddable":true,"href":"https:\/\/vv.webdev.is\/en\/wp-json\/wp\/v2\/comments?post=36772"}],"wp:featuredmedia":[{"embeddable":true,"href":"https:\/\/vv.webdev.is\/en\/wp-json\/wp\/v2\/media\/36770"}],"wp:attachment":[{"href":"https:\/\/vv.webdev.is\/en\/wp-json\/wp\/v2\/media?parent=36772"}],"wp:term":[{"taxonomy":"product_brand","embeddable":true,"href":"https:\/\/vv.webdev.is\/en\/wp-json\/wp\/v2\/product_brand?post=36772"},{"taxonomy":"product_cat","embeddable":true,"href":"https:\/\/vv.webdev.is\/en\/wp-json\/wp\/v2\/product_cat?post=36772"},{"taxonomy":"product_tag","embeddable":true,"href":"https:\/\/vv.webdev.is\/en\/wp-json\/wp\/v2\/product_tag?post=36772"}],"curies":[{"name":"wp","href":"https:\/\/api.w.org\/{rel}","templated":true}]}}