{"id":36841,"date":"2023-06-07T14:25:45","date_gmt":"2023-06-07T14:25:45","guid":{"rendered":"https:\/\/vv-dev.webdev.is\/uncategorized\/product\/assa-abloy-hurdarpumpa-dc500-silfur-en1-4-lettopnun-armur-ekki-innifalinn-i-verdi\/"},"modified":"2025-02-14T09:46:12","modified_gmt":"2025-02-14T09:46:12","slug":"assa-abloy-hurdarpumpa-dc500-silfur-en1-4-lettopnun-armur-ekki-innifalinn-i-verdi","status":"publish","type":"product","link":"https:\/\/vv.webdev.is\/en\/lykillausnir\/hurdabunadur-lykillausnir\/hurdapumpur\/product\/assa-abloy-hurdarpumpa-dc500-silfur-en1-4-lettopnun-armur-ekki-innifalinn-i-verdi\/","title":{"rendered":"ASSA ABLOY Hur\u00f0arpumpa DC500 Silfur EN1-4 L\u00c9TTOPNUN"},"content":{"rendered":"<p>DC500 ser\u00edan af hur\u00f0arpumpum fr\u00e1 ASSA ABLOY hentar fyrir \u00fatihur\u00f0ir jafnt sem innihur\u00f0ir og eldvarnarhur\u00f0ir.<\/p>\n<p>Armur fylgir ekki me\u00f0 en gjarnan er nota\u00f0ur sle\u00f0aarmur G195 (v\u00f6run\u00famer 1051055) og A120 festiplata (v\u00f6run\u00famer 1000847).<\/p>\n<p>Stillanlegur krafturpumpu EN 1-4<\/p>\n<p>H\u00e1marksbreidd hur\u00f0ar: 1100mm<\/p>\n<p>\u00deolir mikla notkun (a\u00f0 minnsta kosti 500.000)<\/p>\n<p>Mj\u00f6g ry\u00f0\u00feolin<\/p>\n<p>Vottu\u00f0 skv. sta\u00f0li EN1154<\/p>\n<p>St\u00e6r\u00f0: 64mm X 57mm X270mm<\/p>","protected":false},"excerpt":{"rendered":"<p>Sveigjanleg og g\u00f3\u00f0 hur\u00f0arpumpa.<\/p>","protected":false},"featured_media":57421,"comment_status":"closed","ping_status":"closed","template":"","meta":[],"product_brand":[],"product_cat":[517,597,665],"product_tag":[],"class_list":{"0":"post-36841","1":"product","2":"type-product","3":"status-publish","4":"has-post-thumbnail","6":"product_cat-lykillausnir","7":"product_cat-hurdabunadur-lykillausnir","8":"product_cat-hurdapumpur","10":"first","11":"instock","12":"taxable","13":"shipping-taxable","14":"purchasable","15":"product-type-simple"},"_links":{"self":[{"href":"https:\/\/vv.webdev.is\/en\/wp-json\/wp\/v2\/product\/36841","targetHints":{"allow":["GET"]}}],"collection":[{"href":"https:\/\/vv.webdev.is\/en\/wp-json\/wp\/v2\/product"}],"about":[{"href":"https:\/\/vv.webdev.is\/en\/wp-json\/wp\/v2\/types\/product"}],"replies":[{"embeddable":true,"href":"https:\/\/vv.webdev.is\/en\/wp-json\/wp\/v2\/comments?post=36841"}],"wp:featuredmedia":[{"embeddable":true,"href":"https:\/\/vv.webdev.is\/en\/wp-json\/wp\/v2\/media\/57421"}],"wp:attachment":[{"href":"https:\/\/vv.webdev.is\/en\/wp-json\/wp\/v2\/media?parent=36841"}],"wp:term":[{"taxonomy":"product_brand","embeddable":true,"href":"https:\/\/vv.webdev.is\/en\/wp-json\/wp\/v2\/product_brand?post=36841"},{"taxonomy":"product_cat","embeddable":true,"href":"https:\/\/vv.webdev.is\/en\/wp-json\/wp\/v2\/product_cat?post=36841"},{"taxonomy":"product_tag","embeddable":true,"href":"https:\/\/vv.webdev.is\/en\/wp-json\/wp\/v2\/product_tag?post=36841"}],"curies":[{"name":"wp","href":"https:\/\/api.w.org\/{rel}","templated":true}]}}