{"id":37082,"date":"2023-06-07T14:26:31","date_gmt":"2023-06-07T14:26:31","guid":{"rendered":"https:\/\/vv-dev.webdev.is\/uncategorized\/product\/victorinox-hnifur-swiss-army-mountaineer\/"},"modified":"2025-03-03T14:45:46","modified_gmt":"2025-03-03T14:45:46","slug":"victorinox-swiss-army-mountaineer-hnifur","status":"publish","type":"product","link":"https:\/\/vv.webdev.is\/en\/lykillausnir\/hnifar-lykillausnir\/victorinox-hnifar\/product\/victorinox-swiss-army-mountaineer-hnifur\/","title":{"rendered":"VICTORINOX Swiss Army Mountaineer Hn\u00edfur"},"content":{"rendered":"<p><h4><b>Mounaineer hn\u00edfurinn hj\u00e1lpar fer\u00f0alanginum me\u00f0 allt m\u00f6gulegt \u00fati \u00ed n\u00e1tt\u00farunni. A\u00f0 minnsta kosti 18 a\u00f0ger\u00f0ir til a\u00f0 koma \u00fe\u00e9r \u00ed gegnum daginn.<\/b><\/h4>\n<p><b><br \/><\/b><\/p>\n<h4><b>St\u00e6r\u00f0:&nbsp;<\/b><\/h4>\n<p>H\u00e6\u00f0: 20 mm<\/p>\n<p>Lengd: 91 mm<\/p>\n<p>\u00deyngd: 109g<\/p>\n<p><\/p>\n<h4>Verkf\u00e6rin \u00ed hn\u00edfnum:<\/h4>\n<p>1. Tappatogari<\/p>\n<p>2. D\u00f3saopnari<\/p>\n<p>3. Skr\u00fafj\u00e1rn (3mm)<\/p>\n<p>4. Upptakari<\/p>\n<p>5. Skr\u00fafj\u00e1rn (6mm)<\/p>\n<p>6. V\u00edrhreinsari<\/p>\n<p>7. St\u00f3rt hn\u00edfsbla\u00f0<\/p>\n<p>8. Tannst\u00f6ngull<\/p>\n<p>9. Sk\u00e6ri<\/p>\n<p>10. R\u00fdmari<\/p>\n<p>11. Fl\u00edsat\u00f6ng<\/p>\n<p>12. L\u00edti\u00f0 bla\u00f0<\/p>\n<p>13. Nagla\u00fej\u00f6l<\/p>\n<p>14. Naglahreinsari<\/p>\n<p>15. M\u00e1lms\u00f6g<\/p>\n<p>16. M\u00e1lm\u00fej\u00f6l<\/p>\n<p>17. Lyklahringur<\/p>\n<p>18. Fj\u00f6lnota kr\u00f3kur<\/p>","protected":false},"excerpt":{"rendered":"<p>Tegund: 1.3743<\/p>","protected":false},"featured_media":37081,"comment_status":"closed","ping_status":"closed","template":"","meta":[],"product_brand":[],"product_cat":[517,833,839],"product_tag":[830],"class_list":{"0":"post-37082","1":"product","2":"type-product","3":"status-publish","4":"has-post-thumbnail","6":"product_cat-lykillausnir","7":"product_cat-hnifar-lykillausnir","8":"product_cat-victorinox-hnifar","9":"product_tag-victorinox","11":"first","12":"instock","13":"taxable","14":"shipping-taxable","15":"purchasable","16":"product-type-simple"},"_links":{"self":[{"href":"https:\/\/vv.webdev.is\/en\/wp-json\/wp\/v2\/product\/37082","targetHints":{"allow":["GET"]}}],"collection":[{"href":"https:\/\/vv.webdev.is\/en\/wp-json\/wp\/v2\/product"}],"about":[{"href":"https:\/\/vv.webdev.is\/en\/wp-json\/wp\/v2\/types\/product"}],"replies":[{"embeddable":true,"href":"https:\/\/vv.webdev.is\/en\/wp-json\/wp\/v2\/comments?post=37082"}],"wp:featuredmedia":[{"embeddable":true,"href":"https:\/\/vv.webdev.is\/en\/wp-json\/wp\/v2\/media\/37081"}],"wp:attachment":[{"href":"https:\/\/vv.webdev.is\/en\/wp-json\/wp\/v2\/media?parent=37082"}],"wp:term":[{"taxonomy":"product_brand","embeddable":true,"href":"https:\/\/vv.webdev.is\/en\/wp-json\/wp\/v2\/product_brand?post=37082"},{"taxonomy":"product_cat","embeddable":true,"href":"https:\/\/vv.webdev.is\/en\/wp-json\/wp\/v2\/product_cat?post=37082"},{"taxonomy":"product_tag","embeddable":true,"href":"https:\/\/vv.webdev.is\/en\/wp-json\/wp\/v2\/product_tag?post=37082"}],"curies":[{"name":"wp","href":"https:\/\/api.w.org\/{rel}","templated":true}]}}