{"id":37175,"date":"2023-06-07T14:26:44","date_gmt":"2023-06-07T14:26:44","guid":{"rendered":"https:\/\/vv-dev.webdev.is\/uncategorized\/product\/frost-fatastandur-wishbone-mattmessing-w1001-bmg-honnun-buskherzog-20-ara-afmaelisutgafa\/"},"modified":"2025-02-25T14:01:37","modified_gmt":"2025-02-25T14:01:37","slug":"frost-fatastandur-wishbone-mattmessing-w1001-bmg-honnun-buskherzog-20-ara-afmaelisutgafa","status":"publish","type":"product","link":"https:\/\/vv.webdev.is\/en\/honnunarlausnir\/fataskipulag-honnunarlausnir\/fataslar-og-standar\/product\/frost-fatastandur-wishbone-mattmessing-w1001-bmg-honnun-buskherzog-20-ara-afmaelisutgafa\/","title":{"rendered":"FROST Fatastandur WISHBONE Mattmessing"},"content":{"rendered":"<p>W1001-BMG H\u00f6nnun: busk+herzog 20 \u00c1ra afm\u00e6lis\u00fatg\u00e1fa<\/p>\n<p><img decoding=\"async\" src=\"data:image\/png;base64,iVBORw0KGgoAAAANSUhEUgAAAVYAAAEvCAYAAAAegumKAAAAAXNSR0IArs4c6QAAAARnQU1BAACxjwv8YQUAAAAJcEhZcwAADsMAAA7DAcdvqGQAADAVSURBVHhe7d0BcBzXfR7wT61mfFU1AeukgTzKGMhgoruAQ\/CUKqQjNyJTRxCCVJgLzaMuoCjBDegwtuiAlRRDBSjDJFDCkVwihZ1wTNZGRROGCJq5UDYDQ05L0rFrwop9BIfInTKcATzVlMjULZFh2fMMO+h7b9\/u7d7t3e0BD+AB\/H4zR+7d7u3t7uG+\/e\/bvXv3ZW8vLIKIiIz5R\/p\/IiIyhMFKRGQYg5WIyDAGKxGRYQxWIiLDGKxERIYxWImIDGOwEhEZxmAlIjKMwUpEZBiDlYjIMAYrEZFhDFYiIsMYrEREhjFYiYgMY7ASERnGYCUiMozBSkRkGIOViMgwBisRkWEMViIiwxisRESGMViJiAxjsBIRGcZgJSIyjMFKRGQYg5WIyDAGKxGRYQxWIiLDGKxERIYxWImIDGOwEhEZxmAlIjKMwUpEZBiDlYjIMAYrEZFhDFYiIsMYrEREhjFYiYgMuy97e2FRD1et7HvTuHB5DjezWYRCNajf+gSiD4f02HtFFjdnpnAhvYCs2g61iHxkCyI199p2yOHfxRLcmkfqe1OYvZUVf0chhH6uDr\/2eBNqH9TjyYiqrlhvTg0j8Uu1CD9\/GrMP1uFDH2nChmwGQx+tw4ZHO3Hsewt6yizGdv46hub0XZfZ43HU\/dIj6vbQz9Qg9IB9q3Ue99x+UdwefRr7jk4ifUvPxMeFT+ees8GZp7j9zAe983Pf3u+aTt22YOi6nmFRWcye3Y8Pvb8Om1+cxA1nO1zB4PY61MUO48J7elLM49h2n3nOHUfMXoYPeJdhg1xfNS6OY67ttzLrdwnd9rS\/WOud9gO5+XT\/lZ68iJvfs\/4uHvrof0Q6W4Oo2MHUPziHsefFdnl0P0Zm7L8LsR5\/WIuO8\/pOBVKfEev94pS+V97s0S3e9fGs0we9j78\/t66ebatunZjQ81SW8N75WpjCsc4t2LDpWYyJaTdEnsBvRGvE\/E9j1ybxWUgM4\/JP9LTFFF2WMn\/H9vPylt\/eDrHj5RZ+DZIVazXebpyJL25AzWJs5F3\/8cm9i\/XAYuRjw4vff+fEYiIUXhy8Wjid5zYWl9W5dWsf959G3Ox5A7WLLQNvL97wmcZ9S3027Mw3MjDtO419u\/Htlxa33q+XAWWW+R\/eXRzZUSumq1lMnPmxzzQ\/Xrz4cpMYX6u2082\/fkksd7l5fnUxoZcViC8m\/abJu63M+k0t9oWDTOe+ifV9ZYt6TnRgymf8wuLcSJv4u8Hi1lfE+\/Y\/Tiy2iOHEmcLpSt++s9hdK5YrtHfxou\/4wlt6ILeNUNO2eOzqvGv8\/OJIq72utYvdf+167j\/Y76E9vsR7soT3Tt1+NLy4vQaLG9q\/unjjH3zGi2UYa69ZxP1bFgffcS93iZtnWcRt2\/DinN90ntv84sUDddb0v9K\/mPJblnVyq86K9dYkup4dx83Wz+PYrlr9oNeG5teReucgQl\/Zjw891omxrB5Ryv36\/zLkvC9+8QkxNI+JnicR6ZzETWuUr1DA+UobHj+Iiz\/oR1TfL24BE\/t+FR1n51H\/8jcw0iqqiwI12PrZbyDZnkWyQ1Q\/\/\/J1zIpHs3essb7uf58eCG5l1k8chv5jPRhQ+ui\/xrYjoopsPYGJA2H9qFftrpO4MNCEy0eexEMf0NVfqe3h53tvYGhe\/J89ia99z3oosJo4kumT6GhwN0mEsEGkvWUDNrjfyvvle\/gdiJ2XfqCEJbx3yAzjQ6KKv7DhJUwcexob\/N5LsQyxY2+j75EpdD\/2JIYy+vFS8pfl4n78\/unckYK\/ELZ+6iVsF0OJP9qPSAV\/V2tNVQZr9vxxFZQtu8Qfgn7MT6hR\/LGMNOt7ZtXueRn79Gfj5mgn+ir9gJUS3o9jL9fpO\/5unu5EbFT+obah7+Um60FfNWg59g10O7PLIF22eWGFBVi\/iv3wMGI902KgDt2H4iX\/LiIH5I5I3xFS1ys71Lz89ZOw9tNZjHw9eHOA1PInn0eL3z6wjMiBE6730JA70+iL9SIlBmOffRnRUkF2fxhdYruGMI3u7S\/hcsCdUaQxt0OY2PciJko0nym1D+Eh+f86DlWpKoM1fe2K+n\/Dg+VPRGzY9QUMbZFDN3Gz3A6zEvc\/ge1telhUj8e+PKmHzYh+fD+2iv99q8s7U+j7Q\/16rW2IlTuxcH8Tuj8vPxTVo+T6VWweIz1WNY7aOGKN6sESapD4XD8i+l5lpvC1r+QOf7JfOY3Leris0F507VhCqkriPfyDT6k\/ZGNmhzsxqPYpcXTsKP\/XEWp+Dh1ysoXjeP6w3ImVF33VtUPIjqPjM5XtiNarqgzWG+\/J4zAh0IeyFvs+u1eEyjxmb+iHDIludh2epTLWB3tJpjFyZFIsocvDT+C3wv7VZfbsMI7pnUR025ZAgRlqfRldpiuewC6hO3bcu31KrF\/FZr6EwYt6+KmtAZoZhIa96HZ2jBW4eBoj2TAiTlgEaw5IXxPHz23bsH0ZlVjtv3pK7AwWcLNc1RfErUn0HdbH9K1PBVsuVzEx+9prGAuyHGKH0Pef9jpHEDf\/TBzd\/VDfuYdVZbA+9LDVrpo8+1bJtk3HtufQ5d8Uuyw3bwZ69fLmUxj7egb\/V9+1iA\/vZj3okUXy9Dk9LII1HDQtw8YrnsDmruDCf89v5C62fpVLvXnSCe3oxgBtkUoIiT+QO9zKXDh7Etn2foy0O8kauDkgsrlUk00A4Sax05jDDc8eeGns5jQpsrUp8HaI\/gt7Hc5hZDzggjwuttdzdqU+h8GPDy+jCFkfqjJYIxutT2T29LNoEYcWN8tWrk34rQCHOpXJiiok94cV2rYV9Xq4Yu\/N4W\/1oFvELyTuXMKEc3mQCKcGPRhAbdsudfi96sT6pfWgm+\/6VWwOF76Zex8iDRWU5R9usw5tgxLbPnkS2LenGdH2vU5TQtDmgOA7wWLCiJZt5ghC7pxzTVfBd0ZAfUNu2gunv+U9yioqhJbPfREJe1vP9GLfVwzsHdawqgzWUOsuxPRw6rUn8dDP\/zo6ylxXuvXfvoUuQxWScustJF0B1\/eJpVeDsxff8v0DrW97vXCZr0+rkw2WJtRX8ll9uBm\/Y+SDWZnZy5fER7mQ7\/pV6o7YHjN6uMIdjTy0bdmhh4OYfAPHsAexD4vhBhHK9rYM1BxQi3p1VmY5Qtjwz\/XgslzCBedvt8Llaojk2qYv\/gA\/0oNl1TyNoWO5E8kXPvkCxkye81hjqjJY8WAcg59zHVZlpzHWE0f052tQ91u9SGZ8PsYPb0H0YT1sQOq1w0jq4a2fO4muSj7QHhmMfMn\/+pVQWH5TSN+xXU97qr9KLnWSZ8y3f\/I5bP8FfXc1iOCraP0qNTfr2tFUuj2AR3cdRGJjsLJ14uw4Qh\/bpdsj6xDbbVdv5ZsDtn\/+B+heZkuADMHE2NvYt9zCdy7j2mZ5l3eV47mM6nJFbeTyRPKxbfoOJtH16UnfHe69oDqDVajf\/w1cfKWwSpy\/OIzEo7UI\/dLT6H5jGvOm37k7C7h8+El86LU58SluQlfyx7i4f4mHtHJen7HPzAaTvbW83Xz0Y8PoWPYHPCC1rT5Z0fpVbOEm\/rceXIra5pfQ3RygAf7WOEZGQ+j4aO5vrr5tT+DmgFBNTcWh78fIfLI\/NRRolZ58rEXHF3LXMN98oxPdJi9TXEOqNljVxe8H38aNb\/cj5lf1vHcJQ\/t+HXXvfwSxo0HaYfN8sxfbfvNJ7237FkR++Ul85voTGPpLMc+\/\/w4Gmyu7fCb9p88684v8\/Aex7bVgl63Ybry3kim1fMtdv4rdmAvYzrc82fPnkKx9AR2P6wekipsDqkTeUc9yVHy5XMN+jDhfdljAsd87jJSRS+7WlioOVsuGx\/dj7O\/mMffXw+ja5ld5WN+Oemj7MNKVvIG\/3Y+L337be7swhfTfTWFi5CD2bQsvqXKIfOKrzvzS\/2seqc9WVj7Wh1er3Fya5a5fxcKbl3g9aiWySJ49h\/p\/syvvUq46\/O7v2RVs5V8WuGvc7aTLtKTPgPvLDnOvY9+fVXexsBKqMlgvfDr\/RyVCqP2V5zD4l+8i+\/dTSA7EEc1vNvthL7a\/UG1tOiFEXj6jv8AQ0P3\/RA+sBXL9vorBlTxhJj7Ypq\/3KHDrLYydq0Pio4VNPu4rLSr6ssDdFHqfoW1W4clCW961ralPv4AR54eC7g1VGazZn1xCutgb8WAYLWKP+H1RLaWT\/Ui4Pgs333gJg84Z5GpRi995Xv7ugI\/pNzA4mXegG37EVTXNV35N460FzC+s5u7FXdWtgLqwa3vMYbbS7ZEV2+MnpbdH9vxpTDTuzR32uz3cht91itY10hzg2WYVfiPxzk\/1gLR1acEqea5tvYR9fzge7Jr0daJKmwKy6nc2Swuhvnk\/Rn70Y9dJrjkkv1V9hx21j2\/zPTTLpkWldC3vQ1+3DS1Oi8d8xd\/CmT3+JOpevKTvrY7arU+I3cdKeQLbne\/9Z1Hxdzb+y4uoeyrvW2Ee8xj7yiSwcBrP67Zj7+1ZjMzb9d9aaQ5wb7MKv5Hobp\/d9qt4VA9WLu\/a1vMvonuyuo4nV1LVtrGmT50L+O0NeZLrLSTbrXdQfbWw2jS4K4gc+zcRvNxfdsjIb9JWJHUlY+jC\/Ao8ElnGB7CcEH7jt3MVfypT2Y4zfW1aXrlf\/Msd89\/C2MVmsYP+jtN2nH\/7\/g++gBY9+dpoDgghtiv3fd5UBZ+J2eu5abfvemp5O0zPta0LGHm+N\/CPu6x1VRms\/0z+Kv5MP4bs74eXJfaOO57Ww1Xo\/icx9K29eR\/ueaSm5lGvv77rtvX3XnCmreRDIX+TIHUxhO1bl3shZIUefAJ9n2u2frVoBdTGn3O+MJK+UslVCFmkLmew\/cPFv6Uwf\/YkLsgvpJT6oZsHn0bCrgDXSHNAqHWPUy2mL08HPveQ+ht7+7ahI7784xDPta0Lx\/H7R1f4KpIqUZXBWvsLMhiyONZT+XeOPT+cUjVC2PCzdhWqqUpJ\/OH5\/YJX46fQpz\/I6W9eEhEc0MU3MLSwB7EVbPL0V4voR8JiLVfIg3F02z9DeO4iLgStet47iT87vwWxotexzuPP35zCdlERl152WQHaldcaaQ54sBl9B\/Vn4fy3gm2zO5dwQf9MRf3LLyNhpLsW77Wt6c8cxpgeXs+qtilA+WEvEkeDVWzWhfVhUVmscrW2RLOjX8AFPVzI+tk79cc4dRp\/HuiM6gLGho\/joQN7l\/ULS9Uq+vLr6JDnQkTFmPyu9Vg5qS8N43Lbx9FR7Ntf753D16bC2P54+costO1p9QPN0lq5OqB+v33Z0zhGzpavWbNnj+OYnKxmL\/7zQYOX0Xmubb03VHGwiipPlBGpnifRcb7cac15jPzpJDY81499S\/7q6SpaGEdXT5kdhvhjnDgjf9B5Cn2Hy19GdvP8i+j67nMYKvLL+mueqMCOXZA7m4BHMplh7Dtag8GB4r9Tq4IXTcHOfNc+hYR9SLtWrg6Qlz0lrR108jOvlb5Q\/04GQ38sy9UmDF54HVvL7Zznb0CdEwt49LAiP+Rdxao2WCMDU7jx9z\/GxYHNmNj5q0i8MVckXLJIv7YTXXdewl98rrn0Id0KNZxX8u0U2RFeS8TuMK70D2RsaD2BKyNteN8bcTwlKvdi4Xpz8iV86Nk5dF8Q8y53+Oa5nCYYz\/rdKV\/5BJNF9v\/pwaDCYmdz4SVsne7Ftn1vFf22XXbmOFpahhEd+0bR33i4OXUY++TXliF\/bCfI9Ui12OAUtiLc\/8MbFXzbz301wzJ+kH0J753cZt\/\/0TC233wdLc+OY95vme8sILnvSfS9uwWD77yNrrL7ZvGZ+7J1xDX2xwG\/mJN3bet6V5XdX8seL\/vCU073GtnrkxjseQHHMpux7xN7EWvejA\/8nwz+23cvikr1OGYf\/yK+9SdPo9ZnLyt7ad32x9bZ95\/Oz7s+DCHUPpz7uurvHnsXgx\/RdwKQvZg+f9YaXnhvPhd699egtrZIvP9kPu+3DcIYvDpV9gdestffQtfuToz99Al0feI5bP\/wFvzyP53Hj8T6J788jOStXRj5Zj9aflY\/IZ\/sJfM3X7N+qeiWWAbXBztUW4satd0245Vvjzs\/AFJ0\/Tzbzfuc8mQvrZ34mhwUH+Z598aoqXW6YC77XvxkCkOffBZ9l+uQ+NTHEdu2BY8+nMXffvcSLoyKw9krYfT9xXHsa8x7H+ztkP\/arnV69I\/eRnKvvUJzOBZ7EkeuicGC5wghscxqmxduB\/f2k0E0\/55no+vnSWW24RLeO1+yl9YXX0D3X9Vg37\/7FFrk3xDkZ2gSR\/+9+Axt7cXpL+7H1mJ\/Q5K9LHnLYa+Pd9v5yWJi3yOIvbGAxJkFT\/c5601VBmtRdp\/o\/1NUO6EQQj\/7CLZvDasmg3tBdmFOneF1+oQP1SDykS2IyKso7kW3FpD+m0tI\/8TeHu9D\/Vb5i1r36PYIwv4M2X9DP1eHX3u8ydmprbiFDCb+6l08tPVpo79GV23WVrASEa0B1X1VABHRGsRgJSIyjMFKRGQYg5WIyDAGKxGRYQxWIiLDGKxERIYxWImIDGOwEhEZxmAlIjKMwUpEZBiDlYjIMAYrEZFhDFYiIsMYrEREhjFYiYgMY7ASERnGYCUiMozBSkRkGIOViMgwBisRkWEMViIiwxisRESGMViJiAxjsBIRGcZgJSIyjMFKRGQYg5WIyDAGKxGRYQxWWjl3Mhj6zVqEHqhBXewNpO\/ox91MTUNURe7L3l5Y1MNERs1\/5WnUffKSvgds\/+K7mPhYrb5nMTUNUTVhxUpEZBiDlVZM7Z7XMfh4yBpuHsbQnsIq09Q0RNWETQFERIaxYiUiMozBSkRkGIOViMgwBisRkWEMViIiwxisRESGMViJiAxjsBIRGcZgJSIyjMFKRGQYg5WIyDAGKxGRYQxWIiLDGKxERIYxWImIDGOwEhEZxmAlIjKMwUpEZBiDlYjIMAYrEZFhDFYiIsMYrEREhjFYiYgMY7ASERnGYCUiMozBSkRkGIO12pzvROiBmsLbY8OY1ZNIs0e3FDy2OuYw9FgNOs7ruyvGep2CbXB9GNEHOjGhp8qfLnp0Tj+u+WxPzzSe8VswdF0\/TrQMDNZq1NiP9O0FZF23ZLQXEVeQ1h+YQvad\/ajX99cVFZ5NGNk9XbgNNp1Ex9UTaFETylBtQnd0XE8zjmhPkyf0J86OI3EmNw95Sx2os0bK19k5jcGretwZMa9N7tAmWhoG6xrRckIEAHoR09VWQcVaUJnlAkJN2zmJic7ceBk+6nF7ejHezTPOqeR0kM0AYzvdld8kOpxpvfOS84keHXbGO69btNoWr\/FMLzAwnQtAZRJjo\/L\/DLqP6PlfP4eRmTAGX2m27qMZiXaxbGft159DOhVGNKzv5pk40ot0ez+6GvQDrQcx2DiOsSLVuNx+0aOTrgrZ2i7u7epsE7uydr8vcruox+3pGeLrFYN1zahDbHcY6WsZfd9FfnjdlZeo3BIYR8wdlqNxjO2wxqcHwioYI9f6remv9iMy2uscBsvgi5zak6uanUquDl3viNdphKoCreCToRoHnKpQjE\/FPYfb6Z6TiOplG2ktU23rsOxoc4eqDPReax5nxGuNnrYCqWE\/UrencsGowzexww7aDFLi35FNdpC5dwYydIHIRnfq1iESdQdzoXSPCP03rXVJtouQF\/Pu3qgra7Fs6Z7DrrAU78HZXdY4tY3jCG26gkF7O4kQ73ZtJ1o\/GKxrSH24CUhlCiu91hPig+oOGKty82jsR58INam+bQ8icFV6DW3oaBQhpDJ7En09wOCbruAT80+2+4fA7NFejIlxMjAtInzf7AfcAdO4BzFn2crIXEEaTYi4pp\/obELqkF6\/8Gax7NNIe9pC7XZWsfNwL8t1sU4zGUSd0LeaCtyhHw27Azw\/aH24KtyWHSLkEcegXVm37hI7NPey5W9jMf+Bg7oZo8SOktY8But64jrMjKnD5lK84eWQYSQPt11VXqn5qWCQlZhr2tAmcYitxy+XrJ5lReiEZYM4tNeDObKStsIzvbE318ygKlqrSrY0Y6SgqlymRhn0weUHOa1PDNY1ZDYzLT+ZhYfQdqCKQLOrs2R+xVoRUWk5zQq5m7fN00VUifnTZm\/bJ5gq5KpIZajGxOG053VV8BfZKQiqGp85iaSnonVR889JZbxVOCtIMoHBumbMIXkq43uoOnvuJNI63HLV2RKpitBuFihPLY9f88RS6WYJWTHLNuD8MLdOOO2yQludGCp+Asj3JJlsalBVptWe6g1Sq90110ZLtDQM1jVCtjN2ox\/JYlWjK9xUpVe2KaCYZvSpk1vuwLLO+vtdu1p\/oB+JmdzVCpJvoAVmtdH6HV7Ls++x0TiSJ3Tw6bP4ubZf64oC+0y\/Vb32os9ZbrEeO8eROGS1H7e84j1ph\/OH0T0TR2K5Oye65zFYq5EIg4i7zVLc5CFxsTPp9QfG1aVY9nNkpSfP\/Dtnzyskz9rLk1Ux5\/Wts\/5WNWyddJFXFViXVTVj5Ko8WdXkLKu6oqDENbYlg1c2azwDJOWVDXltt2obeJoYZNuqdULKmkZf02oHr2xjFcuWksuqxseRGnC314rx6ooHPV5dWbHEJgwil\/vE4eOiHiYiIgNYsRIRGcZgJSIyjMFKRGQYg5WIyDAGKxGRYQxWIiLDGKxERIYxWImIDGOwEhEZxmAlIjKMwUpEZBiDlYjIMAYrEZFhDFYiIsMYrEREhjFYiYgMY7ASERnGYF2jVPcmqmuUfMX7pypkclo5fkuu\/6hKyE4BPV21WK9ld8nivkXt\/q1cXX07N8\/28M7DeR7RKmCw3tOaMWKiZ9flkKG6c1zfsVnL5e5OW\/XhhTgGdWeKsmdaDEx7pnH6upKdCj5m9W9ljbP6xQq2AyFaPgbrPUBVt0715q4q86tQGUi5Kq\/jqKwK86rQs7LLaXsauydXOZ84xmB1W23NL3\/e+XRFuXMaifbCLr09RHUa68kgcSbX0Z\/stjoaLtJjre5t1Q5hp+fZs34Vfq76l73AOusultuz3VzVsJwuenTSta2sbeR+PivkexuDdZ2T4aB6TbWrOtUrqX9f\/HYX29a004ie6kVaj7ONpTY742XX0zG7p1bZqyrCGLxqV8Dlq+Goqiin0LdRP1DExBHZpfW4a15zSKfCSL2aCzJ38M1mpoHGzZ4utOvDTaV7rR0VO4Yd1jaS1bHshVb2dqu22dW8brKFdE8v8KY1fbLd2qF0b9QV8pm4GH94ST3k0vrAYF3L8rqHtm6ycrRNoq8HGHzT1RV16wnVtXWuL37bJMZGRTA609ah61BcDbnZffLb3WAjlfHvxrqsZnQ5FWUJolrtlsv1in2YL2WQmskAu+1DfRHyKbEt3G2s0bC3++2wN2gLNPajTwd3fdseMa3rNRva0NEoXlO8pKO9H10N1mDLDrmdXBVy6y6xk5lGeintzbQuMFjXMhGQVrC4b7Jy1K6LMNCH5+7wjY3q8W5q2iZEdFgo5cJoFci21HTjHsTcy6Wr4ZQTzGIn8GZhVbk8eduinLwKme5tDNZ1zzo8zw\/gXChVszkkT2UQ2d3mrT79NIQR1YNKfiWduVLQrEG0Uhis65kKm7xD2GLUtHmHr3c7jK6fw8hMGB1teTsBeSWBc+JMc1Xcqj11xrvsqt21fZdz8otoJTFY1zV9NnynO4SKna1vRkKehHnGvp50DkOv5l8GtcpUsPsckqs2THc7sVjWZ3qBgYNWcLYeVCfWcuNlW3MGiR3udlqilcNgXefqD0ypk1Uxp401DpzxP1vfcmIag+hFRE3XhNTufkQCtzXqYN5kX2pU7nKr8vzO7lusqxDktanWOjWhOzrubXN9xz3euqb1rl6vS\/eU+7K3Fxb1MJGX\/HbTpisYvJ27fpSIymPFSlphhWldP8p2SaJKsWKlnPyvl8rLuZyviRJRUAxWIiLD2BRARGQYg5WIyDAGKxGRYQxWIiLDGKxERIYxWImIDGOwEhEZxmAlIjKMwUpEZBiDlYjIMAYrEZFhDFYiIsMYrEREhjFYiYgMY7CuUxOdNd5+9iXZI8ADdtcpLn6d8\/mYPboFocfsPrFKKzetGp+\/fIHMYegxvy5frB\/qtrv4LvvaAdeDaCkYrOtUy464fxfQjWHg1DnP48X7lvKS\/Wdl39lfvivqFSNDtQndM\/quQz4ex5j8YW7dvXcy2ovIkoKbaPkYrOtVWATlzEkkXd1ZT5wdR+LQODrgfjy\/7\/68ys8VTgWVnqp0cxXiUEGVfAV9orq0p7ErZTmfSE8GGI078wtU4apOA+NI6Mcc5w+LsI0j6ertoOWECNiAvR+o6v6BLRjS28S6by\/z8LI7RaR7D4N1vWpoQ0djRhat2iTGRJAlWusQiWYwcs5uDhDTOH33y1C1enG1Kr9pDKbihU0HkmxW2CmC2p720BV0j+pxtplx4JAefyaOdE9chZesfNMDonKWFaaugMtXw3uQlPM5sUvfz5E7DCyxby4ZorFUP9K3p9DVYAV4TGwn9VriNnitF2N6WqKgGKzrVh1iu8MYO6sryOsiQPXhvmwmSNvNAfJx3cX17FERIiLsct1E16HrzX6g53BB++vsuZNIu6dVffnrYVtjP\/qc8btEpekO+srUH9hfMjgjG8OeSjNI+23aDlEn0K3qPXEm1yttyyuyC3CiyjBY17H6cJPTziqDEPbhvgy5mStI68ftnljT1\/ThuR1O8rapV02XT04rwyxHVsJ68C5I9zRhbIeujnWlXTJcZ3oRk80RnkrXqt6j7tVqEPf1IFFQDNb1zAlQWYlBH+5LzUiIanPsvE9Auk4A5W65Cq5aRQamvZX2objYSZwucaWDPNwfR0LsSNh+SqYxWNc1HaBHz2Fkxjrct8kwTWWGMTZqt69ajxVcSVCEnFZVuI45pFN6cJUVLksAqlmkGX0DYYzttC81E9Wpp11aUE0lRJVhsK5zKkBP5Q73bfVte4CeXow17kFMB279gX5R4YpDZNfJqmJn6+XzI+5qT52Z18OrTC23p\/Kcw9CrwU5o1R8Yx2DjOGKq2UC3SztBC0wc8W8KISqFwbrOqQCdySCxI+\/SI3XVgPg\/GnadiW\/GyFV5sqrJaWONnNqDtN\/Z+ob9SJ2JixDSbbGvbsZgu656A7CD2f5iQrnLrUoTyy0O62Evi7osazzg5VbWCTp7JyGvTkiKKj+m1797owhtWcnq1VrectK94r7s7YVFPUy0LPKsfPfGaaQO2G2564G8BK0X0avW5VhEQbBipSUpqNyuD6Pb1V67Nllfl3Vft6suQXM1lxAFwYqVlij\/66VhDK6Hqk5+8cF9iVljv39TCFEJDFYiIsPYFEBEZBiDlYjIMAYrEZFhDFYiIsMYrEREhjFYiYgMY7ASERnGYCUiMozBSkRkGIOViMgwBisRkWEMViIiwxisRESGMViJiAxjsN5N5zt1VyJ5N4Ndf6xeVyLyl\/ZrVqTH02Wtg\/x91Qe2YOi6vr9s1o9hs2dXKoXBerfJH1LO6246Ge1FxFAYyj6csvyhZqJVxWCtQi0npjEIb2+pdkXoVLWqV1Fb8XH51Z7sl8qeLnp02FNlqmk7h1VFlpumfI+tHmddVbh7Wp\/KUS2Ls6yl1s\/LWof8KlQ+v3hlmjoilt1vuaS8Iwd3NSpfq0Nsp6ga9yg+2mT1miA7UZTbRm0T13ML5+FdL\/f2lEq9H7R2MVirktUNc66vfPnhjANn7KpWBG8qrj+k8tA0jtTAtM84LxkCsdE4kroyHrzWizE9zjHai9Qh\/Tpn4kj3xJ2wClL9jo3CmX\/wyjv4OsggiqVklV9JNzAZsZ79et7j3i6+ZajuzC1z9mo\/Uju9AT3WcwWDavyP8PVpsWyNQEK8F7LTRLVN7OeKW7JdPEEchfS1ymda71tuvcYR7Wly1ivQ+0FrEoO1StWHm0SZlVGhpDq0ax\/HiPqwSlaXzeg57PR\/nyPGvWN96L3mkDyVEYFwwulrv+WVfkT0sMMJBaF1FxIilMRiBFYw\/5mTSBapIovzX4e0HUQVN22EMfiK3RV2MxIi\/Kydlgj0V0XQupZZduudHAC6j7gq5vZdufGliJB2L5\/VEWE\/ks56NGNE7azk+xbw\/aA1icG6BqgQEB9Y+5BR3ZwO70QIHZIf1ibr8aIVogjImVz\/+EqDuK8HzfCbf5BgDrAOssrsETPyhJx1IsnaJnFR7WXQvcm+3+mz08knt4l1WG89x7pF5OtUSjZ17PSGtHrfxAbx7ATCm3V4rsb7QXcLg7VKzWamvR9KUbG6Dzmtm\/4Qt56w7ovD2IgIoIgMiBJtlFWp7DrIQ2YRXGIHk2uDtCpba1uIcaqnWPu+qwotQx7WW89x3U7YFW4Q4pBf7OggDvlzRxV0L2OwViXrMDGy0Spn1P+6WaAkcRibkqEgDjcxejqvYhPVUGNe9Xhd3NeDZvjNP68qK6fYOjTKSq8ZfQNhUWEGqUaDkNtEbtrCttxKTHSKatlzyG\/xfd8yV\/SRxmq8H3S3MFir0ERnE7qR+6DWH+j3nnARcmforcNh94meibPjPu2C1gkxdyhNHHH1n2\/I2Kv2YbxYrmfE\/Nv7rZNMullg5JxeTnHo3D1qDdqH9OXXQW6LcQw2jiNmpCK3myByJ+j8lqUU5wSUT7tv4fsmKtud44gMHBTrtTrvB90dDNa7zT7sdd1iEIf9ng9qM0bEITLsNkhxi5zag7SaRoSDOpGVG6fOmvscysoz2Ml2EUp6uu6N4oNfQUWZC\/NixKH47it6faydQ2457BM3ejmfAQZF9WkJvg72tBFPk4Ak5l\/RlQJa6wmk5ckqp222CSO7p31O\/tnsQBTTdn5VHVlAvF\/2NrVvVjDLZbKuBLAet64QsOe93PeDqtd92dsLi3qY7jnycqBeRK8uIZBoBfD9WC9Ysd4zCg9xrcuB9iDGD\/FdwPdjPWPFei+RlwQ5l2kJ8uu0FV8TSsbw\/Vi3GKxERIaxKYCIyDAGKxGRYQxWIiLDGKxERIYxWImIDGOwEhEZxmAlIjKMwUpEZBiDlYjIMAYrEZFhDFYiIsMYrEREhjFYiYgMY7ASERnGYF0FqkuTEt0xlxvvZf1AsrdbkspMdNYE7sW1kmmV8526GxL7tsXVn5Qgx5fs3sUr+OvLX99f3nYxSy5P3rovQ8XvA91VDNbV0jiNbr9AEUGzpH7sl6HlRKXdOwckQ3MnkHR3I32mSfUntdTAW7FlJVpBDNZVswcd0ZNI5lUwsjfSRHtc37NZVam78rO68JCPi6CagerMLtetR9707gCXv1Iv7g\/JikeOE1VPfvWj7tvP1dP4KdeZoG\/Pqq0nkGwXy3tWzFMFr5hGdaDo6p20xOu7l1UOR48Oq8rUnrZUYFtHAva03upxqePyeZfdXidZrcYxhkzeTsWqqp3p87dzXrVfPdU3VYrBuopiO5py3T8rkxgbjSOxQ99VdHhGx52qLz0Q1l0016HrnWkMNgKJMwu6t09retmzqD19MiqCy\/2hFUE2slGPz6v+ZDCoHlH1c63+\/PN7QLXIXkW9vcd6qX70R3sLgsipOkXIqvnLLkhun1ABXMnrS+mek4hetaaV28XdfbSbDEfVk60zX1k562nVUUJTrrIOOi6PfA33sqcHphFTOx6rd1bZ4+qgWNaRVjm1FbYQ75ua723xPqbiuZ1jfrV\/tR+pneaaEmh1MVhXU+suRE+dy1V8509jrKDvfBme4oPlCsD6tj2I6OEC5w+rbqaTru6aW06ID7Un4MLoaPPvzlmFnjssxTIm9GClrO6crSqtaFWWp+LXb+93ejC1tss00gXhM4m+HmDwTfd8ZeU8jm5X530OGfg66AuUGpen1I5HdRQoXt8KWcnu8vuwCG2xc3xVvGdnXK\/TsB9J2S33kdLbj6oTg3VVNSPhag5QzQA7ircfOoeZ7g7n8sxmpvWhtSvM1GFoZXKHv5U\/100FpV2RicpaVp9yvuUOa029vnI9g5Q+DM9tE1EZj+rxrQfFsuX68\/csW6lxeeoP9CPhbPvS1WX6WsbZFs7NeV\/F8urmHff41W57J3MYrKusZYc4tFRViG4GcCqYHDtQncNMcVhYtGKV1KG1HWj2LVjf9Hag5Q5\/5SGsCbryFvNUh+yv+rfNrtzrW4fh3m1iN5\/klk21\/6pAs4Ox1Lh88pBfTit3InaQ+zcbKKJidS+LdctVqbJ5p2A8T9ytSQzW1SYPdUdPY8K3GUCSgatDIUBXyPXhJlGxXila0ZY2h+SpjP5ABzvcLa745U7Fl9Hk67s0hBGVVWCAgs+qsK1g9LZ\/lx7nZYex3CmMY8xnG6j2Z7FA\/if+xPKK6j6VKfUatJYwWFddMxKicontLNUM4A4FEVglmgKcQ1d3W6Y6u1yicsqT+0DLE2FLPRRvRp86mZRf3Vnth5GBg0WD08zru9nL4t4GruDP3z7Xz2FkRrdDlxqXR1Xb7qsk5M4S\/kchdrNBzNXGm3u+COZDcX2CUo9U28J95QetJQzWu6Blh7y8yv8DqA4vz4hwcdrbehG9Kishu2qqQ2y3DA0xToWprJbEeHf7nTq7HKQCFM9VJ1Ca9HObkDpktY2qy6PyFARJHnXyRl+36iyLmqd9CC7Iil21S8oAruz1K2GdSMu1lcq2W3lGXp080ieynHFixxU9o5tOSo3LU39gHINwtW\/vFMt+1d7ucgdqNQ9Y4Sje16vuda2xrlqwj0rE66blySpn21lXejjbjdaU+7K3Fxb1MBERGcCKlYjIMAYrEZFhDFYiIsMYrEREhjFYiYgMY7ASERnGYCUiMozBSkRkGIOViMgwBisRkWEMViIiwxisRESGMViJiAxjsBIRGcZgJSIyjMFKRGQYg5WIyDAGa1Wz+mmyu\/KQt3LdSLuV60pleQqXzbqV7gZ6Wa4PI2py\/qbn51J62xfveJHWBwZrtVKd2ln9NDldIV\/tR2pnNXUwV9jFtNVvU\/CODInWIwZrVRIVjezF1e78ztawH6kzsjfPwwW9j9oVY+nQLT6trLCiR4ed8R3nl9ZLaH3bHkT0sDTRKeYl5htV8xXV4X8trBLlNFbHiBZ1Xy+HX2+zqSOiGrTH51eFaoeUe35+Veied\/TIFf1oEaqitafvxFBBFRp826sK1p6287R+lNYrBms1KtGNsuzNM9cHv\/xgx5EamNYV4ziiPU1FPuDlp033nERUV6AjrVZf+ZX2Ejp77iSQ19X1WM8VDKrXnELXB\/WDRcgAiqX6kVbTywp4GjFPmGXEtul31sHTpbQMVdVDrfVcq8LPhbgM1dy8p9GRGi\/erbjcXpt6xbro7XV1M0Z6nD7JheDbXq5TRIyzlyuJcQNdfFM1Y7BWodnMNNC42VP5+Zk92ouxxn4knfCzus72VrSWQNM27kHMp5vn4qzunZ1KTNwiInzS19wBJLTvCtAVtz\/VpbbdRbQSxuArzXpYdjEtdgjq9USF\/aqs8l3dfosKPymbJo7IangSY6NA4pA9L6vr7aLbWO7c3NtLzGtQvJYt+LafQ\/JUBhHXzqblhOzOnNYzBusapgIlGnaFjhD2D+RKpg2usI01K8IFo71LPiFUf6BfVaFWX\/2VnFjKIDUjquOdhUGvXBfjxfKKTZDTIO7rwXxq55a3vSIbc08Ovj2t5YqG3ZW\/eN1GPUjrEoO1CtWHm4CZKyUOU6tY60EMNmYwcq54e2NpovJTIT2t5mNVxMFPhsl2aU\/Qy9sJu8IlWh0M1mrUukscKo5jzO9yHNclQqqCSmW8J28y\/oFcybQmeCu0pbDaeFU7arFt4WFVgalMkUBX1amoHnUBq6gq1p\/aueVtL3cTR\/Dt6bdcVhVL6xeDtSpZ7XXysNZzVluG6qZepNv70dWQO2x2Tt7IEyo7xz3tebZKpl2W84fRPVPkxJukA86paMU6dY9ag1LB9Z+lTuR5iCA+JNs4467mA\/eVDc3oGwhj7FV73mLcM2JbqmEfcufm3l55yxl8e9rLlWt7negU760epvWJwVqt5Nl\/fd2q02YoQjUqD3WdQ1t52Gydjbamsc5S+5\/Jr2RaKcjlVoUnr0I7xSH8VdcJpAL2SR69HM8AgyLwbPUHxjEIu401yPxcxDazrqPVz32gCSO7c+soT4Qlo\/a8m5DaXeLklVxOsf1hL+emK+iQy+m0q1awPdVyTSOmpqtB90YRynoUrU\/3ZW8vLOphIipBXTZ1rZ9ttlQWK1YiP+qLBu6TZpPo68kgsYOhSuWxYiUqQn2hwNWuWvBNOKIiGKxERIaxKYCIyDAGKxGRYQxWIiLDGKxERIYxWImIDGOwEhEZxmAlIjKMwUpEZBiDlYjIMAYrEZFhDFYiIsMYrEREhjFYiYgMY7ASERnGYCUiMozBSkRkGIOViMgwBisRkWEMViIiwxisRESGMViJiAxjsBIRGcZgJSIyCvj\/thQ2UGKqLYQAAAAASUVORK5CYII=\" alt=\"\"><\/p>","protected":false},"excerpt":{"rendered":"<p>ATH a\u00f0eins 1 stk til \u00e1 lager<\/p>","protected":false},"featured_media":70624,"comment_status":"closed","ping_status":"closed","template":"","meta":[],"product_brand":[],"product_cat":[518,543,816],"product_tag":[1012],"class_list":{"0":"post-37175","1":"product","2":"type-product","3":"status-publish","4":"has-post-thumbnail","6":"product_cat-honnunarlausnir","7":"product_cat-fataskipulag-honnunarlausnir","8":"product_cat-fataslar-og-standar","9":"product_tag-frost","11":"first","12":"instock","13":"taxable","14":"shipping-taxable","15":"purchasable","16":"product-type-simple"},"_links":{"self":[{"href":"https:\/\/vv.webdev.is\/en\/wp-json\/wp\/v2\/product\/37175","targetHints":{"allow":["GET"]}}],"collection":[{"href":"https:\/\/vv.webdev.is\/en\/wp-json\/wp\/v2\/product"}],"about":[{"href":"https:\/\/vv.webdev.is\/en\/wp-json\/wp\/v2\/types\/product"}],"replies":[{"embeddable":true,"href":"https:\/\/vv.webdev.is\/en\/wp-json\/wp\/v2\/comments?post=37175"}],"wp:featuredmedia":[{"embeddable":true,"href":"https:\/\/vv.webdev.is\/en\/wp-json\/wp\/v2\/media\/70624"}],"wp:attachment":[{"href":"https:\/\/vv.webdev.is\/en\/wp-json\/wp\/v2\/media?parent=37175"}],"wp:term":[{"taxonomy":"product_brand","embeddable":true,"href":"https:\/\/vv.webdev.is\/en\/wp-json\/wp\/v2\/product_brand?post=37175"},{"taxonomy":"product_cat","embeddable":true,"href":"https:\/\/vv.webdev.is\/en\/wp-json\/wp\/v2\/product_cat?post=37175"},{"taxonomy":"product_tag","embeddable":true,"href":"https:\/\/vv.webdev.is\/en\/wp-json\/wp\/v2\/product_tag?post=37175"}],"curies":[{"name":"wp","href":"https:\/\/api.w.org\/{rel}","templated":true}]}}