{"id":37555,"date":"2023-06-08T19:05:33","date_gmt":"2023-06-08T19:05:33","guid":{"rendered":"https:\/\/vv-dev.webdev.is\/uncategorized\/product\/skil-vinnuljos-hledslu-led-2156ca-stakt-an-rafhlada-eda-hledslutaekis\/"},"modified":"2025-02-06T14:16:41","modified_gmt":"2025-02-06T14:16:41","slug":"skil-vinnuljos-hledslu-led-2156ca-stakt-an-rafhlada-eda-hledslutaekis","status":"publish","type":"product","link":"https:\/\/vv.webdev.is\/en\/verkfaeralausnir\/rafmagnsverkfaeri\/vinnuljos\/product\/skil-vinnuljos-hledslu-led-2156ca-stakt-an-rafhlada-eda-hledslutaekis\/","title":{"rendered":"SKIL Vinnulj\u00f3s Hle\u00f0slu LED"},"content":{"rendered":"<p>12VCRI 80H&#225;mark 850 LumensSn&#250;anlegur5000 K24 x 0,5W LED0,7kg &#225;n rafhl&#246;&#240;u<\/p>","protected":false},"excerpt":{"rendered":"<p>STAKT\/\u00c1N RAFHLA\u00d0A E\u00d0A HLE\u00d0SLUT\u00c6KIS<\/p>\n<p>Tegund:&nbsp;2156CA&nbsp;<\/p>","protected":false},"featured_media":37554,"comment_status":"closed","ping_status":"closed","template":"","meta":[],"product_brand":[],"product_cat":[515,592,748],"product_tag":[],"class_list":{"0":"post-37555","1":"product","2":"type-product","3":"status-publish","4":"has-post-thumbnail","6":"product_cat-verkfaeralausnir","7":"product_cat-rafmagnsverkfaeri","8":"product_cat-vinnuljos","10":"first","11":"instock","12":"taxable","13":"shipping-taxable","14":"purchasable","15":"product-type-simple"},"_links":{"self":[{"href":"https:\/\/vv.webdev.is\/en\/wp-json\/wp\/v2\/product\/37555","targetHints":{"allow":["GET"]}}],"collection":[{"href":"https:\/\/vv.webdev.is\/en\/wp-json\/wp\/v2\/product"}],"about":[{"href":"https:\/\/vv.webdev.is\/en\/wp-json\/wp\/v2\/types\/product"}],"replies":[{"embeddable":true,"href":"https:\/\/vv.webdev.is\/en\/wp-json\/wp\/v2\/comments?post=37555"}],"wp:featuredmedia":[{"embeddable":true,"href":"https:\/\/vv.webdev.is\/en\/wp-json\/wp\/v2\/media\/37554"}],"wp:attachment":[{"href":"https:\/\/vv.webdev.is\/en\/wp-json\/wp\/v2\/media?parent=37555"}],"wp:term":[{"taxonomy":"product_brand","embeddable":true,"href":"https:\/\/vv.webdev.is\/en\/wp-json\/wp\/v2\/product_brand?post=37555"},{"taxonomy":"product_cat","embeddable":true,"href":"https:\/\/vv.webdev.is\/en\/wp-json\/wp\/v2\/product_cat?post=37555"},{"taxonomy":"product_tag","embeddable":true,"href":"https:\/\/vv.webdev.is\/en\/wp-json\/wp\/v2\/product_tag?post=37555"}],"curies":[{"name":"wp","href":"https:\/\/api.w.org\/{rel}","templated":true}]}}